{"id":1080,"date":"2016-03-13T21:05:38","date_gmt":"2016-03-14T03:05:38","guid":{"rendered":"http:\/\/grimosa.com.mx\/?page_id=1080"},"modified":"2021-06-16T15:14:09","modified_gmt":"2021-06-16T20:14:09","slug":"multipanel-monterrey","status":"publish","type":"page","link":"https:\/\/grimosa.com.mx\/en\/multipanel-monterrey\/","title":{"rendered":"Multipanel Monterrey"},"content":{"rendered":"<div data-elementor-type=\"wp-post\" data-elementor-id=\"1080\" class=\"elementor elementor-1080\">\n\t\t\t\t\t\t<div class=\"elementor-inner\">\n\t\t\t\t<div class=\"elementor-section-wrap\">\n\t\t\t\t\t\t\t\t\t<section class=\"elementor-section elementor-top-section elementor-element elementor-element-2592c102 elementor-section-boxed elementor-section-height-default elementor-section-height-default\" data-id=\"2592c102\" data-element_type=\"section\">\n\t\t\t\t\t\t<div class=\"elementor-container elementor-column-gap-default\">\n\t\t\t\t\t\t\t<div class=\"elementor-row\">\n\t\t\t\t\t<div class=\"elementor-column elementor-col-100 elementor-top-column elementor-element elementor-element-5bed85c2\" data-id=\"5bed85c2\" data-element_type=\"column\">\n\t\t\t<div class=\"elementor-column-wrap elementor-element-populated\">\n\t\t\t\t\t\t\t<div class=\"elementor-widget-wrap\">\n\t\t\t\t\t\t<div class=\"elementor-element elementor-element-ce02e98 elementor-widget elementor-widget-spacer\" data-id=\"ce02e98\" data-element_type=\"widget\" data-widget_type=\"spacer.default\">\n\t\t\t\t<div class=\"elementor-widget-container\">\n\t\t\t\t\t<div class=\"elementor-spacer\">\n\t\t\t<div class=\"elementor-spacer-inner\"><\/div>\n\t\t<\/div>\n\t\t\t\t<\/div>\n\t\t\t\t<\/div>\n\t\t\t\t<div class=\"elementor-element elementor-element-353d6c4 elementor-widget elementor-widget-spacer\" data-id=\"353d6c4\" data-element_type=\"widget\" data-widget_type=\"spacer.default\">\n\t\t\t\t<div class=\"elementor-widget-container\">\n\t\t\t\t\t<div class=\"elementor-spacer\">\n\t\t\t<div class=\"elementor-spacer-inner\"><\/div>\n\t\t<\/div>\n\t\t\t\t<\/div>\n\t\t\t\t<\/div>\n\t\t\t\t\t\t<\/div>\n\t\t\t\t\t<\/div>\n\t\t<\/div>\n\t\t\t\t\t\t\t\t<\/div>\n\t\t\t\t\t<\/div>\n\t\t<\/section>\n\t\t\t\t<section class=\"elementor-section elementor-top-section elementor-element elementor-element-2fc2fdc2 elementor-section-boxed elementor-section-height-default elementor-section-height-default\" data-id=\"2fc2fdc2\" data-element_type=\"section\">\n\t\t\t\t\t\t<div class=\"elementor-container elementor-column-gap-default\">\n\t\t\t\t\t\t\t<div class=\"elementor-row\">\n\t\t\t\t\t<div class=\"elementor-column elementor-col-100 elementor-top-column elementor-element elementor-element-302071a9\" data-id=\"302071a9\" data-element_type=\"column\">\n\t\t\t<div class=\"elementor-column-wrap elementor-element-populated\">\n\t\t\t\t\t\t\t<div class=\"elementor-widget-wrap\">\n\t\t\t\t\t\t<div class=\"elementor-element elementor-element-5398c26c elementor-widget elementor-widget-text-editor\" data-id=\"5398c26c\" data-element_type=\"widget\" data-widget_type=\"text-editor.default\">\n\t\t\t\t<div class=\"elementor-widget-container\">\n\t\t\t\t\t\t\t\t<div class=\"elementor-text-editor elementor-clearfix\">\n\t\t\t\t<p style=\"text-align: justify;\">La construcci\u00f3n de un edificio, centro comercial, f\u00e1brica, conjunto habitacional o vivienda particular e individual no es un asunto sencillo, pues requiere de una gran planeaci\u00f3n, organizaci\u00f3n y dise\u00f1o, adem\u00e1s de ofrecer comodidad y seguridad a los usuarios o habitantes. Ya sea una casa o un edificio con fines comerciales, industriales o recreativos, la seguridad y practicidad de la construcci\u00f3n es fundamental, as\u00ed como la rapidez con que se pueda construir debido a la alta demanda de espacios para todo tipo de actividades. Y por supuesto, el ahorro de gastos es importante en todo proyecto para no exceder el presupuesto asignado.<\/p><p style=\"text-align: justify;\">Por lo anterior, un producto que es muy utilizado y requerido por las constructoras y los particulares hoy en d\u00eda es el\u00a0<strong>multipanel Monterrey<\/strong>\u00a0o Multypanel, un material com\u00fanmente utilizado para techos, muros o cubiertas tanto en interiores como en exteriores, e incluso para construir peque\u00f1os m\u00f3dulos o casetas temporales. Es un producto muy recurrido por su practicidad y rapidez en la colocaci\u00f3n, su f\u00e1cil manejo, beneficios como resistencia, calidad y est\u00e9tica y el ahorro de tiempo y dinero en mantenimiento, construcci\u00f3n y acabado.<\/p><p style=\"text-align: justify;\">Puede decirse que este producto es un sistema integral dise\u00f1ado para la construcci\u00f3n que est\u00e1 formado por un conjunto de paneles. Se conforma principalmente de dos l\u00e1minas met\u00e1licas (de acero galvanizado, por lo general) entre las que hay un n\u00facleo formado por espuma r\u00edgida de poliuretano, este conjunto a su vez est\u00e1 recubierto por un par m\u00e1s de l\u00e1minas de diferentes materiales, que pueden ser acero, aluminio, fibra de vidrio, vinil, entre otros, dependiendo de su uso. Esta composici\u00f3n provee al producto de aislamiento t\u00e9rmico y ac\u00fastico, impermeabilidad, resistencia y facilidad para su colocaci\u00f3n o adaptaci\u00f3n a diferentes entornos, construcciones e incluso formas.<\/p><p style=\"text-align: justify;\">El\u00a0<strong>multipanel Monterrey<\/strong>\u00a0puede utilizarse como muro para formar divisiones, paredes o bardas en almacenes o bodegas, como techo o barrera para proteger productos o en viviendas para separar habitaciones y darles aislamiento del resto de la casa o edificio. En general, es un material que puede ser empleado en cualquier tipo de construcci\u00f3n y para pr\u00e1cticamente cualquier tipo de uso.<\/p><p style=\"text-align: justify;\">Debido a su popularidad, practicidad y rapidez en su instalaci\u00f3n, pero sobre todo a su variedad de usos, es un producto que se ha ido perfeccionando y especializando dependiendo del uso que el consumidor requiera darle, por ello existen diferentes tipos que se describir\u00e1n a continuaci\u00f3n.<\/p><p style=\"text-align: justify;\">El multitecho (o Multytecho) es un panel dise\u00f1ado para su uso como techo, principalmente en edificios o \u00e1reas industriales, f\u00e1bricas, maquiladoras, frigor\u00edficos, centros comerciales, centros deportivos, etc\u00e9tera. Es completamente impermeable y posee una gran resistencia estructural y capacidad de carga. Por su uso suele ser completamente de acero.<\/p><p style=\"text-align: justify;\">El multimuro (o Multymuro) es un panel fabricado para la construcci\u00f3n o instalaci\u00f3n de muros, paredes, bardas, fachadas, divisiones, canceles, entre otros. Tienen una gran resistencia estructural, aislamiento t\u00e9rmico y ac\u00fastico y requieren poco mantenimiento, el multimuro es muy \u00fatil para laboratorios o instalaciones que requieran una temperatura controlada o cuartos que requieren poca filtraci\u00f3n de sonidos. Sus acabados son variados, desde vinil hasta acero, pasando por fibra de vidrio y aluminio.<\/p><p style=\"text-align: justify;\">Tambi\u00e9n existe el Aislakor, un panel utilizado principalmente como aislante t\u00e9rmico debido a sus componentes: n\u00facleo r\u00edgido de polisocianurato, hojas o l\u00e1minas de papel, vinil, aluminio, fieltro asfaltado y fibra de vidrio. Es un panel muy ligero y por lo tanto f\u00e1cil de manejar e instalar, pero muy resistente al mismo tiempo. Puede utilizarse tanto para techos como para muros y puede ser pintado, repintado o impermeabilizado sin problemas, pues es compatible con casi cualquier tipo de producto para estos fines.<\/p><p style=\"text-align: justify;\">Estos tres son los tipos de\u00a0<strong>multipanel Monterrey<\/strong>\u00a0m\u00e1s comunes y utilizados hoy en d\u00eda, sin embargo, existen algunos otros paneles con caracter\u00edsticas m\u00e1s espec\u00edficas por lo que se suelen utilizar para cierto tipo de construcciones o para fines m\u00e1s puntuales. Algunos tipos especiales de multipaneles s\u00f3lo se fabrican bajo pedido debido a su especificidad en cuanto a caracter\u00edsticas, uso o forma.<\/p><p style=\"text-align: justify;\">Entre estos tipos de multipaneles est\u00e1n: el Refripanel que es un sistema ideal para la construcci\u00f3n o adaptaci\u00f3n de c\u00e1maras de conservaci\u00f3n, congelaci\u00f3n o frigor\u00edficos ya que su conformaci\u00f3n le da una mayor capacidad de aislamiento t\u00e9rmico; el Arquipanel, dise\u00f1ado particularmente para fachadas, ya que por su acabado especial con pintura de alta durabilidad y resistencia a los rayos solares, el polvo, la lluvia y productos abrasivos, ofrece al usuario un largo tiempo de vida \u00fatil; el Imperpanel es un producto espec\u00edfico para su uso como techo o muros met\u00e1licos con un sistema de uni\u00f3n engargolado.<\/p><p style=\"text-align: justify;\">Como se puede notar, el\u00a0<strong>multipanel Monterrey<\/strong>\u00a0es el producto ideal para la construcci\u00f3n cuando se requiere rapidez, practicidad y cualidades como hermetismo, aislamiento y resistencia. Cabe mencionar que es una muy buena opci\u00f3n en lo econ\u00f3mico, pues el uso de estos materiales ofrece ahorros considerables en mantenimiento, construcci\u00f3n y acabados, sin contar la facilidad que implica su colocaci\u00f3n y manejo.<\/p><p style=\"text-align: justify;\">Te invitamos a comunicarte con Grimosa, ya sea v\u00eda telef\u00f3nica, electr\u00f3nica o acudiendo a nuestras instalaciones. Nosotros te ofrecemos apoyo en tu proyecto de construcci\u00f3n y realizamos un plan que se ajuste a tu presupuesto e incluso que se lleve a cabo la construcci\u00f3n con un ahorro considerable.<\/p><p style=\"text-align: justify;\">Entre los servicios que en Grimosa ofrecemos est\u00e1 la colocaci\u00f3n de cualquier tipo de\u00a0<strong>multipanel Monterrey<\/strong>, recuerda que nuestro objetivo primordial y especialidad es reducir el costo de construcci\u00f3n de cualquier proyecto, por eso ofrecemos el uso de multipaneles, producto para la construcci\u00f3n que genera ahorros durante el proceso de cimentaci\u00f3n, construcci\u00f3n y durante la vida \u00fatil de la edificaci\u00f3n.<\/p>\t\t\t\t\t<\/div>\n\t\t\t\t\t\t<\/div>\n\t\t\t\t<\/div>\n\t\t\t\t\t\t<\/div>\n\t\t\t\t\t<\/div>\n\t\t<\/div>\n\t\t\t\t\t\t\t\t<\/div>\n\t\t\t\t\t<\/div>\n\t\t<\/section>\n\t\t\t\t\t\t\t\t\t<\/div>\n\t\t\t<\/div>\n\t\t\t\t\t<\/div>","protected":false},"excerpt":{"rendered":"<p>La construcci\u00f3n de un edificio, centro comercial, f\u00e1brica, conjunto habitacional o vivienda particular e individual no es un asunto sencillo, pues requiere de una gran planeaci\u00f3n, organizaci\u00f3n y dise\u00f1o, adem\u00e1s de ofrecer comodidad y seguridad a los usuarios o habitantes. Ya sea una casa o un edificio con fines comerciales, industriales o recreativos, la seguridad &hellip;<\/p>\n<p class=\"read-more\"> <a class=\"\" href=\"https:\/\/grimosa.com.mx\/en\/multipanel-monterrey\/\"> <span class=\"screen-reader-text\">Multipanel Monterrey<\/span> Read More \u00bb<\/a><\/p>","protected":false},"author":1,"featured_media":0,"parent":0,"menu_order":0,"comment_status":"closed","ping_status":"closed","template":"elementor_header_footer","meta":{"site-sidebar-layout":"default","site-content-layout":"default","ast-main-header-display":"","ast-hfb-above-header-display":"","ast-hfb-below-header-display":"","ast-hfb-mobile-header-display":"","site-post-title":"","ast-breadcrumbs-content":"","ast-featured-img":"","footer-sml-layout":"","theme-transparent-header-meta":"","adv-header-id-meta":"","stick-header-meta":"","header-above-stick-meta":"","header-main-stick-meta":"","header-below-stick-meta":"","footnotes":"","_joinchat":[]},"_links":{"self":[{"href":"https:\/\/grimosa.com.mx\/en\/wp-json\/wp\/v2\/pages\/1080"}],"collection":[{"href":"https:\/\/grimosa.com.mx\/en\/wp-json\/wp\/v2\/pages"}],"about":[{"href":"https:\/\/grimosa.com.mx\/en\/wp-json\/wp\/v2\/types\/page"}],"author":[{"embeddable":true,"href":"https:\/\/grimosa.com.mx\/en\/wp-json\/wp\/v2\/users\/1"}],"replies":[{"embeddable":true,"href":"https:\/\/grimosa.com.mx\/en\/wp-json\/wp\/v2\/comments?post=1080"}],"version-history":[{"count":0,"href":"https:\/\/grimosa.com.mx\/en\/wp-json\/wp\/v2\/pages\/1080\/revisions"}],"wp:attachment":[{"href":"https:\/\/grimosa.com.mx\/en\/wp-json\/wp\/v2\/media?parent=1080"}],"curies":[{"name":"wp","href":"https:\/\/api.w.org\/{rel}","templated":true}]}}