{"id":1091,"date":"2016-03-13T21:07:37","date_gmt":"2016-03-14T03:07:37","guid":{"rendered":"http:\/\/grimosa.com.mx\/?page_id=1091"},"modified":"2021-06-16T15:10:09","modified_gmt":"2021-06-16T20:10:09","slug":"roof-garden-monterrey","status":"publish","type":"page","link":"https:\/\/grimosa.com.mx\/en\/roof-garden-monterrey\/","title":{"rendered":"Roof garden Monterrey"},"content":{"rendered":"<div data-elementor-type=\"wp-post\" data-elementor-id=\"1091\" class=\"elementor elementor-1091\">\n\t\t\t\t\t\t<div class=\"elementor-inner\">\n\t\t\t\t<div class=\"elementor-section-wrap\">\n\t\t\t\t\t\t\t\t\t<section class=\"elementor-section elementor-top-section elementor-element elementor-element-70da56a elementor-section-boxed elementor-section-height-default elementor-section-height-default\" data-id=\"70da56a\" data-element_type=\"section\">\n\t\t\t\t\t\t<div class=\"elementor-container elementor-column-gap-default\">\n\t\t\t\t\t\t\t<div class=\"elementor-row\">\n\t\t\t\t\t<div class=\"elementor-column elementor-col-100 elementor-top-column elementor-element elementor-element-e4d35b8\" data-id=\"e4d35b8\" data-element_type=\"column\">\n\t\t\t<div class=\"elementor-column-wrap elementor-element-populated\">\n\t\t\t\t\t\t\t<div class=\"elementor-widget-wrap\">\n\t\t\t\t\t\t<div class=\"elementor-element elementor-element-730a77f elementor-widget elementor-widget-spacer\" data-id=\"730a77f\" data-element_type=\"widget\" data-widget_type=\"spacer.default\">\n\t\t\t\t<div class=\"elementor-widget-container\">\n\t\t\t\t\t<div class=\"elementor-spacer\">\n\t\t\t<div class=\"elementor-spacer-inner\"><\/div>\n\t\t<\/div>\n\t\t\t\t<\/div>\n\t\t\t\t<\/div>\n\t\t\t\t<div class=\"elementor-element elementor-element-2c5a127 elementor-widget elementor-widget-spacer\" data-id=\"2c5a127\" data-element_type=\"widget\" data-widget_type=\"spacer.default\">\n\t\t\t\t<div class=\"elementor-widget-container\">\n\t\t\t\t\t<div class=\"elementor-spacer\">\n\t\t\t<div class=\"elementor-spacer-inner\"><\/div>\n\t\t<\/div>\n\t\t\t\t<\/div>\n\t\t\t\t<\/div>\n\t\t\t\t\t\t<\/div>\n\t\t\t\t\t<\/div>\n\t\t<\/div>\n\t\t\t\t\t\t\t\t<\/div>\n\t\t\t\t\t<\/div>\n\t\t<\/section>\n\t\t\t\t<section class=\"elementor-section elementor-top-section elementor-element elementor-element-48d7209a elementor-section-boxed elementor-section-height-default elementor-section-height-default\" data-id=\"48d7209a\" data-element_type=\"section\">\n\t\t\t\t\t\t<div class=\"elementor-container elementor-column-gap-default\">\n\t\t\t\t\t\t\t<div class=\"elementor-row\">\n\t\t\t\t\t<div class=\"elementor-column elementor-col-100 elementor-top-column elementor-element elementor-element-3950a40\" data-id=\"3950a40\" data-element_type=\"column\">\n\t\t\t<div class=\"elementor-column-wrap elementor-element-populated\">\n\t\t\t\t\t\t\t<div class=\"elementor-widget-wrap\">\n\t\t\t\t\t\t<div class=\"elementor-element elementor-element-787487b elementor-widget elementor-widget-text-editor\" data-id=\"787487b\" data-element_type=\"widget\" data-widget_type=\"text-editor.default\">\n\t\t\t\t<div class=\"elementor-widget-container\">\n\t\t\t\t\t\t\t\t<div class=\"elementor-text-editor elementor-clearfix\">\n\t\t\t\t<p style=\"text-align: justify;\">En los \u00faltimos a\u00f1os el mundo ha tomado una gran consciencia sobre la importancia del cuidado de la naturaleza y los recursos que ofrece a los seres humanos, por ello se ha generado un sinn\u00famero de estrategias para cuidar los recursos y reverdecer los paisajes, bosques, campos e incluso las ciudades. Una de las t\u00e9cnicas m\u00e1s utilizadas actualmente para lograr este reverdecimiento urbano son los jardines de techo.<\/p><p style=\"text-align: justify;\">Un jard\u00edn de techo o <strong>roof garden Monterrey<\/strong>, es un jard\u00edn que se encuentra en la azotea o techo de un edificio, casa o cualquier otro tipo de estructura elevada.<\/p><p style=\"text-align: justify;\">Revisando varios a\u00f1os, d\u00e9cadas, incluso siglos o milenios atr\u00e1s en la historia, se puede notar que \u00e9sta no es una idea tan nueva. Desde la antig\u00fcedad, culturas como la mesopot\u00e1mica, la romana o la egipcia han utilizado jardines en estructuras elevadas; siglos despu\u00e9s varios pa\u00edses europeos, sobre todo de la pen\u00ednsula escandinava, comenzaron a utilizar techos con pasto. M\u00e1s recientemente pa\u00edses como Alemania han sido los m\u00e1s constantes en el uso de este tipo de t\u00e9cnicas y esto se ha extendido a toda Europa principalmente, pero se pueden ver jardines de techo en todo el mundo.<\/p><p style=\"text-align: justify;\">Es necesario puntualizar que los motivos para tener un jard\u00edn en una azotea han ido cambiando. En la antig\u00fcedad los jardines en los techos eran s\u00f3lo una decoraci\u00f3n, pero en tiempos m\u00e1s recientes se han utilizado como fuentes de alimento para los habitantes de la casa, para el control de la temperatura del edificio, como mejoras estructurales, para recaptura de agua, como filtro de contaminantes del aire, entre otras razones.<\/p><p style=\"text-align: justify;\">Como se puede ver, las ventajas de tener un jard\u00edn en la azotea de un edificio o casa no se limitan al reverdecimiento o a una cuesti\u00f3n est\u00e9tica. Un <strong>roof garden Monterrey<\/strong> trae muchas ventajas a la construcci\u00f3n y sus habitantes, beneficios ecol\u00f3gicos principalmente. Estos beneficios son los siguientes:<\/p><ul style=\"text-align: justify;\"><li>Control de temperatura. Las plantas tienen la habilidad de absorber el calor, lo que provoca que el edificio est\u00e9 m\u00e1s fresco y se reduzca el consumo de energ\u00eda (sobre todo de sistemas de aire acondicionado).<\/li><li>Captaci\u00f3n de agua de lluvia. Un jard\u00edn en la azotea puede captar agua de lluvia, lo cual ayuda a reciclar el agua y por lo tanto reducir el consumo de agua potable y a reducir el escurrimiento en techo y paredes del edificio, lo que en algunos casos disminuye el riesgo de inundaci\u00f3n de drenajes.<\/li><li>Cultivo de plantas, frutas y verduras. Algunos jardines pueden convertirse en peque\u00f1as fuentes de alimento para los habitantes de la casa o edificio. Incluso organizaciones no lucrativas, hospitales o escuelas tienen jardines en sus azoteas para vender los cultivos y obtener ingresos extra.<\/li><li>Filtraci\u00f3n de contaminantes. Las plantas absorben algunos contaminantes, sobre todo di\u00f3xido de carbono, lo cual purifica el aire e incrementa los niveles de ox\u00edgeno.<\/li><li>H\u00e1bitat para animales salvajes. Un jard\u00edn en el techo puede servir como h\u00e1bitat tanto para mascotas como para otras formas de fauna.<\/li><li>Fines recreativos. En la ciudad los espacios verdes para recreaci\u00f3n y entretenimiento son escasos y no todas las casas o edificios cuentan con jardines, por lo que un jard\u00edn en el techo es una excelente opci\u00f3n para satisfacer esta necesidad.<\/li><li>Fines est\u00e9ticos. Los jardines en las azoteas pueden ofrecer una vista maravillosa y ser una bella fachada para cualquier construcci\u00f3n.<\/li><\/ul><p style=\"text-align: justify;\">Tener un <strong>roof garden Monterrey<\/strong> es adem\u00e1s una inversi\u00f3n, un activo importante para la propiedad, pues hoy en d\u00eda\u00a0 un jard\u00edn en la azotea incrementa el valor y la plusval\u00eda del edificio, sin contar que es realmente adaptable a cualquier espacio y pr\u00e1cticamente en cualquier clima o entorno se puede tener un jard\u00edn de techo.<\/p><p style=\"text-align: justify;\">Cada jard\u00edn es dise\u00f1ado con base en las caracter\u00edsticas de la propiedad y las necesidades y gusto del propietario, por ello cada uno es \u00fanico, diferente de los otros. Las plantas, frutos, formas, espacios, tama\u00f1os dependen de la propiedad y de lo que quieran los habitantes.<\/p><p style=\"text-align: justify;\">Un <strong>roof garden Monterrey<\/strong> puede ser tan grande o peque\u00f1o como el propietario lo desee y pr\u00e1cticamente cualquier persona puede implementar un jard\u00edn en su azotea, pero lo ideal es contactar a expertos en la materia para que estos eval\u00faen la edificaci\u00f3n, su estructura, los espacios disponibles y conozcan los requerimientos de los habitantes para dise\u00f1ar un proyecto que se ajuste a lo deseado y lo posible.<\/p><p style=\"text-align: justify;\">Es de suma importancia que el propietario se auxilie en profesionales para realizar la evaluaci\u00f3n e implementar el jard\u00edn de techo, pues si bien es relativamente sencillo tener o crear un espacio verde en una azotea, el proceso y la tenencia tiene riesgos, sobre todo derivados de una mala aplicaci\u00f3n. Asimismo es necesario tomar en cuenta el mantenimiento, que no es exhaustivo, pero se deben tomar contemplar varias medidas indispensables para su instalaci\u00f3n y tratamiento.<\/p><p style=\"text-align: justify;\">Por todo lo anterior, si est\u00e1s interesado en tener tu propio jard\u00edn de techo y agregar un gran beneficio est\u00e9tico, ecol\u00f3gico e incluso monetario a tu hogar o edificio, Grimosa es la mejor opci\u00f3n que tienes, somos expertos en la planeaci\u00f3n dise\u00f1o y colocaci\u00f3n de <strong>roof garden Monterrey<\/strong>, realizamos la evaluaci\u00f3n de la propiedad, escuchamos tus requerimientos como cliente y dise\u00f1amos un proyecto que se adapte a tu gusto y necesidades y al espacio disponible. Adem\u00e1s, todo lo llevamos a cabo con los costos m\u00e1s bajos posibles.<\/p><p style=\"text-align: justify;\">No dudes en ponerte en contacto con nosotros v\u00eda telef\u00f3nica, electr\u00f3nica o en persona en nuestras instalaciones, en Grimosa te ayudamos a llevar a cabo tus proyectos con el compromiso de la mejor calidad y los mejores tiempos.<\/p>\t\t\t\t\t<\/div>\n\t\t\t\t\t\t<\/div>\n\t\t\t\t<\/div>\n\t\t\t\t\t\t<\/div>\n\t\t\t\t\t<\/div>\n\t\t<\/div>\n\t\t\t\t\t\t\t\t<\/div>\n\t\t\t\t\t<\/div>\n\t\t<\/section>\n\t\t\t\t\t\t\t\t\t<\/div>\n\t\t\t<\/div>\n\t\t\t\t\t<\/div>","protected":false},"excerpt":{"rendered":"<p>En los \u00faltimos a\u00f1os el mundo ha tomado una gran consciencia sobre la importancia del cuidado de la naturaleza y los recursos que ofrece a los seres humanos, por ello se ha generado un sinn\u00famero de estrategias para cuidar los recursos y reverdecer los paisajes, bosques, campos e incluso las ciudades. Una de las t\u00e9cnicas &hellip;<\/p>\n<p class=\"read-more\"> <a class=\"\" href=\"https:\/\/grimosa.com.mx\/en\/roof-garden-monterrey\/\"> <span class=\"screen-reader-text\">Roof garden Monterrey<\/span> Read More \u00bb<\/a><\/p>","protected":false},"author":1,"featured_media":0,"parent":0,"menu_order":0,"comment_status":"closed","ping_status":"closed","template":"elementor_header_footer","meta":{"site-sidebar-layout":"default","site-content-layout":"default","ast-main-header-display":"","ast-hfb-above-header-display":"","ast-hfb-below-header-display":"","ast-hfb-mobile-header-display":"","site-post-title":"","ast-breadcrumbs-content":"","ast-featured-img":"","footer-sml-layout":"","theme-transparent-header-meta":"","adv-header-id-meta":"","stick-header-meta":"","header-above-stick-meta":"","header-main-stick-meta":"","header-below-stick-meta":"","footnotes":"","_joinchat":[]},"_links":{"self":[{"href":"https:\/\/grimosa.com.mx\/en\/wp-json\/wp\/v2\/pages\/1091"}],"collection":[{"href":"https:\/\/grimosa.com.mx\/en\/wp-json\/wp\/v2\/pages"}],"about":[{"href":"https:\/\/grimosa.com.mx\/en\/wp-json\/wp\/v2\/types\/page"}],"author":[{"embeddable":true,"href":"https:\/\/grimosa.com.mx\/en\/wp-json\/wp\/v2\/users\/1"}],"replies":[{"embeddable":true,"href":"https:\/\/grimosa.com.mx\/en\/wp-json\/wp\/v2\/comments?post=1091"}],"version-history":[{"count":0,"href":"https:\/\/grimosa.com.mx\/en\/wp-json\/wp\/v2\/pages\/1091\/revisions"}],"wp:attachment":[{"href":"https:\/\/grimosa.com.mx\/en\/wp-json\/wp\/v2\/media?parent=1091"}],"curies":[{"name":"wp","href":"https:\/\/api.w.org\/{rel}","templated":true}]}}