{"id":1203,"date":"2016-03-21T11:51:57","date_gmt":"2016-03-21T17:51:57","guid":{"rendered":"http:\/\/grimosa.com.mx\/?page_id=1203"},"modified":"2021-06-16T15:09:46","modified_gmt":"2021-06-16T20:09:46","slug":"vigas-de-acero-monterrey","status":"publish","type":"page","link":"https:\/\/grimosa.com.mx\/en\/vigas-de-acero-monterrey\/","title":{"rendered":"Vigas de acero Monterrey"},"content":{"rendered":"<div data-elementor-type=\"wp-post\" data-elementor-id=\"1203\" class=\"elementor elementor-1203\">\n\t\t\t\t\t\t<div class=\"elementor-inner\">\n\t\t\t\t<div class=\"elementor-section-wrap\">\n\t\t\t\t\t\t\t\t\t<section class=\"elementor-section elementor-top-section elementor-element elementor-element-e6b50da elementor-section-boxed elementor-section-height-default elementor-section-height-default\" data-id=\"e6b50da\" data-element_type=\"section\">\n\t\t\t\t\t\t<div class=\"elementor-container elementor-column-gap-default\">\n\t\t\t\t\t\t\t<div class=\"elementor-row\">\n\t\t\t\t\t<div class=\"elementor-column elementor-col-100 elementor-top-column elementor-element elementor-element-83bfdf0\" data-id=\"83bfdf0\" data-element_type=\"column\">\n\t\t\t<div class=\"elementor-column-wrap elementor-element-populated\">\n\t\t\t\t\t\t\t<div class=\"elementor-widget-wrap\">\n\t\t\t\t\t\t<div class=\"elementor-element elementor-element-ef26f1f elementor-widget elementor-widget-spacer\" data-id=\"ef26f1f\" data-element_type=\"widget\" data-widget_type=\"spacer.default\">\n\t\t\t\t<div class=\"elementor-widget-container\">\n\t\t\t\t\t<div class=\"elementor-spacer\">\n\t\t\t<div class=\"elementor-spacer-inner\"><\/div>\n\t\t<\/div>\n\t\t\t\t<\/div>\n\t\t\t\t<\/div>\n\t\t\t\t<div class=\"elementor-element elementor-element-789e932 elementor-widget elementor-widget-spacer\" data-id=\"789e932\" data-element_type=\"widget\" data-widget_type=\"spacer.default\">\n\t\t\t\t<div class=\"elementor-widget-container\">\n\t\t\t\t\t<div class=\"elementor-spacer\">\n\t\t\t<div class=\"elementor-spacer-inner\"><\/div>\n\t\t<\/div>\n\t\t\t\t<\/div>\n\t\t\t\t<\/div>\n\t\t\t\t\t\t<\/div>\n\t\t\t\t\t<\/div>\n\t\t<\/div>\n\t\t\t\t\t\t\t\t<\/div>\n\t\t\t\t\t<\/div>\n\t\t<\/section>\n\t\t\t\t<section class=\"elementor-section elementor-top-section elementor-element elementor-element-613325b3 elementor-section-boxed elementor-section-height-default elementor-section-height-default\" data-id=\"613325b3\" data-element_type=\"section\">\n\t\t\t\t\t\t<div class=\"elementor-container elementor-column-gap-default\">\n\t\t\t\t\t\t\t<div class=\"elementor-row\">\n\t\t\t\t\t<div class=\"elementor-column elementor-col-100 elementor-top-column elementor-element elementor-element-1fec0d8a\" data-id=\"1fec0d8a\" data-element_type=\"column\">\n\t\t\t<div class=\"elementor-column-wrap elementor-element-populated\">\n\t\t\t\t\t\t\t<div class=\"elementor-widget-wrap\">\n\t\t\t\t\t\t<div class=\"elementor-element elementor-element-6ddba33d elementor-widget elementor-widget-text-editor\" data-id=\"6ddba33d\" data-element_type=\"widget\" data-widget_type=\"text-editor.default\">\n\t\t\t\t<div class=\"elementor-widget-container\">\n\t\t\t\t\t\t\t\t<div class=\"elementor-text-editor elementor-clearfix\">\n\t\t\t\t<p style=\"text-align: justify;\">Desde la antig\u00fcedad, las vigas han ayudado a construir y poner de pie muchas de las estructuras y edificaciones m\u00e1s importantes de todas las civilizaciones de la humanidad tales como Roma o Egipto. Eran y siguen siendo de los elementos m\u00e1s importantes ya que<\/p><p style=\"text-align: justify;\">soportan grandes pesos de diferentes maneras, vistas desde las leyes naturales de la f\u00edsica, deben de estar muy bien equilibradas entre la tensi\u00f3n y el peso que soporta, ya que puede romperse si es mucha la presi\u00f3n.<\/p><p style=\"text-align: justify;\">Las <strong>vigas de acero Monterrey<\/strong> han resultado ser una excelente e innovadora manera de construir estructuras resistentes, estas barras se colocan para brindar una mayor resistencia, ya que est\u00e1n especialmente dise\u00f1adas para soportar y dar contenci\u00f3n a los pesos de un lugar. Cumplen diferentes roles en una construcci\u00f3n, ya que de la misma manera pueden sostener flexi\u00f3n y tensi\u00f3n, dependiendo de su finalidad.<\/p><p style=\"text-align: justify;\">Estas vigas, al estar hechas de acero, son considerablemente m\u00e1s resistentes que las elaboradas de hormig\u00f3n, de madera o de aluminio. Los avances tecnol\u00f3gicos han logrado una evoluci\u00f3n sustancial en la manera en la que se realizan estas estructuras para mejorar el soporte que brindan, ya que antes del acero se utiliz\u00f3 el hierro.<\/p><p style=\"text-align: justify;\">El acero, es un material con muchas cualidades, al ser el resultado de una aleaci\u00f3n de varios metales y minerales tales como el hierro y el carbono, y algunas veces elementos como el cromo y el n\u00edquel, dependiendo el fin que se persiga. Tiene un tipo de resistencia que puede responder igual tanto en lo concerniente a la longitud como en lo transversal.<\/p><p style=\"text-align: justify;\">Actualmente es un metal muy usado en la el \u00e1rea de la construcci\u00f3n, siendo el material del que est\u00e1n hechos un sinf\u00edn de puentes, trenes , herramientas, maquinaria, algunas partes de autos, camiones, blindaje y por supuesto, en las vigas que componen muchas viviendas y complejos habitacionales.<\/p><p style=\"text-align: justify;\">Es muy dif\u00edcil decir cu\u00e1les son las caracter\u00edsticas y propiedades del acero, ya que dichas propiedades de\u00a0 este metal var\u00edan dependiendo las aleaciones y los porcentajes de otros metales, los tratamientos a los que es sometido, pero en general su densidad promedio es aproximadamente de 7850 kg\/m\u00b3 y su punto de ebullici\u00f3n es de aproximadamente 3000 \u00b0C. Es un material muy tenaz, maleable y relativamente d\u00factil.<\/p><p style=\"text-align: justify;\">La dureza de las vigas depende mucho de las variaciones que el acero tenga entre el hierro, se pueden soldar f\u00e1cilmente, actualmente existen varios tipos de vigas, entre las cuales est\u00e1n:<\/p><ul style=\"text-align: justify;\"><li>Vigas simples: es muy com\u00fan que se utilice acero laminado para este tipo de vigas, pues son de bajo costo en cuanto a mano de obra se refiere, ya que para su colocaci\u00f3n no se necesita mucho, simplemente recortarlo a la medida que se requiera. Econ\u00f3micamente es de las m\u00e1s usadas por su gran rendimiento pues proporciona un espesor que simplifica los empalmes y las uniones.<\/li><li>Vigas m\u00faltiples: est\u00e1n construidas por dos o m\u00e1s, unidas por tornillos, pasantes o presillas.<\/li><li>Vigas reforzadas: se utilizan refuerzos de chapa y pletina, sobre todo en estructuras met\u00e1licas con el objetivo de ahorrar material y al mismo tiempo tener m\u00f3dulos muy resistentes. Esto se logra poniendo dos pletinas en ambos extremos de la viga.<\/li><\/ul><p style=\"text-align: justify;\">Como lo hemos mencionado anteriormente, las <strong>vigas de acero Monterrey <\/strong>tiene muchos usos y finalidades, uno de ellos es como elemento de los puentes, estas vigas se llegan a fabricar a la medida de la estructura que se planea, permitiendo un buen soporte y flexibilidad. Entre los ejemplos de puentes destacables est\u00e1n el puente de Brooklyn y el famoso Golden Gate en San Francisco. Estas vigas est\u00e1n dise\u00f1adas con compresi\u00f3n en la parte superior y una tensi\u00f3n en la parte de abajo.<\/p><p style=\"text-align: justify;\">Tienen formas distintas, una de esas formas es en \u201cI\u201d, la cual es capaz de soportar pesos de los pisos de un edificio. Cuando se compone de dos bridas, una en la parte de arriba y otra en la parte de abajo, se conectando en la parte intermedia, logrando que se distribuya con uniformidad el peso y la tensi\u00f3n soportada. Estas vigas est\u00e1n disponibles en todos los tama\u00f1os.<\/p><p style=\"text-align: justify;\">Las vigas voladizas s\u00f3lo est\u00e1n sujetadas de un extremo, pueden soportar el peso en balcones o en los puentes, para poder ser capaz de soportar el peso que se encuentra suspendido. Las vigas de toque son econ\u00f3micas y fuertes, ayudan a reducir el costo de una construcci\u00f3n. Se utilizan frecuentemente en construcciones habitacionales por ser m\u00e1s ligeras pero no pueden soportar mucho peso.<\/p><p style=\"text-align: justify;\">Entre las ventajas que encontramos en este tipo de material, podemos decir que son las siguientes:<\/p><ul style=\"text-align: justify;\"><li>Resistencia: las <strong>vigas de acero Monterrey<\/strong> aguantan muchos kilos, toneladas de peso de cualquier estructura, esto es de gran transcendencia a la hora de dise\u00f1ar un edificio, por ejemplo.<\/li><li>Tenacidad: esta cualidad en cualquier metal se refiere a la capacidad absorber energ\u00eda y conducirla, por ende, lo resiste.<\/li><li>Ductilidad: esta es la propiedad que permite a los metales poder tener deformaciones sin bajar la tensi\u00f3n.<\/li><li>Durabilidad: con el mantenimiento necesario, las vigas de este material tienen una larga vida.<\/li><\/ul><p style=\"text-align: justify;\">En Grimosa, tenemos los mejores dise\u00f1os de estructuras de acero. Somos una empresa l\u00edder y fabricantes de este tipo de materiales. Le ofrecemos de igual manera nuestros servicios de impermeabilizaci\u00f3n, laminaci\u00f3n, aislamientos t\u00e9rmicos y herrer\u00eda industrial. No dude en contactarnos para realizar una cotizaci\u00f3n de nuestros productos y servicios. Nuestra empresa est\u00e1 ubicada en Monterrey, ll\u00e1menos para cualquier duda al: (81) 8335-4552. La satisfacci\u00f3n de todos nuestros clientes nos respalda.<\/p>\t\t\t\t\t<\/div>\n\t\t\t\t\t\t<\/div>\n\t\t\t\t<\/div>\n\t\t\t\t\t\t<\/div>\n\t\t\t\t\t<\/div>\n\t\t<\/div>\n\t\t\t\t\t\t\t\t<\/div>\n\t\t\t\t\t<\/div>\n\t\t<\/section>\n\t\t\t\t\t\t\t\t\t<\/div>\n\t\t\t<\/div>\n\t\t\t\t\t<\/div>","protected":false},"excerpt":{"rendered":"<p>Desde la antig\u00fcedad, las vigas han ayudado a construir y poner de pie muchas de las estructuras y edificaciones m\u00e1s importantes de todas las civilizaciones de la humanidad tales como Roma o Egipto. Eran y siguen siendo de los elementos m\u00e1s importantes ya que soportan grandes pesos de diferentes maneras, vistas desde las leyes naturales &hellip;<\/p>\n<p class=\"read-more\"> <a class=\"\" href=\"https:\/\/grimosa.com.mx\/en\/vigas-de-acero-monterrey\/\"> <span class=\"screen-reader-text\">Vigas de acero Monterrey<\/span> Read More \u00bb<\/a><\/p>","protected":false},"author":1,"featured_media":0,"parent":0,"menu_order":0,"comment_status":"closed","ping_status":"closed","template":"elementor_header_footer","meta":{"site-sidebar-layout":"default","site-content-layout":"default","ast-main-header-display":"","ast-hfb-above-header-display":"","ast-hfb-below-header-display":"","ast-hfb-mobile-header-display":"","site-post-title":"","ast-breadcrumbs-content":"","ast-featured-img":"","footer-sml-layout":"","theme-transparent-header-meta":"","adv-header-id-meta":"","stick-header-meta":"","header-above-stick-meta":"","header-main-stick-meta":"","header-below-stick-meta":"","footnotes":"","_joinchat":[]},"_links":{"self":[{"href":"https:\/\/grimosa.com.mx\/en\/wp-json\/wp\/v2\/pages\/1203"}],"collection":[{"href":"https:\/\/grimosa.com.mx\/en\/wp-json\/wp\/v2\/pages"}],"about":[{"href":"https:\/\/grimosa.com.mx\/en\/wp-json\/wp\/v2\/types\/page"}],"author":[{"embeddable":true,"href":"https:\/\/grimosa.com.mx\/en\/wp-json\/wp\/v2\/users\/1"}],"replies":[{"embeddable":true,"href":"https:\/\/grimosa.com.mx\/en\/wp-json\/wp\/v2\/comments?post=1203"}],"version-history":[{"count":0,"href":"https:\/\/grimosa.com.mx\/en\/wp-json\/wp\/v2\/pages\/1203\/revisions"}],"wp:attachment":[{"href":"https:\/\/grimosa.com.mx\/en\/wp-json\/wp\/v2\/media?parent=1203"}],"curies":[{"name":"wp","href":"https:\/\/api.w.org\/{rel}","templated":true}]}}