{"id":1212,"date":"2016-03-21T11:56:35","date_gmt":"2016-03-21T17:56:35","guid":{"rendered":"http:\/\/grimosa.com.mx\/?page_id=1212"},"modified":"2021-06-16T13:04:27","modified_gmt":"2021-06-16T18:04:27","slug":"aislantes-termicos-monterrey","status":"publish","type":"page","link":"https:\/\/grimosa.com.mx\/en\/aislantes-termicos-monterrey\/","title":{"rendered":"Aislantes t\u00e9rmicos Monterrey"},"content":{"rendered":"<div data-elementor-type=\"wp-post\" data-elementor-id=\"1212\" class=\"elementor elementor-1212\">\n\t\t\t\t\t\t<div class=\"elementor-inner\">\n\t\t\t\t<div class=\"elementor-section-wrap\">\n\t\t\t\t\t\t\t\t\t<section class=\"elementor-section elementor-top-section elementor-element elementor-element-7bc82b6 elementor-section-boxed elementor-section-height-default elementor-section-height-default\" data-id=\"7bc82b6\" data-element_type=\"section\">\n\t\t\t\t\t\t<div class=\"elementor-container elementor-column-gap-default\">\n\t\t\t\t\t\t\t<div class=\"elementor-row\">\n\t\t\t\t\t<div class=\"elementor-column elementor-col-100 elementor-top-column elementor-element elementor-element-8332917\" data-id=\"8332917\" data-element_type=\"column\">\n\t\t\t<div class=\"elementor-column-wrap elementor-element-populated\">\n\t\t\t\t\t\t\t<div class=\"elementor-widget-wrap\">\n\t\t\t\t\t\t<div class=\"elementor-element elementor-element-b616c77 elementor-widget elementor-widget-spacer\" data-id=\"b616c77\" data-element_type=\"widget\" data-widget_type=\"spacer.default\">\n\t\t\t\t<div class=\"elementor-widget-container\">\n\t\t\t\t\t<div class=\"elementor-spacer\">\n\t\t\t<div class=\"elementor-spacer-inner\"><\/div>\n\t\t<\/div>\n\t\t\t\t<\/div>\n\t\t\t\t<\/div>\n\t\t\t\t<div class=\"elementor-element elementor-element-cbf1a97 elementor-widget elementor-widget-spacer\" data-id=\"cbf1a97\" data-element_type=\"widget\" data-widget_type=\"spacer.default\">\n\t\t\t\t<div class=\"elementor-widget-container\">\n\t\t\t\t\t<div class=\"elementor-spacer\">\n\t\t\t<div class=\"elementor-spacer-inner\"><\/div>\n\t\t<\/div>\n\t\t\t\t<\/div>\n\t\t\t\t<\/div>\n\t\t\t\t\t\t<\/div>\n\t\t\t\t\t<\/div>\n\t\t<\/div>\n\t\t\t\t\t\t\t\t<\/div>\n\t\t\t\t\t<\/div>\n\t\t<\/section>\n\t\t\t\t<section class=\"elementor-section elementor-top-section elementor-element elementor-element-14714c51 elementor-section-boxed elementor-section-height-default elementor-section-height-default\" data-id=\"14714c51\" data-element_type=\"section\">\n\t\t\t\t\t\t<div class=\"elementor-container elementor-column-gap-default\">\n\t\t\t\t\t\t\t<div class=\"elementor-row\">\n\t\t\t\t\t<div class=\"elementor-column elementor-col-100 elementor-top-column elementor-element elementor-element-741aeb1e\" data-id=\"741aeb1e\" data-element_type=\"column\">\n\t\t\t<div class=\"elementor-column-wrap elementor-element-populated\">\n\t\t\t\t\t\t\t<div class=\"elementor-widget-wrap\">\n\t\t\t\t\t\t<div class=\"elementor-element elementor-element-2d7e4930 elementor-widget elementor-widget-text-editor\" data-id=\"2d7e4930\" data-element_type=\"widget\" data-widget_type=\"text-editor.default\">\n\t\t\t\t<div class=\"elementor-widget-container\">\n\t\t\t\t\t\t\t\t<div class=\"elementor-text-editor elementor-clearfix\">\n\t\t\t\t<p style=\"text-align: justify;\">El clima es un factor muy importante a considerar cuando se lleva a cabo el dise\u00f1o, desarrollo y construcci\u00f3n de una obra, pues las estructuras, materiales y fachadas utilizadas pueden tener una resistencia o durabilidad mayor o menor dependiendo del ambiente en el que se encuentren.<\/p><p style=\"text-align: justify;\">Algunos edificios, por ejemplo, que se encuentran en zonas lluviosas, requieren de cierto tipo de pintura, materiales y cuidados durante su construcci\u00f3n y durante su vida \u00fatil para que se mantengan en buenas condiciones. Lo mismo sucede en lugares muy soleados o con mucho fr\u00edo.<\/p><p style=\"text-align: justify;\">Afortunadamente para la industria de la construcci\u00f3n, decoraci\u00f3n y adaptaci\u00f3n de edificios, existen los <strong>aislantes t\u00e9rmicos Monterrey<\/strong>, en esta y cualquier otra ciudad de M\u00e9xico y el mundo.<\/p><p style=\"text-align: justify;\">La tecnolog\u00eda ha avanzado y desarrollado diferentes materiales, t\u00e9cnicas y herramientas para facilitar y mejorar en muchos aspectos de la vida y de las diferentes industrias existentes. Los <strong>aislantes t\u00e9rmicos Monterrey<\/strong> son un tipo de material utilizado para la construcci\u00f3n cuya caracter\u00edstica b\u00e1sica principal es su alta resistencia t\u00e9rmica. Este tipo de material sirve como barrera entre dos medios para impedir que haya intercambio de temperatura y esta se iguale en ambos lados de la pared o material.<\/p><p style=\"text-align: justify;\">Se debe mencionar que todos los materiales (madera, pl\u00e1stico, concreto, metal, l\u00e1mina, etc\u00e9tera) que se utilizan para la construcci\u00f3n u otras industrias y prop\u00f3sitos tienen esta caracter\u00edstica, sin embargo, estos aislantes son dise\u00f1ados y fabricados con una resistencia muy superior a la de cualquier otro material, lo que implica que este tipo de materiales pueden tener un grosor m\u00ednimo y a\u00fan as\u00ed ofrecer el aislamiento t\u00e9rmico deseado por el usuario.<\/p><p style=\"text-align: justify;\">Existe un gran n\u00famero de materiales de este tipo, tanto artificiales como materiales naturales que se procesan para ser utilizados como aislantes. Algunos de estos tipos son el poliestireno, el poliuretano o las lanas minerales.<\/p><p style=\"text-align: justify;\">El poliestireno extruido o XPS es un tipo de aislante resistente al agua y a los hongos, bastante duradero. Este tipo de material se suele usar sobre la cubierta de impermeabilizaci\u00f3n de un edificio para aislar y proteger la l\u00e1mina impermeable y aumentar su durabilidad. Este tipo de material puede utilizarse incluso como una cubierta que puede ser transitada, es decir, se puede caminar sobre ella sin problemas e incluso es est\u00e9tica, pues hay tipos y modelos que ofrecen diferentes acabados, espesores y colores.<\/p><p style=\"text-align: justify;\">Otra variante de este material es el poliestireno expandido o EPS, una especie de pl\u00e1stico espumado que puede ser utilizado en diferentes medios y superficies gracias a su flexibilidad y facilidad de uso. A diferencia del poliestireno extruido, este tipo de poliestireno no es resistente al agua, de hecho, su estructura se puede ver afectada en caso de mojarse.<\/p><p style=\"text-align: justify;\">El poliuretano es otro de los tipos de <strong>aislantes t\u00e9rmicos Monterrey<\/strong>, un producto compuesto a base de petr\u00f3leo y az\u00facar, materiales que al mezclarse y procesarse forman un tipo de espuma que al secarse y endurecerse se cierra por completo, es decir, su porosidad es m\u00ednima, y es muy r\u00edgida y adherente, lo que le permite ser fijada a diferentes estructuras. Durante mucho tiempo fue el tipo de material para aislamiento m\u00e1s utilizado por su precio y gran capacidad aislante, sin embargo, debido a su composici\u00f3n, es sumamente inflamable y esto lo hace peligroso, sobre todo en f\u00e1bricas o almacenes e incluso en el hogar.<\/p><p style=\"text-align: justify;\">Las lanas minerales son un entramado de filamentos que por su estructura mantienen al aire atrapado, lo que impide el intercambio de fr\u00edo o calor y tambi\u00e9n la filtraci\u00f3n de sonidos e incluso es resistente al fuego. Este es un material cuasi natural, pues sus filamentos est\u00e1n compuestos de arena sil\u00edcea y roca bas\u00e1ltica.<\/p><p style=\"text-align: justify;\">Este \u00faltimo material es com\u00fanmente utilizado en casas como cubiertas o protecci\u00f3n de puertas, suelos, paredes o como techos falsos o en conductos de aire acondicionado para evitar el escape del aire, adem\u00e1s es sumamente pr\u00e1ctico debido a su estructura que lo hace f\u00e1cil de manejar y colocar.<\/p><p style=\"text-align: justify;\">Cada uno de estos <strong>aislantes t\u00e9rmicos Monterrey<\/strong> tiene diferentes subtipos, utilizados en diversos campos y tipos de construcciones, pero todos con el mismo fin: mantener la temperatura estable dentro de un lugar.<\/p><p style=\"text-align: justify;\">Por supuesto, en lo que a la vivienda se refiere, este tipo de materiales son muy utilizados, pues sus propiedades ofrecen un alto grado de comodidad en el interior de una casa. El material m\u00e1s utilizado con este prop\u00f3sito son las lanas minerales, ya que por su estructura y composici\u00f3n se pueden colocar f\u00e1cil y r\u00e1pidamente incluso sin la necesidad de un experto, son f\u00e1ciles de cargar, transportar y cambiar, adem\u00e1s de ser resistentes al fuego. Todas estas caracter\u00edsticas hacen de las lanas minerales el material t\u00e9rmico m\u00e1s apropiado para el hogar.<\/p><p style=\"text-align: justify;\">Pero la importancia de los otros tipos de aislantes no es menor, pues son utilizados en la misma proporci\u00f3n, aunque en otros campos y otros tipos de construcciones.<\/p><p style=\"text-align: justify;\">En un estado que suele tener un clima caluroso como Nuevo Le\u00f3n, y en general en el norte de M\u00e9xico, el aire acondicionado puede no ser suficiente para mantener una temperatura agradable en el interior de una casa, oficina o edificio, por ello los <strong>aislantes t\u00e9rmicos Monterrey<\/strong> son una excelente opci\u00f3n para agregar comodidad a un edificio y mantener a sus usuarios y habitantes a gusto.<\/p><p style=\"text-align: justify;\">Grimosa es una empresa especialista en la reducci\u00f3n de costos de construcci\u00f3n y ofrece para ello m\u00faltiples servicios que van desde el dise\u00f1o de estructuras hasta su montaje; Grimosa cuenta con diferentes proyectos que avalan la calidad de sus servicios y dan fe de ser proyectos y construcciones altamente competitivos y funcionales.<\/p><p style=\"text-align: justify;\">Grimosa y su personal est\u00e1n a la disposici\u00f3n del cliente a trav\u00e9s de la p\u00e1gina web, correo electr\u00f3nico o l\u00edneas telef\u00f3nicas, listos para ofrecer mayor informaci\u00f3n sobre los servicios y materiales para la construcci\u00f3n, modernizaci\u00f3n y adaptaci\u00f3n de espacios que ofrece y las ventajas y beneficios que otorga a cualquier proyecto de construcci\u00f3n.<\/p>\t\t\t\t\t<\/div>\n\t\t\t\t\t\t<\/div>\n\t\t\t\t<\/div>\n\t\t\t\t\t\t<\/div>\n\t\t\t\t\t<\/div>\n\t\t<\/div>\n\t\t\t\t\t\t\t\t<\/div>\n\t\t\t\t\t<\/div>\n\t\t<\/section>\n\t\t\t\t\t\t\t\t\t<\/div>\n\t\t\t<\/div>\n\t\t\t\t\t<\/div>","protected":false},"excerpt":{"rendered":"<p>El clima es un factor muy importante a considerar cuando se lleva a cabo el dise\u00f1o, desarrollo y construcci\u00f3n de una obra, pues las estructuras, materiales y fachadas utilizadas pueden tener una resistencia o durabilidad mayor o menor dependiendo del ambiente en el que se encuentren. Algunos edificios, por ejemplo, que se encuentran en zonas &hellip;<\/p>\n<p class=\"read-more\"> <a class=\"\" href=\"https:\/\/grimosa.com.mx\/en\/aislantes-termicos-monterrey\/\"> <span class=\"screen-reader-text\">Aislantes t\u00e9rmicos Monterrey<\/span> Read More \u00bb<\/a><\/p>","protected":false},"author":1,"featured_media":0,"parent":0,"menu_order":0,"comment_status":"closed","ping_status":"closed","template":"elementor_header_footer","meta":{"site-sidebar-layout":"default","site-content-layout":"default","ast-main-header-display":"","ast-hfb-above-header-display":"","ast-hfb-below-header-display":"","ast-hfb-mobile-header-display":"","site-post-title":"","ast-breadcrumbs-content":"","ast-featured-img":"","footer-sml-layout":"","theme-transparent-header-meta":"","adv-header-id-meta":"","stick-header-meta":"","header-above-stick-meta":"","header-main-stick-meta":"","header-below-stick-meta":"","footnotes":"","_joinchat":[]},"_links":{"self":[{"href":"https:\/\/grimosa.com.mx\/en\/wp-json\/wp\/v2\/pages\/1212"}],"collection":[{"href":"https:\/\/grimosa.com.mx\/en\/wp-json\/wp\/v2\/pages"}],"about":[{"href":"https:\/\/grimosa.com.mx\/en\/wp-json\/wp\/v2\/types\/page"}],"author":[{"embeddable":true,"href":"https:\/\/grimosa.com.mx\/en\/wp-json\/wp\/v2\/users\/1"}],"replies":[{"embeddable":true,"href":"https:\/\/grimosa.com.mx\/en\/wp-json\/wp\/v2\/comments?post=1212"}],"version-history":[{"count":0,"href":"https:\/\/grimosa.com.mx\/en\/wp-json\/wp\/v2\/pages\/1212\/revisions"}],"wp:attachment":[{"href":"https:\/\/grimosa.com.mx\/en\/wp-json\/wp\/v2\/media?parent=1212"}],"curies":[{"name":"wp","href":"https:\/\/api.w.org\/{rel}","templated":true}]}}