{"id":1217,"date":"2016-03-21T11:57:57","date_gmt":"2016-03-21T17:57:57","guid":{"rendered":"http:\/\/grimosa.com.mx\/?page_id=1217"},"modified":"2021-06-16T15:09:53","modified_gmt":"2021-06-16T20:09:53","slug":"techos-y-muros-monterrey","status":"publish","type":"page","link":"https:\/\/grimosa.com.mx\/en\/techos-y-muros-monterrey\/","title":{"rendered":"Techos y muros Monterrey"},"content":{"rendered":"<div data-elementor-type=\"wp-post\" data-elementor-id=\"1217\" class=\"elementor elementor-1217\">\n\t\t\t\t\t\t<div class=\"elementor-inner\">\n\t\t\t\t<div class=\"elementor-section-wrap\">\n\t\t\t\t\t\t\t\t\t<section class=\"elementor-section elementor-top-section elementor-element elementor-element-eaddae1 elementor-section-boxed elementor-section-height-default elementor-section-height-default\" data-id=\"eaddae1\" data-element_type=\"section\">\n\t\t\t\t\t\t<div class=\"elementor-container elementor-column-gap-default\">\n\t\t\t\t\t\t\t<div class=\"elementor-row\">\n\t\t\t\t\t<div class=\"elementor-column elementor-col-100 elementor-top-column elementor-element elementor-element-a57a893\" data-id=\"a57a893\" data-element_type=\"column\">\n\t\t\t<div class=\"elementor-column-wrap elementor-element-populated\">\n\t\t\t\t\t\t\t<div class=\"elementor-widget-wrap\">\n\t\t\t\t\t\t<div class=\"elementor-element elementor-element-2f8c5b4 elementor-widget elementor-widget-spacer\" data-id=\"2f8c5b4\" data-element_type=\"widget\" data-widget_type=\"spacer.default\">\n\t\t\t\t<div class=\"elementor-widget-container\">\n\t\t\t\t\t<div class=\"elementor-spacer\">\n\t\t\t<div class=\"elementor-spacer-inner\"><\/div>\n\t\t<\/div>\n\t\t\t\t<\/div>\n\t\t\t\t<\/div>\n\t\t\t\t<div class=\"elementor-element elementor-element-9938b22 elementor-widget elementor-widget-spacer\" data-id=\"9938b22\" data-element_type=\"widget\" data-widget_type=\"spacer.default\">\n\t\t\t\t<div class=\"elementor-widget-container\">\n\t\t\t\t\t<div class=\"elementor-spacer\">\n\t\t\t<div class=\"elementor-spacer-inner\"><\/div>\n\t\t<\/div>\n\t\t\t\t<\/div>\n\t\t\t\t<\/div>\n\t\t\t\t\t\t<\/div>\n\t\t\t\t\t<\/div>\n\t\t<\/div>\n\t\t\t\t\t\t\t\t<\/div>\n\t\t\t\t\t<\/div>\n\t\t<\/section>\n\t\t\t\t<section class=\"elementor-section elementor-top-section elementor-element elementor-element-6ff16145 elementor-section-boxed elementor-section-height-default elementor-section-height-default\" data-id=\"6ff16145\" data-element_type=\"section\">\n\t\t\t\t\t\t<div class=\"elementor-container elementor-column-gap-default\">\n\t\t\t\t\t\t\t<div class=\"elementor-row\">\n\t\t\t\t\t<div class=\"elementor-column elementor-col-100 elementor-top-column elementor-element elementor-element-7dc37038\" data-id=\"7dc37038\" data-element_type=\"column\">\n\t\t\t<div class=\"elementor-column-wrap elementor-element-populated\">\n\t\t\t\t\t\t\t<div class=\"elementor-widget-wrap\">\n\t\t\t\t\t\t<div class=\"elementor-element elementor-element-763f2c36 elementor-widget elementor-widget-text-editor\" data-id=\"763f2c36\" data-element_type=\"widget\" data-widget_type=\"text-editor.default\">\n\t\t\t\t<div class=\"elementor-widget-container\">\n\t\t\t\t\t\t\t\t<div class=\"elementor-text-editor elementor-clearfix\">\n\t\t\t\t<p style=\"text-align: justify;\">Una de las industrias m\u00e1s importantes para el pa\u00eds es la de la construcci\u00f3n, es decir, la que se encarga de erigir todo tipo de inmuebles, como lo son los edificios, casas, teatros, bibliotecas, universidades, hospitales, plazas, en fin, todo lo relacionado con espacios destinados tanto para resguardarnos como para desarrollar diferentes actividades.<\/p><p style=\"text-align: justify;\">As\u00ed pues, parte de esta industria est\u00e1 destinada a la fabricaci\u00f3n de toda la infraestructura de una ciudad, la cual consiste en todas las instalaciones que se necesitan para llevar a cabo las actividades econ\u00f3micas que promueven el crecimiento de un pa\u00eds, adem\u00e1s de las destinadas a establecer sistemas de comunicaci\u00f3n y transporte m\u00e1s eficaces.<\/p><p style=\"text-align: justify;\">Entre las construcciones de la infraestructura est\u00e1n las de las carreteras, calles y avenidas, as\u00ed como las torres de comunicaci\u00f3n para emitir se\u00f1ales telef\u00f3nicas, de radio, televisi\u00f3n e internet, adem\u00e1s de todos los sistemas para la distribuci\u00f3n de agua y electricidad, de tal forma que la totalidad de estos servicios atiendan de manera \u00f3ptima la alta demanda de las poblaciones.<\/p><p style=\"text-align: justify;\">Para erigir todo esto, se necesitan de materiales de la m\u00e1s alta calidad, como los <strong>techos y muros de Monterrey<\/strong> que se elaboran en Grimosa, una empresa regiomontana dedicada al dise\u00f1o, venta y distribuci\u00f3n de materia prima para la construcci\u00f3n, principalmente la que se utiliza en o para la edificaci\u00f3n de inmuebles destinados a cualquier industria.<\/p><p style=\"text-align: justify;\">Con esta previa explicaci\u00f3n, podemos afirmar que las empresas dedicadas a la industria de la construcci\u00f3n tienen una tarea monumental, no s\u00f3lo por la responsabilidad de erigir espacios de trabajo, educaci\u00f3n y descanso plenamente funcionales, sino tambi\u00e9n porque dichos sitios deben de ser duraderos y capaces de resistir la llegada de fen\u00f3menos naturales como lo son las lluvias torrenciales, los fuertes vientos o sismos.<\/p><p style=\"text-align: justify;\">Es por eso que la cuesti\u00f3n m\u00e1s importante por tomar en cuenta a la hora de realizar un proyecto para la construcci\u00f3n de un inmueble, es la de proporcionar m\u00e1ximas condiciones de seguridad a sus ocupantes, pues a la vez que la finalidad es fabricar espacios atractivos a la vista y c\u00f3modos para su uso, tambi\u00e9n lo es la de asegurar la protecci\u00f3n de todas las personas que utilizan dichos espacios.<\/p><p style=\"text-align: justify;\">Tomando todo esto en cuenta, Grimosa se ha dedicado a perfeccionar todos los materiales que fabrica, con el fin de que sean cada vez m\u00e1s resistentes, pr\u00e1cticos y duraderos, nuestro compromiso con la sociedad se demuestra en el hecho de que para nosotros la seguridad es lo m\u00e1s importante.<\/p><p style=\"text-align: justify;\">Los <strong>techos y muros de Monterrey<\/strong> que ofrecemos est\u00e1n fabricados con materiales muy resistentes a cualquier tipo de cambio de clima, como lo son las fuertes lluvias, remolinos, temblores, en resumen, todo fen\u00f3meno producido por la naturaleza, adem\u00e1s de que tenemos dise\u00f1os atractivos, combinando as\u00ed la belleza con la utilidad. A continuaci\u00f3n, explicaremos algunas caracter\u00edsticas de los techos y muros.<\/p><p style=\"text-align: justify;\">Los techos son las estructuras que se establecen en la parte superior de las construcciones, son sumamente importantes porque cubren el interior de todos los inmuebles y en caso de que se trate de edificaciones de varias plantas, tambi\u00e9n forman parte del piso del siguiente nivel.<\/p><p style=\"text-align: justify;\">Cuando se ubican en lo m\u00e1s alto del edificio o casa, tambi\u00e9n se les llama azoteas y tienen contacto directo con las condiciones del medio ambiente, pues impiden el paso de la luz, la lluvia, el viento, etc\u00e9tera; de tal manera que mantienen resguardados los interiores.<\/p><p style=\"text-align: justify;\">Entre los tipos de techos que existen, seg\u00fan el material con el que se fabricaron, est\u00e1n: los de madera (durante mucho tiempo fueron los m\u00e1s utilizados en la edificaci\u00f3n de las casas, debido a que es un material muy abundante en la naturaleza); de mamposter\u00eda (estos se sostienen de vigas de madera o metal); tejados (las tejas de barro se superponen y se instalan sobre estructuras met\u00e1licas); l\u00e1mina (de PVC, metal o fibra de vidrio), de concreto y los prefabricados.<\/p><p style=\"text-align: justify;\">Una de las peculiaridades de los techos prefabricados es que, como su nombre lo dice, son construidos en una planta, por lo que no est\u00e1n hechos precisamente a la medida del sitio, pero se pueden adaptar muy bien a cualquier inmueble, son f\u00e1ciles y r\u00e1pidos de colocar, y sus precios suelen ser econ\u00f3micos.<\/p><p style=\"text-align: justify;\">Por su parte, los muros son las obras verticales que delimitan los per\u00edmetros de los inmuebles y, al mismo tiempo, tambi\u00e9n separan las distintas estancias dentro de las propiedades, su principal caracter\u00edstica es que son justamente las construcciones que se encargan de sostener los techos y al igual que \u00e9stos, pueden ser exteriores o interiores.<\/p><p style=\"text-align: justify;\">Si son exteriores, entonces tendr\u00e1n un contacto directo con todas las condiciones clim\u00e1ticas y ambientales, por lo que su principal tarea es la de mantener protegidos los interiores de las edificaciones.<\/p><p style=\"text-align: justify;\">Algunos tipos de muros son: los de una hoja (bloques que se superponen unos con otros); doblado (dos hojas paralelas que son unidas por otro material), de relleno (dos hojas paralelas pero con una separaci\u00f3n, la cual est\u00e1 rellena con hormig\u00f3n), de mamposter\u00eda (formados por distintas clases y tama\u00f1os de piedras) y los de hormig\u00f3n (compuesto por cal, agua, cemento y tierra).<\/p><p style=\"text-align: justify;\">Los <strong>techos y muros de Monterrey<\/strong>, as\u00ed como todo el material que necesites para tus construcciones, lo encontrar\u00e1s en Grimosa; te invitamos a revisar nuestros cat\u00e1logos en l\u00ednea para conocer m\u00e1s acerca de nuestros productos, para m\u00e1s informaci\u00f3n, puedes llamarnos al n\u00famero (81) 8335-4552, o escr\u00edbenos al correo electr\u00f3nico <a href=\"mailto:ventas@grimosa.com.mx\">ventas@grimosa.com.mx<\/a>, en donde podemos hacer cotizaciones y pedidos. Grimosa es sin\u00f3nimo de calidad.<\/p>\t\t\t\t\t<\/div>\n\t\t\t\t\t\t<\/div>\n\t\t\t\t<\/div>\n\t\t\t\t\t\t<\/div>\n\t\t\t\t\t<\/div>\n\t\t<\/div>\n\t\t\t\t\t\t\t\t<\/div>\n\t\t\t\t\t<\/div>\n\t\t<\/section>\n\t\t\t\t\t\t\t\t\t<\/div>\n\t\t\t<\/div>\n\t\t\t\t\t<\/div>","protected":false},"excerpt":{"rendered":"<p>Una de las industrias m\u00e1s importantes para el pa\u00eds es la de la construcci\u00f3n, es decir, la que se encarga de erigir todo tipo de inmuebles, como lo son los edificios, casas, teatros, bibliotecas, universidades, hospitales, plazas, en fin, todo lo relacionado con espacios destinados tanto para resguardarnos como para desarrollar diferentes actividades. As\u00ed pues, &hellip;<\/p>\n<p class=\"read-more\"> <a class=\"\" href=\"https:\/\/grimosa.com.mx\/en\/techos-y-muros-monterrey\/\"> <span class=\"screen-reader-text\">Techos y muros Monterrey<\/span> Read More \u00bb<\/a><\/p>","protected":false},"author":1,"featured_media":0,"parent":0,"menu_order":0,"comment_status":"closed","ping_status":"closed","template":"elementor_header_footer","meta":{"site-sidebar-layout":"default","site-content-layout":"default","ast-main-header-display":"","ast-hfb-above-header-display":"","ast-hfb-below-header-display":"","ast-hfb-mobile-header-display":"","site-post-title":"","ast-breadcrumbs-content":"","ast-featured-img":"","footer-sml-layout":"","theme-transparent-header-meta":"","adv-header-id-meta":"","stick-header-meta":"","header-above-stick-meta":"","header-main-stick-meta":"","header-below-stick-meta":"","footnotes":"","_joinchat":[]},"_links":{"self":[{"href":"https:\/\/grimosa.com.mx\/en\/wp-json\/wp\/v2\/pages\/1217"}],"collection":[{"href":"https:\/\/grimosa.com.mx\/en\/wp-json\/wp\/v2\/pages"}],"about":[{"href":"https:\/\/grimosa.com.mx\/en\/wp-json\/wp\/v2\/types\/page"}],"author":[{"embeddable":true,"href":"https:\/\/grimosa.com.mx\/en\/wp-json\/wp\/v2\/users\/1"}],"replies":[{"embeddable":true,"href":"https:\/\/grimosa.com.mx\/en\/wp-json\/wp\/v2\/comments?post=1217"}],"version-history":[{"count":0,"href":"https:\/\/grimosa.com.mx\/en\/wp-json\/wp\/v2\/pages\/1217\/revisions"}],"wp:attachment":[{"href":"https:\/\/grimosa.com.mx\/en\/wp-json\/wp\/v2\/media?parent=1217"}],"curies":[{"name":"wp","href":"https:\/\/api.w.org\/{rel}","templated":true}]}}