{"id":1223,"date":"2016-03-21T12:03:35","date_gmt":"2016-03-21T18:03:35","guid":{"rendered":"http:\/\/grimosa.com.mx\/?page_id=1223"},"modified":"2021-06-16T13:41:54","modified_gmt":"2021-06-16T18:41:54","slug":"impermeabilizacion-monterrey","status":"publish","type":"page","link":"https:\/\/grimosa.com.mx\/en\/impermeabilizacion-monterrey\/","title":{"rendered":"Impermeabilizaci\u00f3n Monterrey"},"content":{"rendered":"<div data-elementor-type=\"wp-post\" data-elementor-id=\"1223\" class=\"elementor elementor-1223\">\n\t\t\t\t\t\t<div class=\"elementor-inner\">\n\t\t\t\t<div class=\"elementor-section-wrap\">\n\t\t\t\t\t\t\t\t\t<section class=\"elementor-section elementor-top-section elementor-element elementor-element-7607cab elementor-section-boxed elementor-section-height-default elementor-section-height-default\" data-id=\"7607cab\" data-element_type=\"section\">\n\t\t\t\t\t\t<div class=\"elementor-container elementor-column-gap-default\">\n\t\t\t\t\t\t\t<div class=\"elementor-row\">\n\t\t\t\t\t<div class=\"elementor-column elementor-col-100 elementor-top-column elementor-element elementor-element-0d2877d\" data-id=\"0d2877d\" data-element_type=\"column\">\n\t\t\t<div class=\"elementor-column-wrap elementor-element-populated\">\n\t\t\t\t\t\t\t<div class=\"elementor-widget-wrap\">\n\t\t\t\t\t\t<div class=\"elementor-element elementor-element-5619b7e elementor-widget elementor-widget-spacer\" data-id=\"5619b7e\" data-element_type=\"widget\" data-widget_type=\"spacer.default\">\n\t\t\t\t<div class=\"elementor-widget-container\">\n\t\t\t\t\t<div class=\"elementor-spacer\">\n\t\t\t<div class=\"elementor-spacer-inner\"><\/div>\n\t\t<\/div>\n\t\t\t\t<\/div>\n\t\t\t\t<\/div>\n\t\t\t\t<div class=\"elementor-element elementor-element-288059a elementor-widget elementor-widget-spacer\" data-id=\"288059a\" data-element_type=\"widget\" data-widget_type=\"spacer.default\">\n\t\t\t\t<div class=\"elementor-widget-container\">\n\t\t\t\t\t<div class=\"elementor-spacer\">\n\t\t\t<div class=\"elementor-spacer-inner\"><\/div>\n\t\t<\/div>\n\t\t\t\t<\/div>\n\t\t\t\t<\/div>\n\t\t\t\t\t\t<\/div>\n\t\t\t\t\t<\/div>\n\t\t<\/div>\n\t\t\t\t\t\t\t\t<\/div>\n\t\t\t\t\t<\/div>\n\t\t<\/section>\n\t\t\t\t<section class=\"elementor-section elementor-top-section elementor-element elementor-element-6413bf99 elementor-section-boxed elementor-section-height-default elementor-section-height-default\" data-id=\"6413bf99\" data-element_type=\"section\">\n\t\t\t\t\t\t<div class=\"elementor-container elementor-column-gap-default\">\n\t\t\t\t\t\t\t<div class=\"elementor-row\">\n\t\t\t\t\t<div class=\"elementor-column elementor-col-100 elementor-top-column elementor-element elementor-element-affc68a\" data-id=\"affc68a\" data-element_type=\"column\">\n\t\t\t<div class=\"elementor-column-wrap elementor-element-populated\">\n\t\t\t\t\t\t\t<div class=\"elementor-widget-wrap\">\n\t\t\t\t\t\t<div class=\"elementor-element elementor-element-5c6f4097 elementor-widget elementor-widget-text-editor\" data-id=\"5c6f4097\" data-element_type=\"widget\" data-widget_type=\"text-editor.default\">\n\t\t\t\t<div class=\"elementor-widget-container\">\n\t\t\t\t\t\t\t\t<div class=\"elementor-text-editor elementor-clearfix\">\n\t\t\t\t<p style=\"text-align: justify;\">La <strong>impermeabilizaci\u00f3n Monterrey<\/strong> es un proceso preventivo que se debe realizar eventualmente en nuestros bienes inmuebles para evitar afectaciones causadas por ciertas inclemencias clim\u00e1ticas, espec\u00edficamente, lluvias torrenciales. Seguramente piensas que por las caracter\u00edsticas geogr\u00e1ficas no deber\u00edamos estar tan preocupados por nuestros techos o superficies vulnerables a la acumulaci\u00f3n de agua, sin embargo, en los \u00faltimos a\u00f1os el clima se ha caracterizado por cambios impredecibles y la mejor forma de evitar cualquier tipo de siniestros es la de prevenir.<\/p><p style=\"text-align: justify;\">A continuaci\u00f3n te dejamos algunas consideraciones generales que son importantes y es necesario tomar en cuenta al momento de contratar un servicio de impermeabilizaci\u00f3n.<\/p><ul style=\"text-align: justify;\"><li>De pronto puede parecer un proceso bastante sencillo y f\u00e1cil de realizar. Sin embargo, lo m\u00e1s recomendable es contratar a un especialista para hacerse cargo, puesto que conoce muy bien cu\u00e1les son las sustancias a utilizar, cu\u00e1l es el mejor momento del d\u00eda para realizar el proceso y c\u00f3mo debe hacerse. Si bien, en Grimosa nos especializamos en proyectos industriales, podemos revisar una gran variedad de proyectos y encontrar una manera de trabajar con clientes particulares. La necesidad de contratar a profesionales en la <strong>impermeabilizaci\u00f3n Monterrey<\/strong> es para evitar una aplicaci\u00f3n defectuosa que al final nos haga triplicar nuestro presupuesto, dado que se debe invertir dinero para solucionar los da\u00f1os causados y posteriormente volver a realizar el procedimiento de impermeabilizaci\u00f3n de manera adecuada. Lo mejor, es hacer las cosas de manera adecuada desde el principio para evitarse este tipo de inconvenientes.<\/li><\/ul><ul style=\"text-align: justify;\"><li>Cada establecimiento es \u00fanico y si se trata de un lugar destinado para el comercio, tiene ciertas necesidades propias dependiendo del sector comercial en el que se encuentre. Siguiendo esta l\u00f3gica es importante que al momento de dise\u00f1ar un proyecto de impermeabilizaci\u00f3n, tanto el cliente como el proveedor detallen cu\u00e1les son las necesidades propias de esa empresa y c\u00f3mo se puede realizar todo el proceso sin afectar las funciones diarias. Sucede que en muchos establecimientos los d\u00edas muertos pueden llegar a resultar una detenci\u00f3n grave de sus recursos. En ese sentido, el proveedor debe buscar la manera m\u00e1s c\u00f3moda para ambos. Tambi\u00e9n es importante comprender que cada cliente es \u00fanico, una soluci\u00f3n no siempre ser\u00e1 efectiva con todos y cada uno de ellos. Nuestro equipo de trabajo tiene la firme idea de que cada cliente merece una atenci\u00f3n propia y siempre ajustamos los planes de trabajo, as\u00ed como los materiales a las necesidades espec\u00edficas que ellos nos planteen.<\/li><\/ul><ul style=\"text-align: justify;\"><li>El tiempo que lleva la construcci\u00f3n tambi\u00e9n definir\u00e1 el m\u00e9todo adecuado para realizar la labor de impermeabilizaci\u00f3n. Por ejemplo, en un edificio nuevo no habr\u00eda necesidad de hacer un mantenimiento tan profundo dado que la protecci\u00f3n contra el agua tuvo que haberse hecho durante la construcci\u00f3n y es relativamente nueva. Todo lo contrario sucede con establecimientos m\u00e1s antiguos, en los que la revisi\u00f3n de las condiciones de impermeabilizaci\u00f3n deben ser mucho m\u00e1s cuidadosas y constantes con el fin de evitar fugas de agua o que se trasminen l\u00edquidos y da\u00f1en permanentemente las condiciones del concreto. La forma de los techos son otras caracter\u00edsticas en la planeaci\u00f3n del proceso de impermeabilizaci\u00f3n dado que la forma en c\u00f3mo cae el agua y se distribuye sobre una azotea, var\u00eda dependiendo el tipo de construcci\u00f3n.<\/li><\/ul><ul style=\"text-align: justify;\"><li>El momento m\u00e1s adecuado para realizar cualquier tipo de impermeabilizaci\u00f3n depender\u00e1 mucho de las condiciones climatol\u00f3gicas. Dado que las sustancias colocadas reaccionan de manera a distinta a cada una de las caracter\u00edsticas estacionarias, debe haber siempre un c\u00e1lculo lo suficientemente preciso como para que el impermeabilizante quede bien fijado y no haya la posibilidad de que se corra con el agua. Uno de los mejores momentos para realizar las aplicaciones es previo a la temporada de lluvias. Si est\u00e1s acostumbrado a realizar planeaciones anuales siempre toma en cuenta las previsiones necesarias para no dejar pasar este importante procedimiento del mantenimiento preventivo.<\/li><\/ul><ul style=\"text-align: justify;\"><li>Como \u00faltimo punto, es de suma importancia que consideres la <strong>impermeabilizaci\u00f3n Monterrey<\/strong> como una inversi\u00f3n y un aditivo para el mantenimiento que exige tanto de los materiales de m\u00e1s alta calidad como el equipo profesional para realizar esta actividad. Los problemas que pueden surgir a partir del trasminado de agua en las estructuras puede ser realmente da\u00f1inos y traer consigo una serie de problemas colaterales que pueden comprometer seriamente el estado de la construcci\u00f3n.<\/li><\/ul><p style=\"text-align: justify;\">Grimosa se caracteriza por ser una empresa integral en la que tomamos en cuenta cada uno de los puntos establecidos anteriormente, pero m\u00e1s all\u00e1 de estas, el pleno conocimiento de nuestro oficio es el que nos permite ofrecer uno de los servicios de m\u00e1s alta calidad de <strong>impermeabilizaci\u00f3n Monterrey<\/strong>. Esto tambi\u00e9n sucede porque nos especializamos en diversos procesos industriales relacionados directamente con el cuidado de las estructuras en edificios y otros establecimientos.<\/p><p style=\"text-align: justify;\">Te invitamos a recorrer nuestra p\u00e1gina en donde podr\u00e1s descubrir algunos de los servicios alternativos que ponemos a tu disposici\u00f3n: naves industriales, estructuras de acero, roofs garden, entre otros. Al conocer a la perfecci\u00f3n estos procesos de construcci\u00f3n tenemos la oportunidad de ofrecer servicios de calidad y altamente avanzados en cuanto a impermeabilizaci\u00f3n y mantenimiento de las estructuras de construcci\u00f3n.<\/p><p style=\"text-align: justify;\">Por \u00faltimo, te invitamos a consultar peri\u00f3dicamente nuestro nuevo blog, pues en \u00e9l estaremos compartiendo informaci\u00f3n sobre nosotros, los servicios que ofreceos y procesos de compra. Como un plus, tambi\u00e9n podr\u00e1s encontrar una serie de recomendaciones e informaci\u00f3n \u00fatil para el mantenimiento de tus construcciones, edificios e inmuebles privados o comerciales.<\/p><p style=\"text-align: justify;\">Si buscas una atenci\u00f3n mucho m\u00e1s personalizada puedes escribirnos a <a href=\"mailto:ventas@grimosa.com.mx\">ventas@grimosa.com.mx<\/a> o llamarnos al (81) 8335 45 52.<\/p>\t\t\t\t\t<\/div>\n\t\t\t\t\t\t<\/div>\n\t\t\t\t<\/div>\n\t\t\t\t\t\t<\/div>\n\t\t\t\t\t<\/div>\n\t\t<\/div>\n\t\t\t\t\t\t\t\t<\/div>\n\t\t\t\t\t<\/div>\n\t\t<\/section>\n\t\t\t\t\t\t\t\t\t<\/div>\n\t\t\t<\/div>\n\t\t\t\t\t<\/div>","protected":false},"excerpt":{"rendered":"<p>La impermeabilizaci\u00f3n Monterrey es un proceso preventivo que se debe realizar eventualmente en nuestros bienes inmuebles para evitar afectaciones causadas por ciertas inclemencias clim\u00e1ticas, espec\u00edficamente, lluvias torrenciales. Seguramente piensas que por las caracter\u00edsticas geogr\u00e1ficas no deber\u00edamos estar tan preocupados por nuestros techos o superficies vulnerables a la acumulaci\u00f3n de agua, sin embargo, en los \u00faltimos &hellip;<\/p>\n<p class=\"read-more\"> <a class=\"\" href=\"https:\/\/grimosa.com.mx\/en\/impermeabilizacion-monterrey\/\"> <span class=\"screen-reader-text\">Impermeabilizaci\u00f3n Monterrey<\/span> Read More \u00bb<\/a><\/p>","protected":false},"author":1,"featured_media":0,"parent":0,"menu_order":0,"comment_status":"closed","ping_status":"closed","template":"elementor_header_footer","meta":{"site-sidebar-layout":"default","site-content-layout":"default","ast-main-header-display":"","ast-hfb-above-header-display":"","ast-hfb-below-header-display":"","ast-hfb-mobile-header-display":"","site-post-title":"","ast-breadcrumbs-content":"","ast-featured-img":"","footer-sml-layout":"","theme-transparent-header-meta":"","adv-header-id-meta":"","stick-header-meta":"","header-above-stick-meta":"","header-main-stick-meta":"","header-below-stick-meta":"","footnotes":"","_joinchat":[]},"_links":{"self":[{"href":"https:\/\/grimosa.com.mx\/en\/wp-json\/wp\/v2\/pages\/1223"}],"collection":[{"href":"https:\/\/grimosa.com.mx\/en\/wp-json\/wp\/v2\/pages"}],"about":[{"href":"https:\/\/grimosa.com.mx\/en\/wp-json\/wp\/v2\/types\/page"}],"author":[{"embeddable":true,"href":"https:\/\/grimosa.com.mx\/en\/wp-json\/wp\/v2\/users\/1"}],"replies":[{"embeddable":true,"href":"https:\/\/grimosa.com.mx\/en\/wp-json\/wp\/v2\/comments?post=1223"}],"version-history":[{"count":0,"href":"https:\/\/grimosa.com.mx\/en\/wp-json\/wp\/v2\/pages\/1223\/revisions"}],"wp:attachment":[{"href":"https:\/\/grimosa.com.mx\/en\/wp-json\/wp\/v2\/media?parent=1223"}],"curies":[{"name":"wp","href":"https:\/\/api.w.org\/{rel}","templated":true}]}}