{"id":1227,"date":"2016-03-21T12:04:44","date_gmt":"2016-03-21T18:04:44","guid":{"rendered":"http:\/\/grimosa.com.mx\/?page_id=1227"},"modified":"2021-06-16T13:10:39","modified_gmt":"2021-06-16T18:10:39","slug":"estructuras-de-acero-monterrey","status":"publish","type":"page","link":"https:\/\/grimosa.com.mx\/en\/estructuras-de-acero-monterrey\/","title":{"rendered":"Estructuras de acero Monterrey"},"content":{"rendered":"<div data-elementor-type=\"wp-post\" data-elementor-id=\"1227\" class=\"elementor elementor-1227\">\n\t\t\t\t\t\t<div class=\"elementor-inner\">\n\t\t\t\t<div class=\"elementor-section-wrap\">\n\t\t\t\t\t\t\t\t\t<section class=\"elementor-section elementor-top-section elementor-element elementor-element-294a5a8 elementor-section-boxed elementor-section-height-default elementor-section-height-default\" data-id=\"294a5a8\" data-element_type=\"section\">\n\t\t\t\t\t\t<div class=\"elementor-container elementor-column-gap-default\">\n\t\t\t\t\t\t\t<div class=\"elementor-row\">\n\t\t\t\t\t<div class=\"elementor-column elementor-col-100 elementor-top-column elementor-element elementor-element-48b1c5f\" data-id=\"48b1c5f\" data-element_type=\"column\">\n\t\t\t<div class=\"elementor-column-wrap elementor-element-populated\">\n\t\t\t\t\t\t\t<div class=\"elementor-widget-wrap\">\n\t\t\t\t\t\t<div class=\"elementor-element elementor-element-fc887ab elementor-widget elementor-widget-spacer\" data-id=\"fc887ab\" data-element_type=\"widget\" data-widget_type=\"spacer.default\">\n\t\t\t\t<div class=\"elementor-widget-container\">\n\t\t\t\t\t<div class=\"elementor-spacer\">\n\t\t\t<div class=\"elementor-spacer-inner\"><\/div>\n\t\t<\/div>\n\t\t\t\t<\/div>\n\t\t\t\t<\/div>\n\t\t\t\t<div class=\"elementor-element elementor-element-ee98056 elementor-widget elementor-widget-spacer\" data-id=\"ee98056\" data-element_type=\"widget\" data-widget_type=\"spacer.default\">\n\t\t\t\t<div class=\"elementor-widget-container\">\n\t\t\t\t\t<div class=\"elementor-spacer\">\n\t\t\t<div class=\"elementor-spacer-inner\"><\/div>\n\t\t<\/div>\n\t\t\t\t<\/div>\n\t\t\t\t<\/div>\n\t\t\t\t\t\t<\/div>\n\t\t\t\t\t<\/div>\n\t\t<\/div>\n\t\t\t\t\t\t\t\t<\/div>\n\t\t\t\t\t<\/div>\n\t\t<\/section>\n\t\t\t\t<section class=\"elementor-section elementor-top-section elementor-element elementor-element-20be87ba elementor-section-boxed elementor-section-height-default elementor-section-height-default\" data-id=\"20be87ba\" data-element_type=\"section\">\n\t\t\t\t\t\t<div class=\"elementor-container elementor-column-gap-default\">\n\t\t\t\t\t\t\t<div class=\"elementor-row\">\n\t\t\t\t\t<div class=\"elementor-column elementor-col-100 elementor-top-column elementor-element elementor-element-5c9080d1\" data-id=\"5c9080d1\" data-element_type=\"column\">\n\t\t\t<div class=\"elementor-column-wrap elementor-element-populated\">\n\t\t\t\t\t\t\t<div class=\"elementor-widget-wrap\">\n\t\t\t\t\t\t<div class=\"elementor-element elementor-element-54e8d420 elementor-widget elementor-widget-text-editor\" data-id=\"54e8d420\" data-element_type=\"widget\" data-widget_type=\"text-editor.default\">\n\t\t\t\t<div class=\"elementor-widget-container\">\n\t\t\t\t\t\t\t\t<div class=\"elementor-text-editor elementor-clearfix\">\n\t\t\t\t<p style=\"text-align: justify;\">Bienvenido sea al portal web de Grimosa, donde le brindamos a nuestros lectores, informaci\u00f3n relevante sobre los diversos servicios y productos que ofrecemos. En esta ocasi\u00f3n, hablaremos sobre las <strong>estructuras de acero Monterrey<\/strong>, las cuales, son muy utilizadas por las industrias constructoras gracias a sus caracter\u00edsticas, \u00fanicas en su tipo. Quiz\u00e1s despu\u00e9s de terminar esta lectura, usted, querido lector, quede convencido de las maravillas de esta pieza con la que nos hemos ganado la simpat\u00eda y el aprecio de muchos clientes en el \u00e1rea regiomontana. Sin m\u00e1s dilaciones, demos inicio a esta publicaci\u00f3n que esperamos sea de su agrado.<\/p><p style=\"text-align: justify;\">La capital neoleonesa es sin duda uno de los proyectos urbanos m\u00e1s pr\u00f3speros y ambiciosos gracias a diversos factores, por ejemplo, la voluntad y empe\u00f1o de los regiomontanos y los recursos materiales con que fue construida la ciudad. Entre estos \u00faltimos, el acero desempe\u00f1a un papel importante, pues a partir de \u00e9l se confeccionan diversos productos indispensables en la vida cotidiana de los hombres y mujeres.<\/p><p style=\"text-align: justify;\">Los metales y aleaciones usadas para la construcci\u00f3n de recintos, edificios, entre otros establecimientos, pueden agruparse en dos bloques, a saber, los ferrosos y los no ferrosos. Los ferrosos son aquellos que poseen como principal componente al hierro (el acero es una mezcla que forma parte de este grupo), Los no ferrosos, por obviedad, se intuye que no contienen hierro. Entre ellos destacan el cobre, el plomo, el aluminio (el bronce y el lat\u00f3n son mezclas que pertenecen a este bloque).<\/p><p style=\"text-align: justify;\">El acero es una de las materias m\u00e1s utilizadas por las industrias constructoras, con la que millones de personas como usted o su servidor, disponemos de una vivienda d\u00f3nde sentirnos seguros de los peligros que representa el mundo exterior. Con el t\u00e9rmino acero se designa a una mezcolanza de hierro y carbono en cantidades variables. Cabe mencionar que no se encuentra en la naturaleza sino que las aleaciones se realizan por m\u00e9todos artificiales, esto se debe a que el hierro reacciona f\u00e1cilmente con el ox\u00edgeno, derivando en herrumbre. Por ello, el acero es confeccionado de manera que sea capaz de soportar ante las condiciones ambientales que imperan en las zonas pobladas por el hombre.<\/p><p style=\"text-align: justify;\">Se trata de uno de los materiales m\u00e1s resistentes. Basta con mencionar que es un elemento b\u00e1sico en la fabricaci\u00f3n de productos blindados. Asimismo, es empleado en la producci\u00f3n de materiales de construcci\u00f3n. Para las construcciones de tipo residencial se suele usar el hormig\u00f3n como elemento base, mientras que el acero es empleado para el sector p\u00fablico e industrial. Es sin duda uno de los materiales m\u00e1s maleables y adaptables, por ello, ofrece una inmensa gama de posibilidades.<\/p><p style=\"text-align: justify;\">Desde hace siglos la humanidad lo utiliza con constancia debido a sus m\u00faltiples aplicaciones, as\u00ed como sus cualidades funcionales y constructivas. Cabe mencionar que tanto arquitectos como ingenieros disponen de \u00e9l, con la finalidad de crear proyectos durables y de alta calidad. Con lo mencionado hasta aqu\u00ed es suficiente para confiar en aquellos productos elaborados con este material, el cual se ha vuelto en un elemento est\u00e1ndar para muchas industrias.<\/p><p style=\"text-align: justify;\">Las estructuras de acero son de las piezas m\u00e1s confiables para el mundo de la construcci\u00f3n. No en vano, se han convertido en piezas claves para la concreci\u00f3n de proyectos de ingenier\u00eda civil, comercial e industrial, tanto en Monterrey como en otras ciudades del mundo.\u00a0 Las <strong>estructuras de acero Monterrey<\/strong> han permitido que en esta urbe mexicana se construyan establecimientos con probabilidad de modificaciones, ya sea de cargas o funciones. Tambi\u00e9n han permitido levantar edificaciones sobre terrenos deficientes y crear construcciones en grandes espacios al aire libre como salones, locales p\u00fablicos, entre otros.<\/p><p style=\"text-align: justify;\">Si usted necesita de estas piezas para concretar sus proyectos de construcci\u00f3n, lo m\u00e1s recomendable es acudir a una firma proveedora que se distinga por ofrecer los mejores productos y servicios en la capital leonesa, una firma como Grimosa. Somos expertos en todo lo relativo a piezas estructurales de acero, por ello, con el pasar del tiempo nos hemos ganado la estima de muchas personas y empresas. Entre las <strong>estructuras de acero Monterrey<\/strong> que ofrecemos para dise\u00f1o, fabricaci\u00f3n y montaje, destacan las siguientes:<\/p><ul style=\"text-align: justify;\"><li>Vigas (3 placas, Casteladas, IPR).<\/li><li>Armaduras (Angulo, PER).<\/li><li>\u00a0<\/li><li>Columnas (Tubo, Celos\u00eda de \u00e1ngulo, 3 y 4 placas, Poll\u00edn, OR, Canal, IPR).<\/li><\/ul><p style=\"text-align: justify;\">A continuaci\u00f3n, le diremos algunas de las ventajas implicadas en el uso de <strong>estructuras de acero Monterrey<\/strong>:<\/p><ul style=\"text-align: justify;\"><li>Son sumamente resistentes, e incluso ocupan mucho menos espacio que otros materiales convencionales como el concreto.<\/li><li>Son bastante uniformes, pues sus propiedades no se transforman con el pasar del tiempo.<\/li><li>Se pueden hacer reformaciones de forma sencilla para adaptarlas a nuevos usos dentro del establecimiento donde se instalen.<\/li><li>Son f\u00e1ciles de montar y muy baratas.<\/li><li>Son ligeras y pueden laminarse econ\u00f3micamente.<\/li><li>Son anticorrosivas.<\/li><li>Son capaces de aguantar incluso en casos extremos como los sismos.<\/li><li>Pueden reutilizarse ya que el acero es un material reciclable.<\/li><li>Poseen un costo menor en cimentaci\u00f3n que otros materiales como el hormig\u00f3n.<\/li><\/ul><p style=\"text-align: justify;\">Son sin duda muchas las ventajas y los beneficios que proporcionan las estructuras fabricadas con acero, a causa de ello, no pueden faltar en ning\u00fan establecimiento comercial, p\u00fablico e industrial. Si usted desea que su proyecto de construcci\u00f3n se efect\u00fae de la mejor manera, con rapidez y con la m\u00e1s alta calidad, no debe pasar por alto la oportunidad de utilizar a estas piezas. Adqui\u00e9ralas con nosotros, Grimosa, le garantizamos que obtendr\u00e1 plena satisfacci\u00f3n. Somos por mucho, la mejor opci\u00f3n si de comerciar con estructuras de acero se trata.<\/p>\t\t\t\t\t<\/div>\n\t\t\t\t\t\t<\/div>\n\t\t\t\t<\/div>\n\t\t\t\t\t\t<\/div>\n\t\t\t\t\t<\/div>\n\t\t<\/div>\n\t\t\t\t\t\t\t\t<\/div>\n\t\t\t\t\t<\/div>\n\t\t<\/section>\n\t\t\t\t\t\t\t\t\t<\/div>\n\t\t\t<\/div>\n\t\t\t\t\t<\/div>","protected":false},"excerpt":{"rendered":"<p>Bienvenido sea al portal web de Grimosa, donde le brindamos a nuestros lectores, informaci\u00f3n relevante sobre los diversos servicios y productos que ofrecemos. En esta ocasi\u00f3n, hablaremos sobre las estructuras de acero Monterrey, las cuales, son muy utilizadas por las industrias constructoras gracias a sus caracter\u00edsticas, \u00fanicas en su tipo. Quiz\u00e1s despu\u00e9s de terminar esta &hellip;<\/p>\n<p class=\"read-more\"> <a class=\"\" href=\"https:\/\/grimosa.com.mx\/en\/estructuras-de-acero-monterrey\/\"> <span class=\"screen-reader-text\">Estructuras de acero Monterrey<\/span> Read More \u00bb<\/a><\/p>","protected":false},"author":1,"featured_media":0,"parent":0,"menu_order":0,"comment_status":"closed","ping_status":"closed","template":"elementor_header_footer","meta":{"site-sidebar-layout":"default","site-content-layout":"default","ast-main-header-display":"","ast-hfb-above-header-display":"","ast-hfb-below-header-display":"","ast-hfb-mobile-header-display":"","site-post-title":"","ast-breadcrumbs-content":"","ast-featured-img":"","footer-sml-layout":"","theme-transparent-header-meta":"","adv-header-id-meta":"","stick-header-meta":"","header-above-stick-meta":"","header-main-stick-meta":"","header-below-stick-meta":"","footnotes":"","_joinchat":[]},"_links":{"self":[{"href":"https:\/\/grimosa.com.mx\/en\/wp-json\/wp\/v2\/pages\/1227"}],"collection":[{"href":"https:\/\/grimosa.com.mx\/en\/wp-json\/wp\/v2\/pages"}],"about":[{"href":"https:\/\/grimosa.com.mx\/en\/wp-json\/wp\/v2\/types\/page"}],"author":[{"embeddable":true,"href":"https:\/\/grimosa.com.mx\/en\/wp-json\/wp\/v2\/users\/1"}],"replies":[{"embeddable":true,"href":"https:\/\/grimosa.com.mx\/en\/wp-json\/wp\/v2\/comments?post=1227"}],"version-history":[{"count":0,"href":"https:\/\/grimosa.com.mx\/en\/wp-json\/wp\/v2\/pages\/1227\/revisions"}],"wp:attachment":[{"href":"https:\/\/grimosa.com.mx\/en\/wp-json\/wp\/v2\/media?parent=1227"}],"curies":[{"name":"wp","href":"https:\/\/api.w.org\/{rel}","templated":true}]}}