{"id":1232,"date":"2016-03-21T12:07:26","date_gmt":"2016-03-21T18:07:26","guid":{"rendered":"http:\/\/grimosa.com.mx\/?page_id=1232"},"modified":"2022-01-03T11:36:37","modified_gmt":"2022-01-03T17:36:37","slug":"estructuras-metalicas-monterrey","status":"publish","type":"page","link":"https:\/\/grimosa.com.mx\/en\/blog\/estructuras-metalicas-monterrey\/","title":{"rendered":"Estructuras met\u00e1licas Monterrey"},"content":{"rendered":"<div data-elementor-type=\"wp-post\" data-elementor-id=\"1232\" class=\"elementor elementor-1232\">\n\t\t\t\t\t\t<div class=\"elementor-inner\">\n\t\t\t\t<div class=\"elementor-section-wrap\">\n\t\t\t\t\t\t\t\t\t<section class=\"elementor-section elementor-top-section elementor-element elementor-element-31f44db1 elementor-section-boxed elementor-section-height-default elementor-section-height-default\" data-id=\"31f44db1\" data-element_type=\"section\">\n\t\t\t\t\t\t<div class=\"elementor-container elementor-column-gap-default\">\n\t\t\t\t\t\t\t<div class=\"elementor-row\">\n\t\t\t\t\t<div class=\"elementor-column elementor-col-100 elementor-top-column elementor-element elementor-element-7fa25bd3\" data-id=\"7fa25bd3\" data-element_type=\"column\">\n\t\t\t<div class=\"elementor-column-wrap elementor-element-populated\">\n\t\t\t\t\t\t\t<div class=\"elementor-widget-wrap\">\n\t\t\t\t\t\t<div class=\"elementor-element elementor-element-f7ecadf elementor-widget elementor-widget-heading\" data-id=\"f7ecadf\" data-element_type=\"widget\" data-widget_type=\"heading.default\">\n\t\t\t\t<div class=\"elementor-widget-container\">\n\t\t\t<h2 class=\"elementor-heading-title elementor-size-xxl\">Estructuras met\u00e1licas Monterrey<\/h2>\t\t<\/div>\n\t\t\t\t<\/div>\n\t\t\t\t\t\t<\/div>\n\t\t\t\t\t<\/div>\n\t\t<\/div>\n\t\t\t\t\t\t\t\t<\/div>\n\t\t\t\t\t<\/div>\n\t\t<\/section>\n\t\t\t\t<section class=\"elementor-section elementor-top-section elementor-element elementor-element-30bfee2 elementor-section-boxed elementor-section-height-default elementor-section-height-default\" data-id=\"30bfee2\" data-element_type=\"section\">\n\t\t\t\t\t\t<div class=\"elementor-container elementor-column-gap-default\">\n\t\t\t\t\t\t\t<div class=\"elementor-row\">\n\t\t\t\t\t<div class=\"elementor-column elementor-col-100 elementor-top-column elementor-element elementor-element-b9e26d0\" data-id=\"b9e26d0\" data-element_type=\"column\">\n\t\t\t<div class=\"elementor-column-wrap elementor-element-populated\">\n\t\t\t\t\t\t\t<div class=\"elementor-widget-wrap\">\n\t\t\t\t\t\t<div class=\"elementor-element elementor-element-41a5fa69 elementor-widget elementor-widget-text-editor\" data-id=\"41a5fa69\" data-element_type=\"widget\" data-widget_type=\"text-editor.default\">\n\t\t\t\t<div class=\"elementor-widget-container\">\n\t\t\t\t\t\t\t\t<div class=\"elementor-text-editor elementor-clearfix\">\n\t\t\t\t<p style=\"text-align: justify;\">El uso de metales en sistemas constructivos se remonta a la antigua Grecia donde eran utilizados en forma de vigas de hierro forjado para reforzar algunos templos, lo mismo ocurri\u00f3 durante le Edad Media, cuando algunos elementos de hierro se incorporaban a las naves de las catedrales para ofrecer un mejor soporte. Sin embargo, no se reconoce el uso de metal como elemento estructural sino hasta el siglo XVIII, cuando se emplearon columnas de fundici\u00f3n de hierro para construir la C\u00e1mara de los Comunes en el Reino Unido.<\/p><p style=\"text-align: justify;\">Unos a\u00f1os m\u00e1s tarde, ya entrado el siglo XIX, el uso de hierro en la construcci\u00f3n dio origen a una nueva arquitectura con la Revoluci\u00f3n Industrial, \u00e9poca en la que apareci\u00f3 la producci\u00f3n estandarizada de piezas met\u00e1licas para construcci\u00f3n. El metal lleg\u00f3 entonces a reemplazar la madera y en esta \u00e9poca se distinguen algunas obras arquitect\u00f3nicas de alta complejidad estructural que emplearon este material que estaba alcanzando su auge en el \u00e1mbito de la construcci\u00f3n: el Palacio de Cristal de Joseph Paxton, en Londres, La Calerie des Machine, de Ch. Duter en Par\u00eds y la Torre Eiffel en el mismo lugar.<\/p><p style=\"text-align: justify;\">Desde entonces el uso de estructuras met\u00e1licas permanece como el m\u00e1s difundido como sistema constructivo gracias a que ofrece m\u00faltiples ventajas en plazos de obra y una excelente relaci\u00f3n coste de mano de obra-coste de materiales. Cabe destacar que las construcciones que emplean estructuras met\u00e1licas requieren cimentaciones de hormig\u00f3n y por lo regular se hacen losas y forjados en este material, que con la aparici\u00f3n del concreto dio lugar a lo que se conoce hoy en d\u00eda como hormig\u00f3n armado.<\/p><p style=\"text-align: justify;\">Como ya mencionamos, el uso de estructuras met\u00e1licas est\u00e1 bastante difundido en pa\u00edses de todo el mundo y M\u00e9xico no es la excepci\u00f3n. Esto se debe a que el uso de este material ofrece muchas ventajas por las propiedades de los metales, siendo su capacidad de resistencia una de las m\u00e1s apreciadas. De ello que hoy en d\u00eda se encuentren este tipo de estructuras principalmente en edificios con caracter\u00edsticas de gran singularidad, como una gran altura. Las <strong>estructuras met\u00e1licas Monterrey <\/strong>m\u00e1s empleadas son aquellas que se fabrican de acero y se eligen sobre otros sistemas constructivos gracias a que soportan grandes cargas, tienen la mejor capacidad resistente, ofrecen soluciones de gran envergadura y al tratarse de piezas prefabricadas y contar con medios de uni\u00f3n de una gran flexibilidad, los plazos de obra se pueden acortar significativamente, lo que representa ventajas econ\u00f3micas.<\/p><p style=\"text-align: justify;\">La estructura caracter\u00edstica de sistemas constructivos basados en uso de metales es el entramado con nudos articulados, empleando vigas apoyadas o continuas y complementos de celos\u00eda para arriostrar el conjunto. Tambi\u00e9n se aplican esquemas de nudos r\u00edgidos y tornillos para uniones combinados con resinas. Las <strong>estructuras met\u00e1licas Monterrey <\/strong>en t\u00e9rminos estructurales, deben reunir las mismas condiciones que las estructuras de hormig\u00f3n, por lo que su dise\u00f1o tiene que resistir esfuerzos verticales y horizontales. Lo m\u00e1s com\u00fan es que se empleen nudos articulados y esto implica que se debe rigidizar la estructura con pantallas adicionales de hormig\u00f3n armado, o bien, usando triangulaciones, tambi\u00e9n llamadas cruces de San Andr\u00e9s. En caso de que las estructuras sean de nudos r\u00edgidos, para darle al sistema la capacidad de resistir cargas horizontales se deben emplear las mismas soluciones que se utilizan en estructuras de hormig\u00f3n armado.<\/p><p style=\"text-align: justify;\">Una estructura met\u00e1lica se realiza uniendo barras con perfiles de diferentes tipos como el T, el perfil doble T, el perfil H, el de secci\u00f3n redonda o el de secci\u00f3n cuadrada, entre otros. Estas barras trabajan a diferentes esfuerzos de compresi\u00f3n y flexi\u00f3n y se eligen seg\u00fan las necesidades espec\u00edficas de la construcci\u00f3n en cuesti\u00f3n. Por ejemplo, cuando el esfuerzo principal es de compresi\u00f3n, las barras utilizadas son de perfil H o de perfiles compuestos con momentos de inercia similares en relaci\u00f3n con los dos ejes principales de la estructura. En caso de que se requiera que la barra trabaje a esfuerzos de flexi\u00f3n, los perfiles utilizados son los que presentan un m\u00e1ximo momento de inercia para una misma cantidad de material. Los que re\u00fanen esta caracter\u00edstica y son m\u00e1s aptos para esta aplicaci\u00f3n son los perfiles IPE e IPN, pero tambi\u00e9n se pueden utilizar perfiles compuestos, por lo regular de alma llena con secciones doble T y C.<\/p><p style=\"text-align: justify;\">El uso de estructuras met\u00e1licas representa las mayores ventajas en construcciones que se tienen que realizar en tiempos reducidos y en construcciones que se ubican en zonas muy congestionadas, como aquellas que se encuentran en centros urbanos o industriales con accesos dif\u00edciles; en edificios que tengan probabilidad de crecimiento o de sufrir cambios de funci\u00f3n, lo que representa un cambio de cargas; en edificios construidos sobre terrenos deficientes donde no se puede prever la presencia de asientos diferenciales; en construcciones que dispondr\u00e1n de grandes espacios libres, como pueden ser centros comerciales, salones o centros deportivos. Por el contrario, en edificaciones que se encuentren en \u00e1reas en las que prevalecen condiciones clim\u00e1ticas extremas o atm\u00f3sfera agresiva, como puede ser en zonas marinas, en construcciones con grandes acciones din\u00e1micas y en aquellas con tendencia a la carga del fuego, como almacenes y laboratorios, no se recomienda emplear estructuras met\u00e1licas como sistema constructivo.<\/p><p style=\"text-align: justify;\">En GRIMOSA nos especializamos en el dise\u00f1o, fabricaci\u00f3n y montaje de <strong>estructuras met\u00e1licas Monterrey <\/strong>como vigas, armaduras, joist y columnas. Para conocer a detalle el tipo de estructuras que ponemos a tu disposici\u00f3n, te invitamos a visitar nuestro cat\u00e1logo en l\u00ednea en el que encontrar\u00e1s columnas de tres y cuatro placas, celos\u00eda de \u00e1ngulo, OR, IPR, poll\u00edn, canal y tubo, armaduras PER y de \u00e1ngulo y vigas de tres placas, casteladas e IPR, entre otras. Si tienes alguna duda sobre nuestros servicios o deseas cotizar, cont\u00e1ctanos, con gusto te atenderemos.<\/p>\t\t\t\t\t<\/div>\n\t\t\t\t\t\t<\/div>\n\t\t\t\t<\/div>\n\t\t\t\t\t\t<\/div>\n\t\t\t\t\t<\/div>\n\t\t<\/div>\n\t\t\t\t\t\t\t\t<\/div>\n\t\t\t\t\t<\/div>\n\t\t<\/section>\n\t\t\t\t\t\t\t\t\t<\/div>\n\t\t\t<\/div>\n\t\t\t\t\t<\/div>","protected":false},"excerpt":{"rendered":"<p>Estructuras met\u00e1licas Monterrey El uso de metales en sistemas constructivos se remonta a la antigua Grecia donde eran utilizados en forma de vigas de hierro forjado para reforzar algunos templos, lo mismo ocurri\u00f3 durante le Edad Media, cuando algunos elementos de hierro se incorporaban a las naves de las catedrales para ofrecer un mejor soporte. &hellip;<\/p>\n<p class=\"read-more\"> <a class=\"\" href=\"https:\/\/grimosa.com.mx\/en\/blog\/estructuras-metalicas-monterrey\/\"> <span class=\"screen-reader-text\">Estructuras met\u00e1licas Monterrey<\/span> Read More \u00bb<\/a><\/p>","protected":false},"author":1,"featured_media":0,"parent":89,"menu_order":0,"comment_status":"closed","ping_status":"closed","template":"elementor_header_footer","meta":{"site-sidebar-layout":"default","site-content-layout":"default","ast-main-header-display":"","ast-hfb-above-header-display":"","ast-hfb-below-header-display":"","ast-hfb-mobile-header-display":"","site-post-title":"","ast-breadcrumbs-content":"","ast-featured-img":"","footer-sml-layout":"","theme-transparent-header-meta":"default","adv-header-id-meta":"","stick-header-meta":"default","header-above-stick-meta":"","header-main-stick-meta":"","header-below-stick-meta":"","footnotes":"","_joinchat":[]},"_links":{"self":[{"href":"https:\/\/grimosa.com.mx\/en\/wp-json\/wp\/v2\/pages\/1232"}],"collection":[{"href":"https:\/\/grimosa.com.mx\/en\/wp-json\/wp\/v2\/pages"}],"about":[{"href":"https:\/\/grimosa.com.mx\/en\/wp-json\/wp\/v2\/types\/page"}],"author":[{"embeddable":true,"href":"https:\/\/grimosa.com.mx\/en\/wp-json\/wp\/v2\/users\/1"}],"replies":[{"embeddable":true,"href":"https:\/\/grimosa.com.mx\/en\/wp-json\/wp\/v2\/comments?post=1232"}],"version-history":[{"count":0,"href":"https:\/\/grimosa.com.mx\/en\/wp-json\/wp\/v2\/pages\/1232\/revisions"}],"up":[{"embeddable":true,"href":"https:\/\/grimosa.com.mx\/en\/wp-json\/wp\/v2\/pages\/89"}],"wp:attachment":[{"href":"https:\/\/grimosa.com.mx\/en\/wp-json\/wp\/v2\/media?parent=1232"}],"curies":[{"name":"wp","href":"https:\/\/api.w.org\/{rel}","templated":true}]}}