{"id":1860,"date":"2018-12-18T13:02:15","date_gmt":"2018-12-18T19:02:15","guid":{"rendered":"http:\/\/grimosa.com.mx\/?page_id=1860"},"modified":"2021-06-16T15:10:31","modified_gmt":"2021-06-16T20:10:31","slug":"perfiles-de-acero-estructural","status":"publish","type":"page","link":"https:\/\/grimosa.com.mx\/en\/perfiles-de-acero-estructural\/","title":{"rendered":"Perfiles de acero estructural"},"content":{"rendered":"<div data-elementor-type=\"wp-post\" data-elementor-id=\"1860\" class=\"elementor elementor-1860\">\n\t\t\t\t\t\t<div class=\"elementor-inner\">\n\t\t\t\t<div class=\"elementor-section-wrap\">\n\t\t\t\t\t\t\t\t\t<section class=\"elementor-section elementor-top-section elementor-element elementor-element-8e4f2b1 elementor-section-boxed elementor-section-height-default elementor-section-height-default\" data-id=\"8e4f2b1\" data-element_type=\"section\">\n\t\t\t\t\t\t<div class=\"elementor-container elementor-column-gap-default\">\n\t\t\t\t\t\t\t<div class=\"elementor-row\">\n\t\t\t\t\t<div class=\"elementor-column elementor-col-100 elementor-top-column elementor-element elementor-element-d8fa28d\" data-id=\"d8fa28d\" data-element_type=\"column\">\n\t\t\t<div class=\"elementor-column-wrap elementor-element-populated\">\n\t\t\t\t\t\t\t<div class=\"elementor-widget-wrap\">\n\t\t\t\t\t\t<div class=\"elementor-element elementor-element-050d18b elementor-widget elementor-widget-spacer\" data-id=\"050d18b\" data-element_type=\"widget\" data-widget_type=\"spacer.default\">\n\t\t\t\t<div class=\"elementor-widget-container\">\n\t\t\t\t\t<div class=\"elementor-spacer\">\n\t\t\t<div class=\"elementor-spacer-inner\"><\/div>\n\t\t<\/div>\n\t\t\t\t<\/div>\n\t\t\t\t<\/div>\n\t\t\t\t<div class=\"elementor-element elementor-element-81f3fda elementor-widget elementor-widget-heading\" data-id=\"81f3fda\" data-element_type=\"widget\" data-widget_type=\"heading.default\">\n\t\t\t\t<div class=\"elementor-widget-container\">\n\t\t\t<h2 class=\"elementor-heading-title elementor-size-xl\">Perfiles de acero estructural<\/h2>\t\t<\/div>\n\t\t\t\t<\/div>\n\t\t\t\t<div class=\"elementor-element elementor-element-ce4b18a elementor-widget elementor-widget-spacer\" data-id=\"ce4b18a\" data-element_type=\"widget\" data-widget_type=\"spacer.default\">\n\t\t\t\t<div class=\"elementor-widget-container\">\n\t\t\t\t\t<div class=\"elementor-spacer\">\n\t\t\t<div class=\"elementor-spacer-inner\"><\/div>\n\t\t<\/div>\n\t\t\t\t<\/div>\n\t\t\t\t<\/div>\n\t\t\t\t\t\t<\/div>\n\t\t\t\t\t<\/div>\n\t\t<\/div>\n\t\t\t\t\t\t\t\t<\/div>\n\t\t\t\t\t<\/div>\n\t\t<\/section>\n\t\t\t\t<section class=\"elementor-section elementor-top-section elementor-element elementor-element-641b0ff8 elementor-section-boxed elementor-section-height-default elementor-section-height-default\" data-id=\"641b0ff8\" data-element_type=\"section\">\n\t\t\t\t\t\t<div class=\"elementor-container elementor-column-gap-default\">\n\t\t\t\t\t\t\t<div class=\"elementor-row\">\n\t\t\t\t\t<div class=\"elementor-column elementor-col-100 elementor-top-column elementor-element elementor-element-46279a10\" data-id=\"46279a10\" data-element_type=\"column\">\n\t\t\t<div class=\"elementor-column-wrap elementor-element-populated\">\n\t\t\t\t\t\t\t<div class=\"elementor-widget-wrap\">\n\t\t\t\t\t\t<div class=\"elementor-element elementor-element-3dac30dd elementor-widget elementor-widget-text-editor\" data-id=\"3dac30dd\" data-element_type=\"widget\" data-widget_type=\"text-editor.default\">\n\t\t\t\t<div class=\"elementor-widget-container\">\n\t\t\t\t\t\t\t\t<div class=\"elementor-text-editor elementor-clearfix\">\n\t\t\t\t<h2 style=\"text-align: justify; font-size: 17px;\">Beneficios de los perfiles estructurales<\/h2><p style=\"text-align: justify;\">Los <strong>perfiles de acero estructural<\/strong> son uno de los materiales m\u00e1s solicitados en la industria de la construcci\u00f3n, ya que gran cantidad de edificaciones y proyectos cuentan con ellos. Su elecci\u00f3n se debe a los m\u00faltiples beneficios que ofrece, de los cuales hablaremos a lo largo de este art\u00edculo.<\/p><p style=\"text-align: justify;\">Toda construcci\u00f3n requiere de elementos fuertes que le brinden seguridad, lo que se obtiene no solo con los perfiles, sino tambi\u00e9n con otros materiales como lo son por ejemplo las vigas de acero Monterrey.<\/p><p style=\"text-align: justify;\"><strong>\u2022 Sin\u00f3nimo de protecci\u00f3n y seguridad<\/strong><\/p><p style=\"text-align: justify; padding-left: 30px;\">En el \u00e1mbito de la construcci\u00f3n, los perfiles estructurales significan fuerza, protecci\u00f3n y seguridad debido a los elementos que los conforman, ya que cada uno de ellos se caracteriza por ser resistentes tanto es sus soportes como en otras problem\u00e1ticas como la corrosi\u00f3n, por los cuales pueden ofrecer la fortaleza que se requiere en diferentes tipos de proyectos.<\/p><p style=\"text-align: justify;\"><strong>\u2022 Excelentes para gran cantidad de proyectos<\/strong><\/p><p style=\"text-align: justify; padding-left: 30px;\">Estos perfiles pueden ser usados en distintas edificaciones, por ejemplo, en oficinas y otros espacios de trabajo, plazas comerciales y muchas obras m\u00e1s que requieren m\u00e1xima fortaleza para dar seguridad a las personas que se encuentren dentro de ellas.<\/p><p style=\"text-align: justify;\"><strong>\u2022 Sin problemas al almacenarse<\/strong><\/p><p style=\"text-align: justify; padding-left: 30px;\">A diferencia de otros materiales para la construcci\u00f3n, estos perfiles pueden almacenarse por un tiempo considerable sin que sus condiciones originales se vean afectadas y sin que se deterioren, lo que sin lugar a dudas representa una gran ventaja, sobre todo cuando un proyecto se realiza por etapas.<\/p><p style=\"text-align: justify;\"><strong>\u2022 Practicidad al trabajarlos<\/strong><\/p><p style=\"text-align: justify; padding-left: 30px;\">A pesar de su resistencia, los <strong>perfiles de acero estructural<\/strong> pueden ser cortados f\u00e1cilmente con la maquinaria y las herramientas adecuadas, adem\u00e1s su superficie permite que se puedan realizar las marcas que sean necesarias para llevar a cabo las labores de corte.<\/p><p style=\"text-align: justify;\"><strong>\u2022 F\u00e1cil remoci\u00f3n de soldadura<\/strong><\/p><p style=\"text-align: justify; padding-left: 30px;\">Si en determinado momento se debe hacer uso de soldadura en el perfil estructural, esta debe ser colocada sobre la capa de pintura para que pueda ser retirada en caso de que sea necesario, todo depende de las necesidades del tipo de trabajo que se est\u00e9 realizando. De igual manera, es importante mencionar que estos materiales pueden ir soldados a otras partes de la construcci\u00f3n que lleven pintura sin ning\u00fan problema.<\/p><p style=\"text-align: justify;\"><strong>\u2022 F\u00e1cil limpieza<\/strong><\/p><p style=\"text-align: justify; padding-left: 30px;\">Aunque los perfiles estructurales pueden ser f\u00e1ciles de limpiar, esta labor no siempre es necesaria por la capa de pintura que llevan, lo que resulta ser un excelente beneficio, especialmente cuando estos materiales son colocados en alturas considerables y dif\u00edciles de alcanzar, y por lo tanto, de realizar labores de limpieza.<\/p><p style=\"text-align: justify;\"><strong>\u2022 Ahorro<\/strong><\/p><p style=\"text-align: justify; padding-left: 30px;\">Al elegir perfiles en un proyecto de construcci\u00f3n, se puede tener un ahorro significativo, ya que muchas veces estos pueden reemplazar otros materiales que por la cantidad que puede llegar a requerirse, significan un gasto mayor.<\/p><p style=\"text-align: justify;\"><strong>\u2022 Variedad<\/strong><\/p><p style=\"text-align: justify; padding-left: 30px;\">Otro de los beneficios que por supuesto no podemos dejar de mencionar, es la amplia gama de tama\u00f1o y formas en que estos perfiles pueden encontrarse en el mercado de la construcci\u00f3n, lo que le da a los encargados de las diferentes obras y proyectos, la oportunidad de encontrar aquellos que mejor se apeguen a sus necesidades, y con esto, conseguir que el resultado final sea el esperado y se cumplan las expectativas del cliente para el cual se est\u00e1 llevando a cabo la edificaci\u00f3n. Se pueden encontrar desde formas rectangulares y cuadradas, hasta tubos redondos, entre muchas otras m\u00e1s.<\/p><p style=\"text-align: justify;\"><strong>\u2022 Utilizaci\u00f3n en otros \u00e1mbitos<\/strong><\/p><p style=\"text-align: justify; padding-left: 30px;\">Aunque estos perfiles al igual que las l\u00e1minas en Monterrey se utilizan com\u00fanmente en el \u00e1mbito de la construcci\u00f3n, no son exclusivos del mismo, sino que tambi\u00e9n pueden ser empleados en otros sectores como el industrial y en la fabricaci\u00f3n de muebles.<\/p><p style=\"text-align: justify;\">Es probable que en la actualidad, se puedan encontrar diferentes empresas que ofrezcan al p\u00fablico en general y en especial a las constructoras este tipo de perfiles as\u00ed como otros materiales para la construcci\u00f3n, sin embargo, es importante acercarse a aquellas que se caractericen por trabajar \u00fanicamente con materiales de la m\u00e1s alta calidad, pues cuando hablamos de construcciones y proyectos de edificaciones, la calidad en cada uno de los elementos que las conforman es indispensable, ya que de esto depende que sean adecuadas en todas sus \u00e1reas y con el dise\u00f1o solicitado, pero sobre todo, que sean resistentes y seguras en todo momento para quienes se encuentren dentro de ellas.<\/p><p style=\"text-align: justify;\">Y es que en todo proyecto de construcci\u00f3n es muy importante contar con el apoyo de una empresa que pueda respaldarlo con la excelente calidad de sus materiales, as\u00ed como brindar la informaci\u00f3n necesaria sobre los cuidados y mantenimiento que estos deben tener en cada caso; por ejemplo, en el caso de los perfiles estructurales, como ya lo mencion\u00e1bamos, requieren de muy poco mantenimiento ya que son instalados en donde dif\u00edcilmente se les pueden brindar dichas labores.<\/p><p style=\"text-align: justify;\">En Grimosa, ofrecemos a nuestros clientes lo mejor en <a href=\"http:\/\/grimosa.com.mx\/en\/\"><strong>perfiles de acero estructural<\/strong><\/a> y muchos otros productos y materiales para diferentes proyectos en el \u00e1mbito de la construcci\u00f3n, por supuesto, todos ellos cuentan con la mejor calidad que ustedes podr\u00e1n encontrar en el mercado, por lo que al adquirirlos con nosotros, podr\u00e1n tener la seguridad de que se est\u00e1n llevando lo mejor para que sus estructuras y edificaciones sean seguras y resistentes durante muchos a\u00f1os, por supuesto, con las medidas de prevenci\u00f3n, cuidado y mantenimiento que cada una de ellas puede llegar a necesitar.<\/p><p style=\"text-align: justify;\">Esperamos que la informaci\u00f3n aqu\u00ed plasmada haya sido de su total agrado en inter\u00e9s, pero si desean conocer mayores detalles de los perfiles que con nosotros podr\u00e1n encontrar, o sobre alg\u00fan otro de nuestros productos, no esperen m\u00e1s y p\u00f3nganse en contacto hoy mismo por medio de las diferentes l\u00edneas telef\u00f3nicas con las que contamos y las cuales con gusto ponemos a su disposici\u00f3n, o bien, tambi\u00e9n les damos la opci\u00f3n de colocar sus datos en el apartado de contacto de nuestra p\u00e1gina de internet junto con sus dudas y comentarios y nosotros les brindaremos una respuesta lo antes posible.<\/p><p style=\"text-align: justify;\">Recuerden que parte de nuestro trabajo es brindarles una atenci\u00f3n respetuosa, profesional y cien por ciento personalizada.<\/p>\t\t\t\t\t<\/div>\n\t\t\t\t\t\t<\/div>\n\t\t\t\t<\/div>\n\t\t\t\t\t\t<\/div>\n\t\t\t\t\t<\/div>\n\t\t<\/div>\n\t\t\t\t\t\t\t\t<\/div>\n\t\t\t\t\t<\/div>\n\t\t<\/section>\n\t\t\t\t\t\t\t\t\t<\/div>\n\t\t\t<\/div>\n\t\t\t\t\t<\/div>","protected":false},"excerpt":{"rendered":"<p>Perfiles de acero estructural Beneficios de los perfiles estructurales Los perfiles de acero estructural son uno de los materiales m\u00e1s solicitados en la industria de la construcci\u00f3n, ya que gran cantidad de edificaciones y proyectos cuentan con ellos. Su elecci\u00f3n se debe a los m\u00faltiples beneficios que ofrece, de los cuales hablaremos a lo largo &hellip;<\/p>\n<p class=\"read-more\"> <a class=\"\" href=\"https:\/\/grimosa.com.mx\/en\/perfiles-de-acero-estructural\/\"> <span class=\"screen-reader-text\">Perfiles de acero estructural<\/span> Read More \u00bb<\/a><\/p>","protected":false},"author":1,"featured_media":0,"parent":0,"menu_order":0,"comment_status":"closed","ping_status":"closed","template":"elementor_header_footer","meta":{"site-sidebar-layout":"default","site-content-layout":"default","ast-main-header-display":"","ast-hfb-above-header-display":"","ast-hfb-below-header-display":"","ast-hfb-mobile-header-display":"","site-post-title":"","ast-breadcrumbs-content":"","ast-featured-img":"","footer-sml-layout":"","theme-transparent-header-meta":"","adv-header-id-meta":"","stick-header-meta":"","header-above-stick-meta":"","header-main-stick-meta":"","header-below-stick-meta":"","footnotes":"","_joinchat":[]},"_links":{"self":[{"href":"https:\/\/grimosa.com.mx\/en\/wp-json\/wp\/v2\/pages\/1860"}],"collection":[{"href":"https:\/\/grimosa.com.mx\/en\/wp-json\/wp\/v2\/pages"}],"about":[{"href":"https:\/\/grimosa.com.mx\/en\/wp-json\/wp\/v2\/types\/page"}],"author":[{"embeddable":true,"href":"https:\/\/grimosa.com.mx\/en\/wp-json\/wp\/v2\/users\/1"}],"replies":[{"embeddable":true,"href":"https:\/\/grimosa.com.mx\/en\/wp-json\/wp\/v2\/comments?post=1860"}],"version-history":[{"count":0,"href":"https:\/\/grimosa.com.mx\/en\/wp-json\/wp\/v2\/pages\/1860\/revisions"}],"wp:attachment":[{"href":"https:\/\/grimosa.com.mx\/en\/wp-json\/wp\/v2\/media?parent=1860"}],"curies":[{"name":"wp","href":"https:\/\/api.w.org\/{rel}","templated":true}]}}