{"id":2078,"date":"2019-09-30T12:31:50","date_gmt":"2019-09-30T10:31:50","guid":{"rendered":"http:\/\/grimosa.com.mx\/?page_id=2078"},"modified":"2021-06-16T12:57:18","modified_gmt":"2021-06-16T17:57:18","slug":"herrerias-monterrey","status":"publish","type":"page","link":"https:\/\/grimosa.com.mx\/en\/herrerias-monterrey\/","title":{"rendered":"Herrerias Monterrey"},"content":{"rendered":"<div data-elementor-type=\"wp-page\" data-elementor-id=\"2078\" class=\"elementor elementor-2078\">\n\t\t\t\t\t\t<div class=\"elementor-inner\">\n\t\t\t\t<div class=\"elementor-section-wrap\">\n\t\t\t\t\t\t\t\t\t<section class=\"elementor-section elementor-top-section elementor-element elementor-element-3a14d9a elementor-section-boxed elementor-section-height-default elementor-section-height-default\" data-id=\"3a14d9a\" data-element_type=\"section\">\n\t\t\t\t\t\t<div class=\"elementor-container elementor-column-gap-default\">\n\t\t\t\t\t\t\t<div class=\"elementor-row\">\n\t\t\t\t\t<div class=\"elementor-column elementor-col-100 elementor-top-column elementor-element elementor-element-378083d\" data-id=\"378083d\" data-element_type=\"column\">\n\t\t\t<div class=\"elementor-column-wrap elementor-element-populated\">\n\t\t\t\t\t\t\t<div class=\"elementor-widget-wrap\">\n\t\t\t\t\t\t<div class=\"elementor-element elementor-element-bd1f748 elementor-widget elementor-widget-spacer\" data-id=\"bd1f748\" data-element_type=\"widget\" data-widget_type=\"spacer.default\">\n\t\t\t\t<div class=\"elementor-widget-container\">\n\t\t\t\t\t<div class=\"elementor-spacer\">\n\t\t\t<div class=\"elementor-spacer-inner\"><\/div>\n\t\t<\/div>\n\t\t\t\t<\/div>\n\t\t\t\t<\/div>\n\t\t\t\t<div class=\"elementor-element elementor-element-cb39298 elementor-widget elementor-widget-heading\" data-id=\"cb39298\" data-element_type=\"widget\" data-widget_type=\"heading.default\">\n\t\t\t\t<div class=\"elementor-widget-container\">\n\t\t\t<h2 class=\"elementor-heading-title elementor-size-xl\">Herrer\u00edas Monterrey<\/h2>\t\t<\/div>\n\t\t\t\t<\/div>\n\t\t\t\t<div class=\"elementor-element elementor-element-85ab1d2 elementor-widget elementor-widget-spacer\" data-id=\"85ab1d2\" data-element_type=\"widget\" data-widget_type=\"spacer.default\">\n\t\t\t\t<div class=\"elementor-widget-container\">\n\t\t\t\t\t<div class=\"elementor-spacer\">\n\t\t\t<div class=\"elementor-spacer-inner\"><\/div>\n\t\t<\/div>\n\t\t\t\t<\/div>\n\t\t\t\t<\/div>\n\t\t\t\t\t\t<\/div>\n\t\t\t\t\t<\/div>\n\t\t<\/div>\n\t\t\t\t\t\t\t\t<\/div>\n\t\t\t\t\t<\/div>\n\t\t<\/section>\n\t\t\t\t<section class=\"elementor-section elementor-top-section elementor-element elementor-element-6e2bedd3 elementor-section-boxed elementor-section-height-default elementor-section-height-default\" data-id=\"6e2bedd3\" data-element_type=\"section\">\n\t\t\t\t\t\t<div class=\"elementor-container elementor-column-gap-default\">\n\t\t\t\t\t\t\t<div class=\"elementor-row\">\n\t\t\t\t\t<div class=\"elementor-column elementor-col-100 elementor-top-column elementor-element elementor-element-23a41fb6\" data-id=\"23a41fb6\" data-element_type=\"column\">\n\t\t\t<div class=\"elementor-column-wrap elementor-element-populated\">\n\t\t\t\t\t\t\t<div class=\"elementor-widget-wrap\">\n\t\t\t\t\t\t<div class=\"elementor-element elementor-element-7e594e4b elementor-widget elementor-widget-text-editor\" data-id=\"7e594e4b\" data-element_type=\"widget\" data-widget_type=\"text-editor.default\">\n\t\t\t\t<div class=\"elementor-widget-container\">\n\t\t\t\t\t\t\t\t<div class=\"elementor-text-editor elementor-clearfix\">\n\t\t\t\t<p style=\"text-align: justify;\">Las <strong>herrer\u00edas Monterrey<\/strong> se han convertido en una de los giros de negocio m\u00e1s importantes en los proyectos de construcci\u00f3n, debido al impacto pr\u00e1ctico y arquitect\u00f3nico que se les designa. Este efecto y las nuevas tendencias de dise\u00f1o han obligado a las desarrolladoras y gerencias a buscar empresas y mano de obra especializada, que puedan ocuparse de estas tareas.<\/p>\r\n<p style=\"text-align: justify;\">Actualmente, el valor de la partida asignada a las herrer\u00edas puede llegar a hacer un equivalente al 5% y 10% del costo total del proyecto, dependiendo de cu\u00e1ntos elementos met\u00e1licos se hayan agregado a la fachada e interior de cada proyecto. Este costo puede variar de manera importante, dependiendo de la zona donde se encuentre el proyecto, ya que, por ejemplo, una obra que se realiza en ambiente marino es muy susceptible a la corrosi\u00f3n, lo que hace necesario el uso de materiales como el acero inoxidable o pintura especial, los cuales pueden elevar el costo de la herrer\u00eda de 3 a 5 veces m\u00e1s, comparado con un proyecto en acero al carb\u00f3n.<\/p>\r\n<p style=\"text-align: justify;\">En GRIMOSA hemos aprendido a desarrollar estos proyectos de <strong>herrer\u00edas Monterrey<\/strong> con nuestros clientes, porque nos gusta involucrarnos desde su dise\u00f1o. Esto, naturalmente, nos permite asesorarlos y hacer una evaluaci\u00f3n de ingenier\u00eda y costos de los elementos de herrer\u00eda propuestos. Tambi\u00e9n llevamos revisiones de log\u00edstica y operaci\u00f3n, para poder garantizar la colocaci\u00f3n en tiempo y lugar que el cliente necesita, especialmente en casos como vigas de elevador e instalaciones especiales en altura.<\/p>\r\n<p style=\"text-align: justify;\">Uno de los errores mas comunes al desarrollar un proyecto de herrer\u00eda es el no considerar que la gran mayor\u00eda de los trabajos se realizaran en campo. Lo ideal para cualquier empresa que transforme el acero es que tenga un taller o f\u00e1brica de producci\u00f3n, donde se puedan dise\u00f1ar los elementos, de acuerdo con el dise\u00f1o requerido por el cliente; sin embargo, la verdad es que, en casi todos los proyectos, se tienen variaciones que no permiten realizar el trabajo de esta manera. Por ejemplo, es muy com\u00fan que se piense que los barandales deber\u00edan de construirse en un taller, ya que son elementos repetitivos y las variaciones suelen ser darse m\u00e1s en las esquinas o quiebres de los pasillos.<\/p>\r\n<p style=\"text-align: justify;\">Desgraciadamente, esto no es as\u00ed y los ahorros de tiempo y personal que podr\u00edan beneficiarlos, por construir tales elementos en un ambiente controlado, no suelen darse, debido\u00a0 a que los sistemas constructivos utilizan losa de concreto, que normalmente es irregular y las peque\u00f1as variaciones, que, a simple vista, no se ven, al terminar de colar losa crean diferencias en las alturas de los barandales, por lo que, si est\u00e1bamos trabajando con elementos construidos en taller de fabricaci\u00f3n, nos veremos en la necesidad de cortarlos.<\/p>\r\n<p style=\"text-align: justify;\">Esto parece no ser muy complicado, no obstante, cuando tenemos cinco variaciones diferentes, en 3 o 4 metros lineales promedio, podemos darnos una idea de lo tedioso que ser\u00eda transportar una pieza completa de barandal de 5 metros, y que ninguno de sus pasamanos quede alineado, como resultado de ciertas alteraciones, as\u00ed que pr\u00e1cticamente estar\u00edamos trabajando doble.<\/p>\r\n<p style=\"text-align: justify;\">Tambi\u00e9n se da el caso en el que el elemento fabricado en acero puede ser demasiado pesado o largo para maniobrarlo, lo que obliga a que los trabajos de fabricaci\u00f3n deban de realizarse dentro de la construcci\u00f3n.<\/p>\r\n<p style=\"text-align: justify;\">Es por estas variaciones, en la losa, marcos de puertas, cubos de elevador, entre otros, que las herrer\u00edas y la estructura met\u00e1lica ligera de los proyectos terminan fabric\u00e1ndose normalmente en obra. \u00a0A pesar de que no es la manera m\u00e1s eficiente de realizar estos trabajos, termina siendo la opci\u00f3n que representa menos costosa y reduce los errores en campo. De este modo, en calidad de expertos en el sector, consideramos que, hasta que se pueda, controlar las variaciones de los sistemas constructivos basados en block y losa de concreto no ser\u00e1 posible eliminar la fabricaci\u00f3n de herrer\u00edas.<\/p>\r\n<p style=\"text-align: justify;\">Algunos sistemas alternativos de construcci\u00f3n, como el modular, por ejemplo, pudieran ser la soluci\u00f3n para eliminar estas variaciones y poder optimizar el uso de recursos en los proyectos; sin embargo, la construcci\u00f3n en m\u00f3dulos para grandes proyectos amerita de una gran capacidad de capital para invertir en la edificaci\u00f3n de las instalaciones. Estas inversiones no est\u00e1n consideradas en los sistemas de costos de las compa\u00f1\u00edas desarrolladoras y empresas de construcci\u00f3n, por lo que el cambio no puede ser empujado por ese lado.<\/p>\r\n<p style=\"text-align: justify;\">Lo anterior nos deja ver que, seguramente, en los pr\u00f3ximos a\u00f1os, el proceso para fabricar <strong>herrer\u00edas Monterrey<\/strong> en los proyectos residenciales y comerciales no cambiar\u00e1 y, al contrario, es posible que las nuevas propuestas arquitect\u00f3nicas, que est\u00e1n tratando de construir ciudades de mejor apariencia y sustentabilidad, seguir\u00e1n impulsando esta pr\u00e1ctica en los proyectos de obra, por lo que cada vez ser\u00e1 m\u00e1s com\u00fan encontrar compa\u00f1\u00edas que manejen esta fuerza de trabajo.<\/p>\r\n<p style=\"text-align: justify;\">Estimamos viable, adem\u00e1s, que los proyectos que tengan elementos arquitect\u00f3nicos en acero y que quieran ser m\u00e1s eficientes en costos y reducci\u00f3n de tiempo de instalaci\u00f3n, tendr\u00e1n que involucrar a los contratistas desde un inicio, incluso antes del tiempo que normalmente se da para los concursos, de tal manera que se pueda prever la log\u00edstica de construcci\u00f3n y costos reales, en equipo con el desarrollador. Las empresas que sepan involucrarse desde un principio en la ingenier\u00eda y procesos arquitect\u00f3nicos de las <strong>herrer\u00edas Monterrey<\/strong> ser\u00e1n las ganadoras, ya que no solo ser\u00e1 un tema de costo, sino de log\u00edstica y practicidad.<\/p>\r\n<p style=\"text-align: justify;\">Como especialistas en el sector, sabemos que el dise\u00f1o de estructuras es, sin lugar a dudas, unas de las labores m\u00e1s importantes para la construcci\u00f3n, ya que la herrer\u00eda permite crear conjuntos resistentes y formas que se ajusten a las necesidades del proyecto den curso. De igual modo, estos productos constituyen el esqueleto mismo de una edificaci\u00f3n, por ello es importante que su manufactura sea realizada por un personal con experiencia, amparado por una marca de reconocida trayectoria en la creaci\u00f3n de soluciones integrales para obras de ingenier\u00eda y arquitectura.<\/p>\r\n<p style=\"text-align: justify;\">En GRIMOSA somos una empresa con muchos a\u00f1os de experiencia en el dise\u00f1o, fabricaci\u00f3n y montaje de una gran variedad de estructuras met\u00e1licas y tambi\u00e9n prestamos servicios de aislamiento e impermeabilizaci\u00f3n, con sistemas novedosos que est\u00e1n orientados a ofrecerles calidad. Para solicitar una cotizaci\u00f3n, comun\u00edquense con nosotros a trav\u00e9s del chat en l\u00ednea.<\/p>\t\t\t\t\t<\/div>\n\t\t\t\t\t\t<\/div>\n\t\t\t\t<\/div>\n\t\t\t\t\t\t<\/div>\n\t\t\t\t\t<\/div>\n\t\t<\/div>\n\t\t\t\t\t\t\t\t<\/div>\n\t\t\t\t\t<\/div>\n\t\t<\/section>\n\t\t\t\t\t\t\t\t\t<\/div>\n\t\t\t<\/div>\n\t\t\t\t\t<\/div>","protected":false},"excerpt":{"rendered":"<p>Herrer\u00edas Monterrey Las herrer\u00edas Monterrey se han convertido en una de los giros de negocio m\u00e1s importantes en los proyectos de construcci\u00f3n, debido al impacto pr\u00e1ctico y arquitect\u00f3nico que se les designa. Este efecto y las nuevas tendencias de dise\u00f1o han obligado a las desarrolladoras y gerencias a buscar empresas y mano de obra especializada, &hellip;<\/p>\n<p class=\"read-more\"> <a class=\"\" href=\"https:\/\/grimosa.com.mx\/en\/herrerias-monterrey\/\"> <span class=\"screen-reader-text\">Herrerias Monterrey<\/span> Read More \u00bb<\/a><\/p>","protected":false},"author":1,"featured_media":0,"parent":0,"menu_order":0,"comment_status":"closed","ping_status":"closed","template":"elementor_header_footer","meta":{"site-sidebar-layout":"default","site-content-layout":"default","ast-main-header-display":"","ast-hfb-above-header-display":"","ast-hfb-below-header-display":"","ast-hfb-mobile-header-display":"","site-post-title":"","ast-breadcrumbs-content":"","ast-featured-img":"","footer-sml-layout":"","theme-transparent-header-meta":"default","adv-header-id-meta":"","stick-header-meta":"default","header-above-stick-meta":"","header-main-stick-meta":"","header-below-stick-meta":"","footnotes":"","_joinchat":[]},"_links":{"self":[{"href":"https:\/\/grimosa.com.mx\/en\/wp-json\/wp\/v2\/pages\/2078"}],"collection":[{"href":"https:\/\/grimosa.com.mx\/en\/wp-json\/wp\/v2\/pages"}],"about":[{"href":"https:\/\/grimosa.com.mx\/en\/wp-json\/wp\/v2\/types\/page"}],"author":[{"embeddable":true,"href":"https:\/\/grimosa.com.mx\/en\/wp-json\/wp\/v2\/users\/1"}],"replies":[{"embeddable":true,"href":"https:\/\/grimosa.com.mx\/en\/wp-json\/wp\/v2\/comments?post=2078"}],"version-history":[{"count":0,"href":"https:\/\/grimosa.com.mx\/en\/wp-json\/wp\/v2\/pages\/2078\/revisions"}],"wp:attachment":[{"href":"https:\/\/grimosa.com.mx\/en\/wp-json\/wp\/v2\/media?parent=2078"}],"curies":[{"name":"wp","href":"https:\/\/api.w.org\/{rel}","templated":true}]}}