{"id":2080,"date":"2019-09-30T12:41:04","date_gmt":"2019-09-30T10:41:04","guid":{"rendered":"http:\/\/grimosa.com.mx\/?page_id=2080"},"modified":"2021-06-16T13:38:16","modified_gmt":"2021-06-16T18:38:16","slug":"fabricacion-de-estructuras-metalicas-monterrey","status":"publish","type":"page","link":"https:\/\/grimosa.com.mx\/en\/fabricacion-de-estructuras-metalicas-monterrey\/","title":{"rendered":"Fabricaci\u00f3n de estructuras met\u00e1licas Monterrey"},"content":{"rendered":"<div data-elementor-type=\"wp-page\" data-elementor-id=\"2080\" class=\"elementor elementor-2080\">\n\t\t\t\t\t\t<div class=\"elementor-inner\">\n\t\t\t\t<div class=\"elementor-section-wrap\">\n\t\t\t\t\t\t\t\t\t<section class=\"elementor-section elementor-top-section elementor-element elementor-element-d9b3f9b elementor-section-boxed elementor-section-height-default elementor-section-height-default\" data-id=\"d9b3f9b\" data-element_type=\"section\">\n\t\t\t\t\t\t<div class=\"elementor-container elementor-column-gap-default\">\n\t\t\t\t\t\t\t<div class=\"elementor-row\">\n\t\t\t\t\t<div class=\"elementor-column elementor-col-100 elementor-top-column elementor-element elementor-element-a4878f4\" data-id=\"a4878f4\" data-element_type=\"column\">\n\t\t\t<div class=\"elementor-column-wrap elementor-element-populated\">\n\t\t\t\t\t\t\t<div class=\"elementor-widget-wrap\">\n\t\t\t\t\t\t<div class=\"elementor-element elementor-element-3b1c0a8 elementor-widget elementor-widget-spacer\" data-id=\"3b1c0a8\" data-element_type=\"widget\" data-widget_type=\"spacer.default\">\n\t\t\t\t<div class=\"elementor-widget-container\">\n\t\t\t\t\t<div class=\"elementor-spacer\">\n\t\t\t<div class=\"elementor-spacer-inner\"><\/div>\n\t\t<\/div>\n\t\t\t\t<\/div>\n\t\t\t\t<\/div>\n\t\t\t\t<div class=\"elementor-element elementor-element-20f2957 elementor-widget elementor-widget-heading\" data-id=\"20f2957\" data-element_type=\"widget\" data-widget_type=\"heading.default\">\n\t\t\t\t<div class=\"elementor-widget-container\">\n\t\t\t<h2 class=\"elementor-heading-title elementor-size-xl\">Fabricaci\u00f3n de estructuras met\u00e1licas<\/h2>\t\t<\/div>\n\t\t\t\t<\/div>\n\t\t\t\t<div class=\"elementor-element elementor-element-3753707 elementor-widget elementor-widget-spacer\" data-id=\"3753707\" data-element_type=\"widget\" data-widget_type=\"spacer.default\">\n\t\t\t\t<div class=\"elementor-widget-container\">\n\t\t\t\t\t<div class=\"elementor-spacer\">\n\t\t\t<div class=\"elementor-spacer-inner\"><\/div>\n\t\t<\/div>\n\t\t\t\t<\/div>\n\t\t\t\t<\/div>\n\t\t\t\t\t\t<\/div>\n\t\t\t\t\t<\/div>\n\t\t<\/div>\n\t\t\t\t\t\t\t\t<\/div>\n\t\t\t\t\t<\/div>\n\t\t<\/section>\n\t\t\t\t<section class=\"elementor-section elementor-top-section elementor-element elementor-element-b9b8372 elementor-section-boxed elementor-section-height-default elementor-section-height-default\" data-id=\"b9b8372\" data-element_type=\"section\">\n\t\t\t\t\t\t<div class=\"elementor-container elementor-column-gap-default\">\n\t\t\t\t\t\t\t<div class=\"elementor-row\">\n\t\t\t\t\t<div class=\"elementor-column elementor-col-100 elementor-top-column elementor-element elementor-element-6c1e44d9\" data-id=\"6c1e44d9\" data-element_type=\"column\">\n\t\t\t<div class=\"elementor-column-wrap elementor-element-populated\">\n\t\t\t\t\t\t\t<div class=\"elementor-widget-wrap\">\n\t\t\t\t\t\t<div class=\"elementor-element elementor-element-4c842bde elementor-widget elementor-widget-text-editor\" data-id=\"4c842bde\" data-element_type=\"widget\" data-widget_type=\"text-editor.default\">\n\t\t\t\t<div class=\"elementor-widget-container\">\n\t\t\t\t\t\t\t\t<div class=\"elementor-text-editor elementor-clearfix\">\n\t\t\t\t<p style=\"text-align: justify;\">La <strong>fabricaci\u00f3n de estructuras met\u00e1licas Monterrey<\/strong> es una especialidad industrial en la que somos l\u00edderes, porque en GRIMOSA somos una empresa conformada por profesionales de destacada experiencia, dedicados al dise\u00f1o, desarrollo y montaje de todo tipo de estructuras para la construcci\u00f3n; adem\u00e1s, somos expertos en sistemas de impermeabilizaci\u00f3n para paredes y techos, que ayudan a mantener la sensaci\u00f3n t\u00e9rmica.<\/p>\r\n<p style=\"text-align: justify;\">Los edificios de estructuras met\u00e1licas se adaptan a una gran variedad de prop\u00f3sitos comerciales y corporativos, desde f\u00e1bricas y naves industriales, hasta almacenes, hospitales, escuelas, entre otros.\u00a0 Y, a pesar de que Monterrey es una ciudad con una gran industria acerera, los edificios residenciales y de oficinas utilizan, en su mayor\u00eda, sistemas de concreto para su construcci\u00f3n. Este no es el caso de los sectores industriales y comerciales, donde la construcci\u00f3n de bodegas y plazas siguen utilizando sistemas basados en estructura met\u00e1lica.<\/p>\r\n<p style=\"text-align: justify;\">Cuando se realizan proyectos basados en estructuras met\u00e1licas, es muy importante considerar el sistema constructivo y la aplicaci\u00f3n que tendr\u00e1n. Por ejemplo, cuando una estructura tendr\u00e1 una aplicaci\u00f3n para la construcci\u00f3n de una nave industrial de varios metros cuadrados de \u00e1rea utilizable, es muy com\u00fan que se considere un sistema buttler para estructura ligera, el cual busca aprovechar al m\u00e1ximo el uso del acero, logrando densidades de hasta 23kg\/m2; adem\u00e1s propone grandes claros entre columnas y, com\u00fanmente, son apoyadas por una cubierta con base de vigas joist para darle rigidez.<\/p>\r\n<p style=\"text-align: justify;\">Este tipo de naves industriales suelen ser tan ligeras que no suele ponerse ning\u00fan sistema de ventilaci\u00f3n o electricidad que pueda ejercer presi\u00f3n sobre la cubierta, ya que esta no ser\u00e1 capaz de resistir por mucho tiempo el peso adicional; sin embargo, si se busca a\u00f1adir tales elementos ser\u00e1 necesario reforzar la edificaci\u00f3n, a\u00f1adiendo costos adicionales, si no se contemplaron dichas necesidades al principio.<\/p>\r\n<p style=\"text-align: justify;\">En caso de que la estructura se utilice para aplicar alg\u00fan sistema de losa acero, lo m\u00e1s com\u00fan es que la densidad de la estructura pueda aumentar hasta 60 kg\/m2 en un proyecto residencial y hasta cerca de 80 o 100 kg\/m2, cuando se realiza un proyecto comercial, debido a la gran cantidad de gente y mercanc\u00eda que estar\u00e1 soportando la estructura. Por lo tanto, es necesario que se asesoren oportunamente, a fin de conocer los sistemas que disponibles para las estructuras met\u00e1licas, que les ayudar\u00e1n a ser m\u00e1s eficientes.<\/p>\r\n<p style=\"text-align: justify;\">Como expertos en la <strong>fabricaci\u00f3n de estructuras met\u00e1licas Monterrey<\/strong>, tambi\u00e9n consideramos que es importante mencionar que, para lograr el \u00e9xito al construir una estructura met\u00e1lica, es necesario considerar el tipo de sistema de pintura que se usar\u00e1 y el medio de aplicaci\u00f3n. Algunos sistemas de pintura, especialmente los que est\u00e1n hechos para ambientes marinos, requieren procesos de pintura muy complejos, algunos incluso necesitan cierto grado de humedad, temperatura y tiempo para lograr su aplicaci\u00f3n.<\/p>\r\n<p style=\"text-align: justify;\">Normalmente, estas tecnolog\u00edas de pintura est\u00e1n constituidas por dos aplicaciones: la primera, que se le conoce como primer anticorrosivo y que, como su nombre bien lo menciona, busca proteger al acero de la corrosi\u00f3n, que pudiera presentarse por estar en contacto directo con la humedad del ambiente. La segunda aplicaci\u00f3n de pintura se conoce como \u201cacabado\u201d y consiste en darle la textura y color final que el proyecto amerita. Adem\u00e1s, la pintura de acabado tambi\u00e9n cuenta con propiedades protectoras para el acero.<\/p>\r\n<p style=\"text-align: justify;\">Gracias a que utilizan materiales econ\u00f3micos, estandarizados y de f\u00e1cil instalaci\u00f3n, los edificios de estructuras met\u00e1licas tienen costos iniciales bajos, por lo que pueden ajustarse a cualquier presupuesto. Los factores que influyen en sus bajos costos son:<\/p>\r\n\r\n<ul style=\"text-align: justify;\">\r\n \t<li>Menos tiempo para dise\u00f1ar.<\/li>\r\n \t<li>M\u00ednimo desperdicio de construcci\u00f3n.<\/li>\r\n \t<li>Capacidad para realizar cambios antes y despu\u00e9s de la construcci\u00f3n<\/li>\r\n \t<li>No es necesario detener la construcci\u00f3n debido al mal tiempo.<\/li>\r\n \t<li>Facilidad en el mantenimiento<\/li>\r\n<\/ul>\r\n<p style=\"text-align: justify;\">Los tiempos de construcci\u00f3n de edificios de estructuras met\u00e1licas tienden a tomar menos tiempo de ejecuci\u00f3n de obra, ya que gran parte del dise\u00f1o se realiza en f\u00e1brica, antes de la instalaci\u00f3n. Asimismo, hay pocas razones por las cuales la edificaci\u00f3n puede retrasarse, contario a estructuras de concreto y ladrillos, que pueden detenerse por malas condiciones clim\u00e1ticas, como lluvias, fuertes vientos, entre otros.<\/p>\r\n<p style=\"text-align: justify;\">Nuestra vasta experiencia en la <strong>fabricaci\u00f3n de estructuras met\u00e1licas Monterrey<\/strong> nos permite afirmar con total certeza que el uso de metales en sistemas constructivos es una pr\u00e1ctica eficiente, muy segura y que se remonta incluso a la antigua Grecia, civilizaci\u00f3n en la que se utilizaban en forma de vigas de hierro forjado, con la finalidad de reforzar algunos templos; y lo mismo sucedi\u00f3 durante la Edad Media, cuando ciertas tendencias arquitect\u00f3nicas, como la g\u00f3tica o la barroca, popularizaron los elementos en hierro para edificar las naves de las catedrales, a fin de ofrecer un mejor soporte.<\/p>\r\n<p style=\"text-align: justify;\">De igual modo, las estructuras caracter\u00edsticas de los sistemas constructivos, basados en el uso de metales, es el entramado con nudos articulados, empleado vigas apoyadas o continuas, as\u00ed como complementos de celos\u00eda, con el objetivo de arriostrar el conjunto; aunque, tambi\u00e9n suelen aplicarse esquemas de nudos r\u00edgidos y tornillos para uniones combinadas con reinas.<\/p>\r\n<p style=\"text-align: justify;\">La <strong>fabricaci\u00f3n de estructuras met\u00e1licas Monterrey<\/strong>, en t\u00e9rminos pr\u00e1cticos, es un proceso que debe estar relacionado con la uni\u00f3n de las mismas condiciones que las estructuras o laminados de hormig\u00f3n, por lo que su dise\u00f1o debe poder resistir esfuerzos verticales y horizontales. Para lograr este efecto, lo m\u00e1s com\u00fan es que se recurra a nudos articulados, lo cual implica que se debe rigidizar el sistema con pantallas adicionales de hormig\u00f3n armado o incluso a trav\u00e9s de triangulaciones, conocidas como cruces San Andr\u00e9s.<\/p>\r\n<p style=\"text-align: justify;\">Deben saber, adem\u00e1s, que una estructura met\u00e1lica se obtiene al unir barras con perfiles de diversos tipos, como el T, el perfil doble T, el perfil H, el de secci\u00f3n redonda o el de secci\u00f3n cuadrada; y estas barras trabajan a diferentes esfuerzos de compresi\u00f3n y flexi\u00f3n, eligi\u00e9ndose de acuerdo con las necesidades de construcci\u00f3n.<\/p>\r\n<p style=\"text-align: justify;\">En GRIMOSA somos un equipo de especialistas en el dise\u00f1o, fabricaci\u00f3n y montaje de estructuras met\u00e1licas, como vigas, armaduras, joist y columnas; y si desean conocer con mayor detalle los productos que manejamos, los invitamos a conocer nuestro cat\u00e1logo, a ponerse en contacto a trav\u00e9s del chat en l\u00ednea o a llenar el formulario.<\/p>\t\t\t\t\t<\/div>\n\t\t\t\t\t\t<\/div>\n\t\t\t\t<\/div>\n\t\t\t\t\t\t<\/div>\n\t\t\t\t\t<\/div>\n\t\t<\/div>\n\t\t\t\t\t\t\t\t<\/div>\n\t\t\t\t\t<\/div>\n\t\t<\/section>\n\t\t\t\t\t\t\t\t\t<\/div>\n\t\t\t<\/div>\n\t\t\t\t\t<\/div>","protected":false},"excerpt":{"rendered":"<p>Fabricaci\u00f3n de estructuras met\u00e1licas La fabricaci\u00f3n de estructuras met\u00e1licas Monterrey es una especialidad industrial en la que somos l\u00edderes, porque en GRIMOSA somos una empresa conformada por profesionales de destacada experiencia, dedicados al dise\u00f1o, desarrollo y montaje de todo tipo de estructuras para la construcci\u00f3n; adem\u00e1s, somos expertos en sistemas de impermeabilizaci\u00f3n para paredes y &hellip;<\/p>\n<p class=\"read-more\"> <a class=\"\" href=\"https:\/\/grimosa.com.mx\/en\/fabricacion-de-estructuras-metalicas-monterrey\/\"> <span class=\"screen-reader-text\">Fabricaci\u00f3n de estructuras met\u00e1licas Monterrey<\/span> Read More \u00bb<\/a><\/p>","protected":false},"author":1,"featured_media":0,"parent":0,"menu_order":0,"comment_status":"closed","ping_status":"closed","template":"elementor_header_footer","meta":{"site-sidebar-layout":"default","site-content-layout":"default","ast-main-header-display":"","ast-hfb-above-header-display":"","ast-hfb-below-header-display":"","ast-hfb-mobile-header-display":"","site-post-title":"","ast-breadcrumbs-content":"","ast-featured-img":"","footer-sml-layout":"","theme-transparent-header-meta":"default","adv-header-id-meta":"","stick-header-meta":"default","header-above-stick-meta":"","header-main-stick-meta":"","header-below-stick-meta":"","footnotes":"","_joinchat":[]},"_links":{"self":[{"href":"https:\/\/grimosa.com.mx\/en\/wp-json\/wp\/v2\/pages\/2080"}],"collection":[{"href":"https:\/\/grimosa.com.mx\/en\/wp-json\/wp\/v2\/pages"}],"about":[{"href":"https:\/\/grimosa.com.mx\/en\/wp-json\/wp\/v2\/types\/page"}],"author":[{"embeddable":true,"href":"https:\/\/grimosa.com.mx\/en\/wp-json\/wp\/v2\/users\/1"}],"replies":[{"embeddable":true,"href":"https:\/\/grimosa.com.mx\/en\/wp-json\/wp\/v2\/comments?post=2080"}],"version-history":[{"count":0,"href":"https:\/\/grimosa.com.mx\/en\/wp-json\/wp\/v2\/pages\/2080\/revisions"}],"wp:attachment":[{"href":"https:\/\/grimosa.com.mx\/en\/wp-json\/wp\/v2\/media?parent=2080"}],"curies":[{"name":"wp","href":"https:\/\/api.w.org\/{rel}","templated":true}]}}