{"id":2106,"date":"2019-11-14T08:53:05","date_gmt":"2019-11-14T07:53:05","guid":{"rendered":"http:\/\/grimosa.com.mx\/?page_id=2106"},"modified":"2021-06-16T13:39:32","modified_gmt":"2021-06-16T18:39:32","slug":"fabricantes-de-piezas-metalicas-monterrey","status":"publish","type":"page","link":"https:\/\/grimosa.com.mx\/en\/fabricantes-de-piezas-metalicas-monterrey\/","title":{"rendered":"Fabricantes de piezas met\u00e1licas Monterrey"},"content":{"rendered":"<div data-elementor-type=\"wp-page\" data-elementor-id=\"2106\" class=\"elementor elementor-2106\">\n\t\t\t\t\t\t<div class=\"elementor-inner\">\n\t\t\t\t<div class=\"elementor-section-wrap\">\n\t\t\t\t\t\t\t\t\t<section class=\"elementor-section elementor-top-section elementor-element elementor-element-ebb547f elementor-section-boxed elementor-section-height-default elementor-section-height-default\" data-id=\"ebb547f\" data-element_type=\"section\">\n\t\t\t\t\t\t<div class=\"elementor-container elementor-column-gap-default\">\n\t\t\t\t\t\t\t<div class=\"elementor-row\">\n\t\t\t\t\t<div class=\"elementor-column elementor-col-100 elementor-top-column elementor-element elementor-element-9d144bf\" data-id=\"9d144bf\" data-element_type=\"column\">\n\t\t\t<div class=\"elementor-column-wrap elementor-element-populated\">\n\t\t\t\t\t\t\t<div class=\"elementor-widget-wrap\">\n\t\t\t\t\t\t<div class=\"elementor-element elementor-element-3c4e3d7 elementor-widget elementor-widget-spacer\" data-id=\"3c4e3d7\" data-element_type=\"widget\" data-widget_type=\"spacer.default\">\n\t\t\t\t<div class=\"elementor-widget-container\">\n\t\t\t\t\t<div class=\"elementor-spacer\">\n\t\t\t<div class=\"elementor-spacer-inner\"><\/div>\n\t\t<\/div>\n\t\t\t\t<\/div>\n\t\t\t\t<\/div>\n\t\t\t\t<div class=\"elementor-element elementor-element-1eea1cd elementor-widget elementor-widget-heading\" data-id=\"1eea1cd\" data-element_type=\"widget\" data-widget_type=\"heading.default\">\n\t\t\t\t<div class=\"elementor-widget-container\">\n\t\t\t<h2 class=\"elementor-heading-title elementor-size-xl\">Fabricantes de piezas met\u00e1licas en monterrey<\/h2>\t\t<\/div>\n\t\t\t\t<\/div>\n\t\t\t\t<div class=\"elementor-element elementor-element-b0d4f6b elementor-widget elementor-widget-spacer\" data-id=\"b0d4f6b\" data-element_type=\"widget\" data-widget_type=\"spacer.default\">\n\t\t\t\t<div class=\"elementor-widget-container\">\n\t\t\t\t\t<div class=\"elementor-spacer\">\n\t\t\t<div class=\"elementor-spacer-inner\"><\/div>\n\t\t<\/div>\n\t\t\t\t<\/div>\n\t\t\t\t<\/div>\n\t\t\t\t\t\t<\/div>\n\t\t\t\t\t<\/div>\n\t\t<\/div>\n\t\t\t\t\t\t\t\t<\/div>\n\t\t\t\t\t<\/div>\n\t\t<\/section>\n\t\t\t\t<section class=\"elementor-section elementor-top-section elementor-element elementor-element-460d0140 elementor-section-boxed elementor-section-height-default elementor-section-height-default\" data-id=\"460d0140\" data-element_type=\"section\">\n\t\t\t\t\t\t<div class=\"elementor-container elementor-column-gap-default\">\n\t\t\t\t\t\t\t<div class=\"elementor-row\">\n\t\t\t\t\t<div class=\"elementor-column elementor-col-100 elementor-top-column elementor-element elementor-element-8301f4d\" data-id=\"8301f4d\" data-element_type=\"column\">\n\t\t\t<div class=\"elementor-column-wrap elementor-element-populated\">\n\t\t\t\t\t\t\t<div class=\"elementor-widget-wrap\">\n\t\t\t\t\t\t<div class=\"elementor-element elementor-element-13ee10a5 elementor-widget elementor-widget-text-editor\" data-id=\"13ee10a5\" data-element_type=\"widget\" data-widget_type=\"text-editor.default\">\n\t\t\t\t<div class=\"elementor-widget-container\">\n\t\t\t\t\t\t\t\t<div class=\"elementor-text-editor elementor-clearfix\">\n\t\t\t\t<p style=\"text-align: justify;\">En Grimosa somos <strong>fabricantes de piezas met\u00e1licas en Monterrey<\/strong> y, por nuestro s\u00f3lido compromiso con nuestros clientes, adoptamos procesos rigurosos que nos permitan ofrecer la m\u00e1s alta calidad, que supere sus expectativas. Adem\u00e1s, ofrecemos soluciones en sistemas de estructuras prefabricadas de acero, de impermeabilizaci\u00f3n y aislamiento t\u00e9rmico con costos competitivos y una alta eficiencia en tiempos de ejecuci\u00f3n de obras, de manera que contribuyamos activamente en la satisfacci\u00f3n de quienes contratan nuestros servicios.<\/p>\r\n<p style=\"text-align: justify;\">Hablando espec\u00edficamente de la fabricaci\u00f3n de piezas met\u00e1licas, en Grimosa empleamos operaciones de conformado que permiten alterar la geometr\u00eda de la materia prima de trabajo mediante diferentes procedimientos, en los que se aplica calor o fuerza mec\u00e1nica o combinaci\u00f3n de ambas. Sabemos que para ustedes, contar con informaci\u00f3n clara sobre los procesos con los que producimos nuestras piezas met\u00e1licas es clave para decidir contratar los servicios que ofrecemos en fabricaci\u00f3n, y precisamente por eso no tenemos reparo en hablarles sobre los m\u00e9todos empleados, que incluyen la funci\u00f3n, el procesado de part\u00edculas o pulvimetalurgia, procesos de deformaci\u00f3n pl\u00e1stica y mecanizado.<\/p>\r\n<p style=\"text-align: justify;\">En la etapa de fundici\u00f3n, el metal elegido como materia prima se somete a temperaturas dentro del rango suficiente para llevarlo a estado l\u00edquido o semifluido, lo que facilitar\u00e1 verterlo en un molde con la forma deseada, dentro del cual se solidificar\u00e1. El uso del m\u00e9todo de fundici\u00f3n ofrece diferentes ventajas, en comparaci\u00f3n con otros procesos utilizados en la fabricaci\u00f3n de piezas met\u00e1licas. Entre estas ventajas se encuentra el que facilita la fabricaci\u00f3n de piezas con formas o dise\u00f1os complejos, admitiendo incluso aquellos que presentan huecos en su interior; tambi\u00e9n se puede trabajar con piezas de diferentes tama\u00f1os, desde muy peque\u00f1as hasta de tama\u00f1o muy grande, y es un proceso apto para la producci\u00f3n en serie.<\/p>\r\n<p style=\"text-align: justify;\">Otra de las ventajas es que se requieren de pocas operaciones adicionales para la fabricaci\u00f3n, ya que despu\u00e9s de finalizar la fundici\u00f3n se consigue tanto la forma como el tama\u00f1o requerido de la pieza o se le acerca bastante, es decir, se obtiene la forma neta o la forma casi neta. Por otro lado se pueden usar metales y diferentes aleaciones que no son aptos para procesos de conformado por deformaci\u00f3n o soldadura, y es una opci\u00f3n m\u00e1s econ\u00f3mica que estos y otros procesos de fabricaci\u00f3n. Sin embargo, hay que tener varios factores a consideraci\u00f3n al aplicar la fundici\u00f3n, como las posibles limitaciones que llegan a presentar las propiedades mec\u00e1nicas de las piezas generadas, como la porosidad, acabado superficial y la emisi\u00f3n de gases y posible toxicidad de ciertos materiales, por lo que se deben adoptar medidas adecuadas para reducci\u00f3n de riesgos.<\/p>\r\n<p style=\"text-align: justify;\">Otro proceso es el de part\u00edculas o pulvimetalurgia, en el que se parte de un polvo met\u00e1lico o cer\u00e1mico fino que se prensa en una matriz a alta presi\u00f3n para que adopte la forma de la misma. Posteriormente la pieza se calienta al punto de sinterizaci\u00f3n, es decir, por debajo de su punto de fusi\u00f3n, lo que permite que las part\u00edculas individuales se cohesionen. Las ventajas de este proceso es que las piezas se producen con la forma final, lo que elimina los requerimientos de operaciones adicionales para acabado, adem\u00e1s no se producen desperdicios, o se generan desperdicios m\u00ednimos lo que permite aprovechar casi la totalidad del producto inicial. Por otra parte, se logran fabricar piezas con niveles de porosidad espec\u00edficos y es posible trabajar con materiales que no se pueden someter a otro tipo de procedimientos.<\/p>\r\n<p style=\"text-align: justify;\">Adicionalmente, el proceso es automatizable y se logran obtener diferentes caracter\u00edsticas dimensionales. Ahora, se debe tener en cuenta que por el costo de los equipos y herramientas, para que sea una opci\u00f3n rentable se deben seguir niveles de producci\u00f3n elevados, que hay algunas limitaciones de forma por las dificultades de fluencia del material inicial y las variaciones de densidad al trabajar con geometr\u00edas complejas. Finalmente hay que valorar que el tama\u00f1o de las piezas a producir con este proceso debe ser reducido.<\/p>\r\n<p style=\"text-align: justify;\">Otro proceso utilizado por <strong>fabricantes de piezas met\u00e1licas en Monterrey<\/strong> es el de deformaci\u00f3n pl\u00e1stica, en que se aplican fuerzas por encima del l\u00edmite de un material d\u00factil a la deformaci\u00f3n. Para aumentar la ductilidad del material y evitar de esta manera su rotura durante la deformaci\u00f3n, previamente se aumenta la temperatura del metal, incluyendo chapas met\u00e1licas. As\u00ed, el metal caliente pasa a un estado pl\u00e1stico, que se puede conformar r\u00e1pidamente por la aplicaci\u00f3n de presi\u00f3n.<\/p>\r\n<p style=\"text-align: justify;\">Este proceso ofrece diferentes ventajas, como la eliminaci\u00f3n de la porosidad de los metales, la destrucci\u00f3n de impurezas, la mejora de propiedades f\u00edsicas por el refinamiento de sus granos y la alta homogeneidad de los metales que se obtienen. Adem\u00e1s se requiere de menos energ\u00eda que la empleada en los procesos que se realizan en fr\u00edo. Por el lado de los factores a considerar es la oxidaci\u00f3n que se presenta en la superficie de las piezas por las altas temperaturas, lo que genera un acabado superficial que requiere un tratamiento posterior, adem\u00e1s de la incapacidad para mantener tolerancias estrechas.<\/p>\r\n<p style=\"text-align: justify;\">Finalmente, el proceso de mecanizado permite eliminar el exceso de material en las piezas de partida para obtener la geometr\u00eda final deseada. Para esto se siguen diferentes procesos tradicionales, como el fresado o torneado en metales s\u00f3lidos, para lo que se usan herramientas de corte y abrasi\u00f3n en materiales de una dureza superior a las piezas de trabajo, o bien, rayo l\u00e1ser, erosi\u00f3n qu\u00edmica, haces de electrones, descargas el\u00e9ctricas, entre otros. Por sus caracter\u00edsticas, los procesos de fabricaci\u00f3n mediante mecanizado ofrecen la ventaja de trabajar con una amplia gama de materiales para generar piezas con gran variedad de formas y de caracter\u00edsticas geom\u00e9tricas. Con los procesos de mecanizados se obtiene alta precisi\u00f3n dimensional en tolerancias estrechas y acabados superficiales de alta calidad. Sin embargo, hay que considerar que se puede generar desperdicio de material y que por la deformaci\u00f3n pl\u00e1stica se llegan a alterar las propiedades mec\u00e1nicas de los materiales iniciales.<\/p>\r\n<p style=\"text-align: justify;\">Para conocer m\u00e1s acerca de los procesos que empleamos en Grimosa como <strong>fabricantes de piezas met\u00e1licas en Monterrey<\/strong> y otras de nuestras soluciones, no duden en ponerse en contacto con nosotros, con gusto los atenderemos y les ofreceremos asesor\u00eda especializada en la elecci\u00f3n de la opci\u00f3n que se adapte mejor a sus necesidades.<\/p>\t\t\t\t\t<\/div>\n\t\t\t\t\t\t<\/div>\n\t\t\t\t<\/div>\n\t\t\t\t\t\t<\/div>\n\t\t\t\t\t<\/div>\n\t\t<\/div>\n\t\t\t\t\t\t\t\t<\/div>\n\t\t\t\t\t<\/div>\n\t\t<\/section>\n\t\t\t\t\t\t\t\t\t<\/div>\n\t\t\t<\/div>\n\t\t\t\t\t<\/div>","protected":false},"excerpt":{"rendered":"<p>Fabricantes de piezas met\u00e1licas en monterrey En Grimosa somos fabricantes de piezas met\u00e1licas en Monterrey y, por nuestro s\u00f3lido compromiso con nuestros clientes, adoptamos procesos rigurosos que nos permitan ofrecer la m\u00e1s alta calidad, que supere sus expectativas. Adem\u00e1s, ofrecemos soluciones en sistemas de estructuras prefabricadas de acero, de impermeabilizaci\u00f3n y aislamiento t\u00e9rmico con costos &hellip;<\/p>\n<p class=\"read-more\"> <a class=\"\" href=\"https:\/\/grimosa.com.mx\/en\/fabricantes-de-piezas-metalicas-monterrey\/\"> <span class=\"screen-reader-text\">Fabricantes de piezas met\u00e1licas Monterrey<\/span> Read More \u00bb<\/a><\/p>","protected":false},"author":1,"featured_media":0,"parent":0,"menu_order":0,"comment_status":"closed","ping_status":"closed","template":"elementor_header_footer","meta":{"site-sidebar-layout":"default","site-content-layout":"default","ast-main-header-display":"","ast-hfb-above-header-display":"","ast-hfb-below-header-display":"","ast-hfb-mobile-header-display":"","site-post-title":"","ast-breadcrumbs-content":"","ast-featured-img":"","footer-sml-layout":"","theme-transparent-header-meta":"","adv-header-id-meta":"","stick-header-meta":"","header-above-stick-meta":"","header-main-stick-meta":"","header-below-stick-meta":"","footnotes":"","_joinchat":[]},"_links":{"self":[{"href":"https:\/\/grimosa.com.mx\/en\/wp-json\/wp\/v2\/pages\/2106"}],"collection":[{"href":"https:\/\/grimosa.com.mx\/en\/wp-json\/wp\/v2\/pages"}],"about":[{"href":"https:\/\/grimosa.com.mx\/en\/wp-json\/wp\/v2\/types\/page"}],"author":[{"embeddable":true,"href":"https:\/\/grimosa.com.mx\/en\/wp-json\/wp\/v2\/users\/1"}],"replies":[{"embeddable":true,"href":"https:\/\/grimosa.com.mx\/en\/wp-json\/wp\/v2\/comments?post=2106"}],"version-history":[{"count":0,"href":"https:\/\/grimosa.com.mx\/en\/wp-json\/wp\/v2\/pages\/2106\/revisions"}],"wp:attachment":[{"href":"https:\/\/grimosa.com.mx\/en\/wp-json\/wp\/v2\/media?parent=2106"}],"curies":[{"name":"wp","href":"https:\/\/api.w.org\/{rel}","templated":true}]}}