{"id":2110,"date":"2019-11-14T13:10:01","date_gmt":"2019-11-14T19:10:01","guid":{"rendered":"http:\/\/grimosa.com.mx\/?page_id=2110"},"modified":"2021-06-16T13:11:17","modified_gmt":"2021-06-16T18:11:17","slug":"estructuras-metalicas","status":"publish","type":"page","link":"https:\/\/grimosa.com.mx\/en\/estructuras-metalicas\/","title":{"rendered":"Estructuras met\u00e1licas"},"content":{"rendered":"<div data-elementor-type=\"wp-page\" data-elementor-id=\"2110\" class=\"elementor elementor-2110\">\n\t\t\t\t\t\t<div class=\"elementor-inner\">\n\t\t\t\t<div class=\"elementor-section-wrap\">\n\t\t\t\t\t\t\t\t\t<section class=\"elementor-section elementor-top-section elementor-element elementor-element-3eaf97b8 elementor-section-boxed elementor-section-height-default elementor-section-height-default\" data-id=\"3eaf97b8\" data-element_type=\"section\">\n\t\t\t\t\t\t<div class=\"elementor-container elementor-column-gap-default\">\n\t\t\t\t\t\t\t<div class=\"elementor-row\">\n\t\t\t\t\t<div class=\"elementor-column elementor-col-100 elementor-top-column elementor-element elementor-element-39a6a744\" data-id=\"39a6a744\" data-element_type=\"column\">\n\t\t\t<div class=\"elementor-column-wrap elementor-element-populated\">\n\t\t\t\t\t\t\t<div class=\"elementor-widget-wrap\">\n\t\t\t\t\t\t<div class=\"elementor-element elementor-element-f9d101c elementor-widget elementor-widget-heading\" data-id=\"f9d101c\" data-element_type=\"widget\" data-widget_type=\"heading.default\">\n\t\t\t\t<div class=\"elementor-widget-container\">\n\t\t\t<h2 class=\"elementor-heading-title elementor-size-xxl\">Estructuras met\u00e1licas<\/h2>\t\t<\/div>\n\t\t\t\t<\/div>\n\t\t\t\t<div class=\"elementor-element elementor-element-28efbf02 elementor-widget elementor-widget-text-editor\" data-id=\"28efbf02\" data-element_type=\"widget\" data-widget_type=\"text-editor.default\">\n\t\t\t\t<div class=\"elementor-widget-container\">\n\t\t\t\t\t\t\t\t<div class=\"elementor-text-editor elementor-clearfix\">\n\t\t\t\t<p style=\"text-align: justify;\">Si anda en busca de <strong>estructuras met\u00e1licas<\/strong> para su proyecto de construcci\u00f3n, lo mejor es que acuda a Grimosa, una empresa dedicada al dise\u00f1o, fabricaci\u00f3n y montaje de estas estructuras.<\/p>\n<p style=\"text-align: justify;\">Desde principios del siglo XIX comenz\u00f3 a usarse el metal para las construcciones dejando de lado algunos materiales antes utilizados, puesto que se dieron cuenta de que el metal resultaba m\u00e1s s\u00f3lido, daba m\u00e1s fuerza y firmeza a las construcciones, convirti\u00e9ndose en el material preferido para estas actividades.<\/p>\n<p style=\"text-align: justify;\">Sin embargo, las estructuras de metal no solo se usan en el sector de la construcci\u00f3n, ya que pueden ser implementadas para distintos fines, y para que se d\u00e9 una idea de algunos de los usos que le puede dar a este material y para qu\u00e9 tipo de construcciones se usan, aqu\u00ed realizamos un listado:<\/p>\n<ul style=\"text-align: justify;\">\n<li><strong>Grandes construcciones<\/strong>.<\/li>\n<\/ul>\n<p style=\"text-align: justify;\">La realidad es que pueden usarse en todo tipo de construcci\u00f3n por su gran fuerza y firmeza, sin embargo, son especiales para aquellas construcciones de edificios grandes ya que son capaces de resistir tremendas cantidades de peso. Pero adem\u00e1s de su capacidad para dar un cimiento confiable, tambi\u00e9n se caracteriza por su sencillez al implementarse dentro de una construcci\u00f3n, lo que hace que se acelere el tiempo de edificaci\u00f3n. Tambi\u00e9n es un material duradero y suele ser m\u00e1s econ\u00f3mico que otros tipos de materiales usados en la obra.<\/p>\n<p style=\"text-align: justify;\">En este sentido, en Grimosa existen <strong>estructuras met\u00e1licas<\/strong> entre las cuales puede encontrar:<\/p>\n<ol style=\"text-align: justify;\">\n<li><strong>Vigas (tres placas, ipr, casteladas).<\/strong> La viga esencialmente sirve para llevar la carga existente en dos apoyos, es la que da el soporte a las estructuras de cualquier construcci\u00f3n, ya sea residenciales para soportar el techo o estacionamientos o puentes. Por otro lado, tambi\u00e9n est\u00e1n dise\u00f1adas para poder ofrecer tensi\u00f3n a la estructura y al mismo tiempo flexi\u00f3n. Grimosa le ofrece vigas fuertes fabricadas especialmente para soportar presi\u00f3n, dar soporte y flexibilidad a la estructura.<\/li>\n<li><strong>Armaduras (per, \u00e1ngulo). <\/strong>Este tipo de estructuras met\u00e1licas son capaces de dar resistencia a la estructura de construcciones diversas. Esta se constituye por elementos en l\u00ednea que est\u00e1n incorporados en cada uno de sus extremos y unidos por los nudos.<\/li>\n<li><strong>Joist.<\/strong> Es una estructura ligera y est\u00e1 hecha para soportar techos y tambi\u00e9n servir como transferencia de peso dentro de la misma estructura. Se puede utilizar en diversas construcciones, su dise\u00f1o es de forma triangular y se une en dos puntos que sirven como apoyo.<\/li>\n<li><strong>Columnas (tres y cuatro placas, tubo, celos\u00eda de \u00e1ngulo, or, ipr, poll\u00edn, canal).<\/strong> Es quiz\u00e1 la m\u00e1s usada dentro de las construcciones, no importa qu\u00e9 tipo de cimentaci\u00f3n se trate, ya que reparte de manera equitativa el peso en la estructura; adem\u00e1s, son ligeras.<\/li>\n<\/ol>\n<ul style=\"text-align: justify;\">\n<li><strong>Construcci\u00f3n residencial.<\/strong> \u00a1Qu\u00e9 mejor que construir un hogar con un material que le garantice confiabilidad y resistencia!, la verdad es que casi cualquier tipo de residencia puede construirse con estructuras de metal. Incluso si ya est\u00e1 construida, pero quiere reemplazar las que ya tiene por ser de otro material, puede hacerse.<\/li>\n<li>Definitivamente este material es apto para casi cualquier construcci\u00f3n, y este es el caso de los estacionamientos, estos por lo general deben construirse r\u00e1pido, duraderos y resistentes, dichas caracter\u00edsticas las tiene el metal, por lo tanto, sus estructuras de acero son perfecta para la realizaci\u00f3n de este tipo de espacios.<\/li>\n<li>Son una construcci\u00f3n que debe soportar grandes presiones, por lo tanto, es necesario que sea fabricado con materiales de grandes resistencias como el metal, por eso colocar estructuras de metal en ese tipo de proyectos es m\u00e1s que ideal, su calidad de resistencia la hace inmejorable.<\/li>\n<li>Tambi\u00e9n es perfecto para terminales de medios de transporte, los hangares necesitan tener resistencia de atracci\u00f3n y soportar grandes cantidades de peso y resistir golpes, y todo eso es posible obtenerlo al utilizar estructuras de metal dentro de la construcci\u00f3n de estos hangares. Pueden ser espacios para aviones, pero tambi\u00e9n para estaciones de metro, metro bus, tren y ferrocarril.<\/li>\n<li><strong>Energ\u00eda.<\/strong> El metal tambi\u00e9n puede usarse en el sector energ\u00e9tico, y aunque quiz\u00e1 no estemos muy habituados a verlo como un material para este uso, la verdad es que suelen usarse para fabricar estructuras industriales destinadas a ser torres de transmisi\u00f3n, turbinas e\u00f3licas, tuber\u00edas de gas o pozos petroleros, pero tambi\u00e9n pueden usarse para los n\u00facleos de transformadores. Es decir, no solo son usados para la construcci\u00f3n de edificios, tambi\u00e9n son excelentes para otro tipo de estructuras, realmente un material muy vers\u00e1til.<\/li>\n<li>Tambi\u00e9n puede usarse como embalaje, ya que es un material muy resistente capaz de proteger a los productos de las inclemencias del clima, as\u00ed como del polvo y en general de cualquier cosa que pudiera contaminarlos.<\/li>\n<li>No solo se usa para la fabricaci\u00f3n del lugar en donde se estacionar\u00e1n los autos, tambi\u00e9n se usa para fabricar los mismos autos, especialmente los de gran tama\u00f1o como camiones. Al mismo tiempo, es utilizado para la fabricaci\u00f3n de los rieles, de los mismos trenes e incluso barcos, as\u00ed como algunos componentes de motor de reacci\u00f3n.<\/li>\n<\/ul>\n<p style=\"text-align: justify;\">Ahora que ya sabe por qu\u00e9 este material es el preferido de los constructores, ya sea por su costo, durabilidad, su capacidad de resistir peso, la disminuci\u00f3n del tiempo invertido en la construcci\u00f3n, la facilidad de usarlo y m\u00e1s.<\/p>\n<p style=\"text-align: justify;\">En Grimosa somos una empresa que, adem\u00e1s de ser especialistas en <strong>estructuras met\u00e1licas<\/strong>, espec\u00edficamente en la fabricaci\u00f3n y montaje de todo tipo de estructura, tambi\u00e9n tenemos distintos materiales para su construcci\u00f3n, como sistemas de impermeabilizaci\u00f3n y aislamiento t\u00e9rmico y m\u00e1s, y todo a un buen precio y la mejor calidad en los materiales.<\/p>\n<p style=\"text-align: justify;\">Hemos participado en diversos proyectos de construcci\u00f3n tanto en edificios residenciales, como comerciales e incluso plantas el\u00e9ctricas, lo hacemos proporcionando material para ello, al d\u00eda de hoy seguimos participando en proyectos y tenemos m\u00e1s en puerta, como lo son proyectos residenciales y comerciales.<\/p>\n<p style=\"text-align: justify;\">Cont\u00e1ctenos a nuestros tel\u00e9fonos <a href=\"about:blank\">(81) 8335-4552, (81) 1099-5027<\/a>, o m\u00e1ndenos un correo electr\u00f3nico&nbsp;&nbsp;<a href=\"mailto:ventas@grimosa.com.mx\">ventas@grimosa.com.mx<\/a>&nbsp;, estamos para contestar sus dudas y darle informaci\u00f3n detallada de ese material que necesita o sobre las <strong>estructuras met\u00e1licas<\/strong> que requiere.<\/p>\t\t\t\t\t<\/div>\n\t\t\t\t\t\t<\/div>\n\t\t\t\t<\/div>\n\t\t\t\t\t\t<\/div>\n\t\t\t\t\t<\/div>\n\t\t<\/div>\n\t\t\t\t\t\t\t\t<\/div>\n\t\t\t\t\t<\/div>\n\t\t<\/section>\n\t\t\t\t\t\t\t\t\t<\/div>\n\t\t\t<\/div>\n\t\t\t\t\t<\/div>","protected":false},"excerpt":{"rendered":"<p>Estructuras met\u00e1licas Si anda en busca de estructuras met\u00e1licas para su proyecto de construcci\u00f3n, lo mejor es que acuda a Grimosa, una empresa dedicada al dise\u00f1o, fabricaci\u00f3n y montaje de estas estructuras. Desde principios del siglo XIX comenz\u00f3 a usarse el metal para las construcciones dejando de lado algunos materiales antes utilizados, puesto que se &hellip;<\/p>\n<p class=\"read-more\"> <a class=\"\" href=\"https:\/\/grimosa.com.mx\/en\/estructuras-metalicas\/\"> <span class=\"screen-reader-text\">Estructuras met\u00e1licas<\/span> Read More \u00bb<\/a><\/p>","protected":false},"author":1,"featured_media":0,"parent":0,"menu_order":0,"comment_status":"closed","ping_status":"closed","template":"elementor_header_footer","meta":{"site-sidebar-layout":"default","site-content-layout":"default","ast-main-header-display":"","ast-hfb-above-header-display":"","ast-hfb-below-header-display":"","ast-hfb-mobile-header-display":"","site-post-title":"","ast-breadcrumbs-content":"","ast-featured-img":"","footer-sml-layout":"","theme-transparent-header-meta":"","adv-header-id-meta":"","stick-header-meta":"","header-above-stick-meta":"","header-main-stick-meta":"","header-below-stick-meta":"","footnotes":"","_joinchat":[]},"_links":{"self":[{"href":"https:\/\/grimosa.com.mx\/en\/wp-json\/wp\/v2\/pages\/2110"}],"collection":[{"href":"https:\/\/grimosa.com.mx\/en\/wp-json\/wp\/v2\/pages"}],"about":[{"href":"https:\/\/grimosa.com.mx\/en\/wp-json\/wp\/v2\/types\/page"}],"author":[{"embeddable":true,"href":"https:\/\/grimosa.com.mx\/en\/wp-json\/wp\/v2\/users\/1"}],"replies":[{"embeddable":true,"href":"https:\/\/grimosa.com.mx\/en\/wp-json\/wp\/v2\/comments?post=2110"}],"version-history":[{"count":0,"href":"https:\/\/grimosa.com.mx\/en\/wp-json\/wp\/v2\/pages\/2110\/revisions"}],"wp:attachment":[{"href":"https:\/\/grimosa.com.mx\/en\/wp-json\/wp\/v2\/media?parent=2110"}],"curies":[{"name":"wp","href":"https:\/\/api.w.org\/{rel}","templated":true}]}}