{"id":2113,"date":"2019-11-14T13:13:05","date_gmt":"2019-11-14T12:13:05","guid":{"rendered":"http:\/\/grimosa.com.mx\/?page_id=2113"},"modified":"2021-06-16T13:21:12","modified_gmt":"2021-06-16T18:21:12","slug":"fabricacion-de-escaleras-metalicas-monterrey","status":"publish","type":"page","link":"https:\/\/grimosa.com.mx\/en\/fabricacion-de-escaleras-metalicas-monterrey\/","title":{"rendered":"Fabricaci\u00f3n de escaleras met\u00e1licas Monterrey"},"content":{"rendered":"<div data-elementor-type=\"wp-page\" data-elementor-id=\"2113\" class=\"elementor elementor-2113\">\n\t\t\t\t\t\t<div class=\"elementor-inner\">\n\t\t\t\t<div class=\"elementor-section-wrap\">\n\t\t\t\t\t\t\t\t\t<section class=\"elementor-section elementor-top-section elementor-element elementor-element-69753600 elementor-section-boxed elementor-section-height-default elementor-section-height-default\" data-id=\"69753600\" data-element_type=\"section\">\n\t\t\t\t\t\t<div class=\"elementor-container elementor-column-gap-default\">\n\t\t\t\t\t\t\t<div class=\"elementor-row\">\n\t\t\t\t\t<div class=\"elementor-column elementor-col-100 elementor-top-column elementor-element elementor-element-23f483c5\" data-id=\"23f483c5\" data-element_type=\"column\">\n\t\t\t<div class=\"elementor-column-wrap elementor-element-populated\">\n\t\t\t\t\t\t\t<div class=\"elementor-widget-wrap\">\n\t\t\t\t\t\t<div class=\"elementor-element elementor-element-63d9b68 elementor-widget elementor-widget-spacer\" data-id=\"63d9b68\" data-element_type=\"widget\" data-widget_type=\"spacer.default\">\n\t\t\t\t<div class=\"elementor-widget-container\">\n\t\t\t\t\t<div class=\"elementor-spacer\">\n\t\t\t<div class=\"elementor-spacer-inner\"><\/div>\n\t\t<\/div>\n\t\t\t\t<\/div>\n\t\t\t\t<\/div>\n\t\t\t\t<div class=\"elementor-element elementor-element-11f3055 elementor-widget elementor-widget-heading\" data-id=\"11f3055\" data-element_type=\"widget\" data-widget_type=\"heading.default\">\n\t\t\t\t<div class=\"elementor-widget-container\">\n\t\t\t<h2 class=\"elementor-heading-title elementor-size-xl\">Fabricaci\u00f3n de escaleras met\u00e1licas<\/h2>\t\t<\/div>\n\t\t\t\t<\/div>\n\t\t\t\t<div class=\"elementor-element elementor-element-e083a36 elementor-widget elementor-widget-spacer\" data-id=\"e083a36\" data-element_type=\"widget\" data-widget_type=\"spacer.default\">\n\t\t\t\t<div class=\"elementor-widget-container\">\n\t\t\t\t\t<div class=\"elementor-spacer\">\n\t\t\t<div class=\"elementor-spacer-inner\"><\/div>\n\t\t<\/div>\n\t\t\t\t<\/div>\n\t\t\t\t<\/div>\n\t\t\t\t\t\t<\/div>\n\t\t\t\t\t<\/div>\n\t\t<\/div>\n\t\t\t\t\t\t\t\t<\/div>\n\t\t\t\t\t<\/div>\n\t\t<\/section>\n\t\t\t\t<section class=\"elementor-section elementor-top-section elementor-element elementor-element-53f19f4 elementor-section-boxed elementor-section-height-default elementor-section-height-default\" data-id=\"53f19f4\" data-element_type=\"section\">\n\t\t\t\t\t\t<div class=\"elementor-container elementor-column-gap-default\">\n\t\t\t\t\t\t\t<div class=\"elementor-row\">\n\t\t\t\t\t<div class=\"elementor-column elementor-col-100 elementor-top-column elementor-element elementor-element-b1d201e\" data-id=\"b1d201e\" data-element_type=\"column\">\n\t\t\t<div class=\"elementor-column-wrap elementor-element-populated\">\n\t\t\t\t\t\t\t<div class=\"elementor-widget-wrap\">\n\t\t\t\t\t\t<div class=\"elementor-element elementor-element-414c334 elementor-widget elementor-widget-text-editor\" data-id=\"414c334\" data-element_type=\"widget\" data-widget_type=\"text-editor.default\">\n\t\t\t\t<div class=\"elementor-widget-container\">\n\t\t\t\t\t\t\t\t<div class=\"elementor-text-editor elementor-clearfix\">\n\t\t\t\t<p style=\"text-align: justify;\">\u00bfEst\u00e1 en busca de la mejor escalera para su construcci\u00f3n residencial o de negocio?, sin duda hay un material que es mejor que el cemento para la construcci\u00f3n de escaleras, y es el metal. En este sentido, si se ha decidi\u00f3 por este material, y necesita la <strong>fabricaci\u00f3n de escaleras met\u00e1licas en Monterrey<\/strong>, lo ideal es acudir con nosotros, ya que en Grimosa, somos una empresa que se dedica al dise\u00f1o de estructuras met\u00e1licas, as\u00ed como a su fabricaci\u00f3n y su montaje.<\/p>\n<p style=\"text-align: left;\">Sin duda, elegir una escalera de metal da diversas ventajas ya que si se desea puede combinarse perfectamente con otros materiales.<\/p>\n<p style=\"text-align: justify;\">\u00bfQu\u00e9 beneficios se obtienen al utilizar la fabricaci\u00f3n de escaleras met\u00e1licas en Monterrey?<\/p>\n<p style=\"text-align: justify;\">Para que se d\u00e9 una idea m\u00e1s precisa de le que este tipo de estructura pude hacer, dejamos algunos puntos que lo dejar\u00e1n pensando.<\/p>\n\n<ul style=\"text-align: justify;\">\n \t<li><strong>Instalaci\u00f3n sin problemas.<\/strong> Por supuesto, esto no quiere decir que cualquiera puede instalarla, quiere decidir que si se es un profesional de <strong>fabricaci\u00f3n de escaleras met\u00e1licas en Monterrey, <\/strong>como lo es Grimosa, no habr\u00e1 dificultad para instalarla, y es que una vez que la hayan construido de acuerdo a las especificaciones del proyecto, ir a colocarla no tendr\u00e1 que representar problema.<\/li>\n \t<li>Estas escaleras en realidad no requieren de pasarle pintura o barniz, ellas ya vienen listas para ser instaladas y usadas, es sobre todo una ventaja enorme, su gran resistencia al medio ambiente sin importar que haga fr\u00edo o calor. No se encoger\u00e1 o ensanchar\u00e1 como sucede con la madera, adem\u00e1s, tampoco sufrir\u00e1n de alg\u00fan ataque de termita, ni mucho menos se doblar\u00e1n. Puede usarse para el exterior de la construcci\u00f3n, pero tambi\u00e9n por dentro, debido a su capacidad de resistir grandes cantidades de peso. Y por supuesto, est\u00e1n fabricadas para hacer frente tanto a la corrosi\u00f3n y, muy importante, a la oxidaci\u00f3n.<\/li>\n \t<li>Este tipo de escalera resulta muy interesante, ya que con el material pueden fabricarse con diversos dise\u00f1os que van desde lo m\u00e1s b\u00e1sico o cl\u00e1sico, hasta la creaci\u00f3n de dise\u00f1os novedosos, rebuscados o incluso ornamentado, y lo mejor es que son perfectamente capaz de acoplarse a casi cualquier construcci\u00f3n. Y si se desea, una vez que se vaya a instalar puede combinarse con alg\u00fan otro material que haga juego con la construcci\u00f3n de la escalera, por ejemplo, vidrio, como efecto meramente decorativo.<\/li>\n \t<li><strong>Excelente inversi\u00f3n.<\/strong> La <strong>fabricaci\u00f3n de escaleras met\u00e1licas en Monterrey<\/strong> le dar\u00e1 la oportunidad de adquirir una estructura duradera, que aguantar\u00e1 a\u00f1os y a\u00f1os sin pr\u00e1cticamente casi nada de mantenimiento, la estructura de dicha escalera siempre ser\u00e1 la misma, es m\u00e1s la pintura ser\u00e1 casi innecesaria. A todas luces este es una inversi\u00f3n a largo, largo plazo.<\/li>\n \t<li><strong>Variedad de dise\u00f1o.<\/strong> Estas escaleras suelen fabricarse con acero inoxidable, aluminio o hierro forjado lo que hace posible que pueda formarse una variedad enorme de dise\u00f1os que pueden ir desde lo m\u00e1s modernos hasta lo m\u00e1s conservador, funcional, con barandilla, o bien, una cl\u00e1sica escalera de caracol, una tradicional con uno o dos descansos, etc. Claro, esto depender\u00e1 del tipo de construcci\u00f3n que se planee. En este sentido, tener una escalera de metal que adem\u00e1s de pr\u00e1ctica y \u00fatil sea est\u00e9tica, es la mejor combinaci\u00f3n que este material es capaz de ofrecer. Las escaleras met\u00e1licas no solo son para residencias, tambi\u00e9n est\u00e1n las industriales, y este sentido, en Grimosa ofrecemos la posibilidad de escoger su escalera, o bien, la fabricaci\u00f3n personalizada de la estructura diversificando las opciones de acabado con las que cuenta. En Grimosa se realiza una labor en constante comunicaci\u00f3n con el cliente y su proyecto, dando un dise\u00f1o de la escalera de acuerdo a lo que se requiere en cuanto a seguridad, resistencia y dise\u00f1o. No por nada este tipo de escalera ha formado parte de las construcciones durante a\u00f1os.<\/li>\n \t<li>Otra de las ventajas es que ofrece seguridad para quien la usa, puesto que en este material los resbalones no son muy comunes, y si llegar\u00e1 a suceder, el golpe con estas escaleras no se compara con el impacto que podr\u00eda recibir si se tratar\u00e1 de una construcci\u00f3n de concreto. Sin mencionar, la existencia de la barandilla que se usa para apoyo, raz\u00f3n por la cual las ca\u00eddas pueden evitarse. En este sentido, en Grimosa tambi\u00e9n podemos fabricarle su barandal como el complemento perfecto para su escalera met\u00e1lica.<\/li>\n \t<li><strong>Fuerza<\/strong>. Este material es extremadamente fuerte, lo que da seguridad a la construcci\u00f3n, por lo tanto, vale la pena el esfuerzo de la instalaci\u00f3n ya que con una escalera como esta s\u00ed existe confianza y seguridad en las estructuras del proyecto de construcci\u00f3n. Adem\u00e1s, el hecho de ser altamente duraderas le imprime m\u00e1s poder.<\/li>\n \t<li><strong>Limpieza<\/strong>. Este material es f\u00e1cil de limpiar, es por eso que no importa si durante el d\u00eda son muchas las personas que transitan por ah\u00ed, ya que bastar\u00e1 con cualquier producto de limpieza o incluso alg\u00fan trapo h\u00famedo para dejar libre de polvo, bacterias o cualquier suciedad.<\/li>\n<\/ul>\n<p style=\"text-align: justify;\">Ahora ya lo sabe, este material es el preferido de los constructores, por su versatilidad, durabilidad, su capacidad de resistencia, la disminuci\u00f3n del tiempo invertido en la construcci\u00f3n, la facilidad de instalaci\u00f3n y m\u00e1s.<\/p>\n<p style=\"text-align: justify;\">Y si est\u00e1 interesado en la adquisici\u00f3n de una escalera met\u00e1lica lo mejor es que vaya con profesionales del ramo, quienes le asesorar\u00e1n y le ayudar\u00e1n, y si es preciso le orientar\u00e1n a decidir sobre el dise\u00f1o y m\u00e1s cuestiones t\u00e9cnicas.<\/p>\n<p style=\"text-align: justify;\">Ac\u00e9rquese a Grimosa, somos una empresa que adem\u00e1s de especializarse en la instalaci\u00f3n y fabricaci\u00f3n de estructura de metal, as\u00ed como de escaleras met\u00e1lica, escaleras marinas, barandales y puertas de acceso entre otros productos, tambi\u00e9n venden materiales para su construcci\u00f3n como son sistemas de impermeabilizaci\u00f3n, aislamiento t\u00e9rmico, paneles aislados, molduras y m\u00e1s, y todo a un buen precio y con la mejor calidad.<\/p>\n<p style=\"text-align: justify;\">Puede contactarnos a los tel\u00e9fonos <a href=\"about:blank\">(81) 8335-4552, (81) 1099-5027<\/a>, o m\u00e1ndenos un mail a\u00a0\u00a0<a href=\"mailto:ventas@grimosa.com.mx\">ventas@grimosa.com.mx<\/a>\u00a0, estamos para darle informaci\u00f3n detallada sobre la\u00a0 <strong>fabricaci\u00f3n de escaleras met\u00e1licas en Monterrey<\/strong>.<\/p>\n&nbsp;\t\t\t\t\t<\/div>\n\t\t\t\t\t\t<\/div>\n\t\t\t\t<\/div>\n\t\t\t\t\t\t<\/div>\n\t\t\t\t\t<\/div>\n\t\t<\/div>\n\t\t\t\t\t\t\t\t<\/div>\n\t\t\t\t\t<\/div>\n\t\t<\/section>\n\t\t\t\t\t\t\t\t\t<\/div>\n\t\t\t<\/div>\n\t\t\t\t\t<\/div>","protected":false},"excerpt":{"rendered":"<p>Fabricaci\u00f3n de escaleras met\u00e1licas \u00bfEst\u00e1 en busca de la mejor escalera para su construcci\u00f3n residencial o de negocio?, sin duda hay un material que es mejor que el cemento para la construcci\u00f3n de escaleras, y es el metal. En este sentido, si se ha decidi\u00f3 por este material, y necesita la fabricaci\u00f3n de escaleras met\u00e1licas &hellip;<\/p>\n<p class=\"read-more\"> <a class=\"\" href=\"https:\/\/grimosa.com.mx\/en\/fabricacion-de-escaleras-metalicas-monterrey\/\"> <span class=\"screen-reader-text\">Fabricaci\u00f3n de escaleras met\u00e1licas Monterrey<\/span> Read More \u00bb<\/a><\/p>","protected":false},"author":1,"featured_media":0,"parent":0,"menu_order":0,"comment_status":"closed","ping_status":"closed","template":"elementor_header_footer","meta":{"site-sidebar-layout":"default","site-content-layout":"default","ast-main-header-display":"","ast-hfb-above-header-display":"","ast-hfb-below-header-display":"","ast-hfb-mobile-header-display":"","site-post-title":"","ast-breadcrumbs-content":"","ast-featured-img":"","footer-sml-layout":"","theme-transparent-header-meta":"default","adv-header-id-meta":"","stick-header-meta":"default","header-above-stick-meta":"","header-main-stick-meta":"","header-below-stick-meta":"","footnotes":"","_joinchat":[]},"_links":{"self":[{"href":"https:\/\/grimosa.com.mx\/en\/wp-json\/wp\/v2\/pages\/2113"}],"collection":[{"href":"https:\/\/grimosa.com.mx\/en\/wp-json\/wp\/v2\/pages"}],"about":[{"href":"https:\/\/grimosa.com.mx\/en\/wp-json\/wp\/v2\/types\/page"}],"author":[{"embeddable":true,"href":"https:\/\/grimosa.com.mx\/en\/wp-json\/wp\/v2\/users\/1"}],"replies":[{"embeddable":true,"href":"https:\/\/grimosa.com.mx\/en\/wp-json\/wp\/v2\/comments?post=2113"}],"version-history":[{"count":0,"href":"https:\/\/grimosa.com.mx\/en\/wp-json\/wp\/v2\/pages\/2113\/revisions"}],"wp:attachment":[{"href":"https:\/\/grimosa.com.mx\/en\/wp-json\/wp\/v2\/media?parent=2113"}],"curies":[{"name":"wp","href":"https:\/\/api.w.org\/{rel}","templated":true}]}}