{"id":2118,"date":"2019-11-14T13:19:34","date_gmt":"2019-11-14T12:19:34","guid":{"rendered":"http:\/\/grimosa.com.mx\/?page_id=2118"},"modified":"2021-06-16T15:13:33","modified_gmt":"2021-06-16T20:13:33","slug":"paileria-en-monterrey","status":"publish","type":"page","link":"https:\/\/grimosa.com.mx\/en\/paileria-en-monterrey\/","title":{"rendered":"Paileria Monterrey"},"content":{"rendered":"<div data-elementor-type=\"wp-page\" data-elementor-id=\"2118\" class=\"elementor elementor-2118\">\n\t\t\t\t\t\t<div class=\"elementor-inner\">\n\t\t\t\t<div class=\"elementor-section-wrap\">\n\t\t\t\t\t\t\t\t\t<section class=\"elementor-section elementor-top-section elementor-element elementor-element-17bbb8c elementor-section-boxed elementor-section-height-default elementor-section-height-default\" data-id=\"17bbb8c\" data-element_type=\"section\">\n\t\t\t\t\t\t<div class=\"elementor-container elementor-column-gap-default\">\n\t\t\t\t\t\t\t<div class=\"elementor-row\">\n\t\t\t\t\t<div class=\"elementor-column elementor-col-100 elementor-top-column elementor-element elementor-element-a4d56e7\" data-id=\"a4d56e7\" data-element_type=\"column\">\n\t\t\t<div class=\"elementor-column-wrap elementor-element-populated\">\n\t\t\t\t\t\t\t<div class=\"elementor-widget-wrap\">\n\t\t\t\t\t\t<div class=\"elementor-element elementor-element-308bd51 elementor-widget elementor-widget-spacer\" data-id=\"308bd51\" data-element_type=\"widget\" data-widget_type=\"spacer.default\">\n\t\t\t\t<div class=\"elementor-widget-container\">\n\t\t\t\t\t<div class=\"elementor-spacer\">\n\t\t\t<div class=\"elementor-spacer-inner\"><\/div>\n\t\t<\/div>\n\t\t\t\t<\/div>\n\t\t\t\t<\/div>\n\t\t\t\t<div class=\"elementor-element elementor-element-8245fe6 elementor-widget elementor-widget-heading\" data-id=\"8245fe6\" data-element_type=\"widget\" data-widget_type=\"heading.default\">\n\t\t\t\t<div class=\"elementor-widget-container\">\n\t\t\t<h2 class=\"elementor-heading-title elementor-size-xl\">Paileria en Monterrey<\/h2>\t\t<\/div>\n\t\t\t\t<\/div>\n\t\t\t\t<div class=\"elementor-element elementor-element-4286749 elementor-widget elementor-widget-spacer\" data-id=\"4286749\" data-element_type=\"widget\" data-widget_type=\"spacer.default\">\n\t\t\t\t<div class=\"elementor-widget-container\">\n\t\t\t\t\t<div class=\"elementor-spacer\">\n\t\t\t<div class=\"elementor-spacer-inner\"><\/div>\n\t\t<\/div>\n\t\t\t\t<\/div>\n\t\t\t\t<\/div>\n\t\t\t\t\t\t<\/div>\n\t\t\t\t\t<\/div>\n\t\t<\/div>\n\t\t\t\t\t\t\t\t<\/div>\n\t\t\t\t\t<\/div>\n\t\t<\/section>\n\t\t\t\t<section class=\"elementor-section elementor-top-section elementor-element elementor-element-2a9127ce elementor-section-boxed elementor-section-height-default elementor-section-height-default\" data-id=\"2a9127ce\" data-element_type=\"section\">\n\t\t\t\t\t\t<div class=\"elementor-container elementor-column-gap-default\">\n\t\t\t\t\t\t\t<div class=\"elementor-row\">\n\t\t\t\t\t<div class=\"elementor-column elementor-col-100 elementor-top-column elementor-element elementor-element-31f5d997\" data-id=\"31f5d997\" data-element_type=\"column\">\n\t\t\t<div class=\"elementor-column-wrap elementor-element-populated\">\n\t\t\t\t\t\t\t<div class=\"elementor-widget-wrap\">\n\t\t\t\t\t\t<div class=\"elementor-element elementor-element-36742df elementor-widget elementor-widget-text-editor\" data-id=\"36742df\" data-element_type=\"widget\" data-widget_type=\"text-editor.default\">\n\t\t\t\t<div class=\"elementor-widget-container\">\n\t\t\t\t\t\t\t\t<div class=\"elementor-text-editor elementor-clearfix\">\n\t\t\t\t<p style=\"text-align: justify;\">Se ha comprobado que el acero es un material excelente para la construcci\u00f3n, por ello debe ponerse atenci\u00f3n a su fabricaci\u00f3n en estructuras y en la soldadura del mismo, ya que su construcci\u00f3n, as\u00ed como otras aplicaciones dentro de la industria no son nada f\u00e1cil. Es por eso que si necesita <strong>paileria en Monterrey<\/strong> debe acercarse a una empresa que tenga experiencia en estos procedimientos, como Grimosa, una empresa dedicada al dise\u00f1o, fabricaci\u00f3n y montaje de todo tipo de estructura met\u00e1lica.<\/p>\n<p style=\"text-align: left;\">\u00bfCu\u00e1les son las ventajas de la paileria en Monterrey para la construcci\u00f3n?<\/p>\n<p style=\"text-align: justify;\">Primero aclaremos qu\u00e9 es la paileria, esta es una actividad que naci\u00f3 gracias a la industria met\u00e1lica, y no es m\u00e1s que la manipulaci\u00f3n de metales para la construcci\u00f3n de piezas de metal, de esta manera pueden fabricarse diversos equipos para la agricultura, pero tambi\u00e9n se producen tubos, placas y otros. Al d\u00eda de hoy, tambi\u00e9n pueden fabricarse estructuras met\u00e1licas para la construcci\u00f3n.<\/p>\n<p style=\"text-align: justify;\">Adem\u00e1s, en esta actividad tambi\u00e9n se realizan cortes y uniones en los diversos productos, y es posible tambi\u00e9n dise\u00f1arlos para que puedan adaptarse a proyectos espec\u00edficos y concretos.<\/p>\n<p style=\"text-align: justify;\">El metal es ya fuerte por naturaleza, sin embargo, si se realiza buenas pr\u00e1cticas al momento de soldar pueden potencializarse esta caracter\u00edstica. De hecho, algo que hace que este material sea realmente confiable cuando se trata de vigas, columnas y otras estructuras es el hecho de haber sido trabajadas con buenas pr\u00e1cticas de paileria.<\/p>\n<p style=\"text-align: justify;\">Y para que pueda tener confianza de un buen trabajo est\u00e1 Grimosa, que ofrece servicios de herrer\u00eda industrial entre los que puede encontrar barandales y puertas de acceso, escaleras met\u00e1licas, bases para equipo, estructuras comerciales y m\u00e1s. Dando la seguridad de su experiencia para realizar estructuras y bases confiables para su proyecto de construcci\u00f3n, ofreci\u00e9ndole un producto final del que podr\u00e1 beneficiarse por mucho tiempo debido a su calidad y fortaleza.<\/p>\n<p style=\"text-align: justify;\">Sin duda, los avances en las pr\u00e1cticas de <strong>paileria en Monterrey<\/strong> dentro de la construcci\u00f3n han permitido que pueda disponerse de dise\u00f1os confiables, sin importar que tan complejos sean, por supuesto, esto viene para completar el hecho que el mismo material est\u00e1 siendo fabricado cada vez con mejor calidad. Todo esto hace que la paileria se use constantemente ya que ofrece alta durabilidad, pero tambi\u00e9n resistencia y calidad.<\/p>\n<p style=\"text-align: justify;\">Es un hecho que la paileria es una forma segura de crear estructuras en donde se ha perdido la resistencia que se necesita, adem\u00e1s, al final este proceso termina siendo rentable, puesto que es una t\u00e9cnica en donde manejar y moldear el material con el que se trabaja no es complicado si sabe c\u00f3mo hacerse. Y en este sentido en Grimosa hemos podido perfeccionar los procesos de\u00a0 <strong>paileria en Monterrey<\/strong> a lo largo de los a\u00f1os que tiene en el mercado, y tambi\u00e9n en sus t\u00e9cnicas de fabricaci\u00f3n de productos para ofrecerle calidad.<\/p>\n<p style=\"text-align: justify;\">Al realizar paileria es posible que la construcci\u00f3n tenga un peso menor, sin duda contar con un buen servicio de paileria pinta la l\u00ednea de la diferencia, puesto que se est\u00e1 hablando de un proceso bien realizado, sin importar del tipo de trabajo que se necesite, sin importar el tipo de uni\u00f3n de materiales se requieran, si se trabaja bien los resultados son perfectos.<\/p>\n<p style=\"text-align: justify;\">La actividad de la persona encargada de realizar la paileria puede comprender actividades tales como dise\u00f1o de trazos, cortar, pero tambi\u00e9n formar tubos, placas, as\u00ed como soldar piezas y montar distintos elementos, y si es preciso realizar los subconjuntos que pudieran necesitar. Por otra parte, tambi\u00e9n deben encargarse de ver y checar la calidad de lo que se ha hecho, realizando un control de calidad para asegurar la confiabilidad del proceso.<\/p>\n<p style=\"text-align: justify;\">Adem\u00e1s, un pailero tambi\u00e9n puede realizar actividades como reparaciones de equipos est\u00e1ticos, sistemas de tuber\u00edas dentro de alg\u00fan proceso de producci\u00f3n, sin duda esta actividad que inici\u00f3 ya hace mucho utiliz\u00e1ndose para actividades en las que ya no son tan populares, se ha sabido adaptar a la nueva tecnolog\u00eda y al avance de la construcci\u00f3n y producci\u00f3n.<\/p>\n<p style=\"text-align: justify;\">Incluso esta t\u00e9cnica puede usarse para reforzar edificios, lo cual da como resultado una estructura m\u00e1s s\u00f3lida y fuerte. Por ello lo mejor es utilizar estos procesos desde el inicio de su proyecto, y as\u00ed realizar los diversos dise\u00f1os que podr\u00eda tener en mente, puesto que una de los m\u00e1ximos beneficios es la posibilidad de fabricar casi cualquier requerimiento que se tenga.<\/p>\n<p style=\"text-align: justify;\">En este sentido, se tendr\u00e1 que realizar una minuciosa selecci\u00f3n del proveedor para que el proyecto que se tenga sea exitoso, por supuesto hay diversos factores que considerar, de primera instancia el precio, pero tambi\u00e9n la experiencia, la reputaci\u00f3n que tenga, la calidad de su trabajo.<\/p>\n<p style=\"text-align: justify;\">Tambi\u00e9n la rapidez con la que act\u00faan y la garant\u00eda que pueden ofrecer, esto es sumamente importante ya que todo esto contribuir\u00e1 al \u00e9xito de la construcci\u00f3n. Y claro, que para eso est\u00e1 Grimosa, siempre enfocados en cumplir con las necesidades y requerimientos de su construcci\u00f3n, esto lo logramos asesor\u00e1ndole de manera profesional y amabilidad, de forma puntual y precisa garantizando buen servicio y calidad en todos nuestros procesos, tomando como bandera sus valores de profesionalismo, compromiso y calidad, todo dentro de nuestra experiencia en el \u00e1rea.<\/p>\n<p style=\"text-align: justify;\">En Grimosa contamos con trabajadores profesionales no solo para fabricar los productos, tambi\u00e9n para instalarlos, en donde la experiencia, as\u00ed como la coordinaci\u00f3n son vitales, todo con el equipo de seguridad para que todo el proceso se complete de la mejor forma. La calidad del trabajo es esencial para asegurar que la uni\u00f3n del material este de manera uniforme, s\u00f3lida y fuerte.<\/p>\n<p style=\"text-align: justify;\">Y para realizar este trabajo es necesario utilizar m\u00e1quinas tales como sopletes, taladrador, pero tambi\u00e9n es necesario dobladoras y otros, todos estos se requieren para transformar la materia prima al producto final.<\/p>\n<p style=\"text-align: justify;\">Venga a Grimosa, somos una empresa mexicana especializada en la instalaci\u00f3n y fabricaci\u00f3n de estructura de metal, tambi\u00e9n se enfoca en escaleras met\u00e1licas, escaleras marinas, barandales, entre otros productos.<\/p>\n<p style=\"text-align: justify;\">Al mismo tiempo tambi\u00e9n vende diversos materiales para sus construcciones como aislamiento t\u00e9rmico, sistemas de impermeabilizaci\u00f3n, paneles aislados, molduras y mucho m\u00e1s, y todo garantizando la mejor calidad en producto y servicio.<\/p>\n<p style=\"text-align: justify;\">Cont\u00e1ctenos a los tel\u00e9fonos <a href=\"about:blank\">(81) 8335-4552, (81) 1099-5027<\/a>, o mande un correo electr\u00f3nico a nuestro mail a\u00a0\u00a0<a href=\"mailto:ventas@grimosa.com.mx\">ventas@grimosa.com.mx<\/a>\u00a0, estamos para responder a todas sus dudas y requerimientos sobre <strong>paileria en Monterrey<\/strong>.<\/p>\t\t\t\t\t<\/div>\n\t\t\t\t\t\t<\/div>\n\t\t\t\t<\/div>\n\t\t\t\t\t\t<\/div>\n\t\t\t\t\t<\/div>\n\t\t<\/div>\n\t\t\t\t\t\t\t\t<\/div>\n\t\t\t\t\t<\/div>\n\t\t<\/section>\n\t\t\t\t\t\t\t\t\t<\/div>\n\t\t\t<\/div>\n\t\t\t\t\t<\/div>","protected":false},"excerpt":{"rendered":"<p>Paileria en Monterrey Se ha comprobado que el acero es un material excelente para la construcci\u00f3n, por ello debe ponerse atenci\u00f3n a su fabricaci\u00f3n en estructuras y en la soldadura del mismo, ya que su construcci\u00f3n, as\u00ed como otras aplicaciones dentro de la industria no son nada f\u00e1cil. Es por eso que si necesita paileria &hellip;<\/p>\n<p class=\"read-more\"> <a class=\"\" href=\"https:\/\/grimosa.com.mx\/en\/paileria-en-monterrey\/\"> <span class=\"screen-reader-text\">Paileria Monterrey<\/span> Read More \u00bb<\/a><\/p>","protected":false},"author":1,"featured_media":0,"parent":0,"menu_order":0,"comment_status":"closed","ping_status":"closed","template":"elementor_header_footer","meta":{"site-sidebar-layout":"default","site-content-layout":"default","ast-main-header-display":"","ast-hfb-above-header-display":"","ast-hfb-below-header-display":"","ast-hfb-mobile-header-display":"","site-post-title":"","ast-breadcrumbs-content":"","ast-featured-img":"","footer-sml-layout":"","theme-transparent-header-meta":"default","adv-header-id-meta":"","stick-header-meta":"default","header-above-stick-meta":"","header-main-stick-meta":"","header-below-stick-meta":"","footnotes":"","_joinchat":[]},"_links":{"self":[{"href":"https:\/\/grimosa.com.mx\/en\/wp-json\/wp\/v2\/pages\/2118"}],"collection":[{"href":"https:\/\/grimosa.com.mx\/en\/wp-json\/wp\/v2\/pages"}],"about":[{"href":"https:\/\/grimosa.com.mx\/en\/wp-json\/wp\/v2\/types\/page"}],"author":[{"embeddable":true,"href":"https:\/\/grimosa.com.mx\/en\/wp-json\/wp\/v2\/users\/1"}],"replies":[{"embeddable":true,"href":"https:\/\/grimosa.com.mx\/en\/wp-json\/wp\/v2\/comments?post=2118"}],"version-history":[{"count":0,"href":"https:\/\/grimosa.com.mx\/en\/wp-json\/wp\/v2\/pages\/2118\/revisions"}],"wp:attachment":[{"href":"https:\/\/grimosa.com.mx\/en\/wp-json\/wp\/v2\/media?parent=2118"}],"curies":[{"name":"wp","href":"https:\/\/api.w.org\/{rel}","templated":true}]}}