{"id":2352,"date":"2020-09-10T22:45:32","date_gmt":"2020-09-10T20:45:32","guid":{"rendered":"http:\/\/grimosa.com.mx\/?page_id=2352"},"modified":"2021-12-16T12:45:48","modified_gmt":"2021-12-16T18:45:48","slug":"auriga","status":"publish","type":"page","link":"https:\/\/grimosa.com.mx\/en\/proyectos\/auriga\/","title":{"rendered":"Auriga"},"content":{"rendered":"<div data-elementor-type=\"wp-post\" data-elementor-id=\"2352\" class=\"elementor elementor-2352\">\n\t\t\t\t\t\t<div class=\"elementor-inner\">\n\t\t\t\t<div class=\"elementor-section-wrap\">\n\t\t\t\t\t\t\t\t\t<section class=\"elementor-section elementor-top-section elementor-element elementor-element-39468ef elementor-section-boxed elementor-section-height-default elementor-section-height-default\" data-id=\"39468ef\" data-element_type=\"section\">\n\t\t\t\t\t\t<div class=\"elementor-container elementor-column-gap-default\">\n\t\t\t\t\t\t\t<div class=\"elementor-row\">\n\t\t\t\t\t<div class=\"elementor-column elementor-col-100 elementor-top-column elementor-element elementor-element-b5c1433\" data-id=\"b5c1433\" data-element_type=\"column\">\n\t\t\t<div class=\"elementor-column-wrap elementor-element-populated\">\n\t\t\t\t\t\t\t<div class=\"elementor-widget-wrap\">\n\t\t\t\t\t\t<div class=\"elementor-element elementor-element-0644cd1 elementor--h-position-center elementor--v-position-middle elementor-widget elementor-widget-slides\" data-id=\"0644cd1\" data-element_type=\"widget\" data-settings=\"{&quot;navigation&quot;:&quot;none&quot;,&quot;autoplay&quot;:&quot;yes&quot;,&quot;pause_on_hover&quot;:&quot;yes&quot;,&quot;pause_on_interaction&quot;:&quot;yes&quot;,&quot;autoplay_speed&quot;:5000,&quot;infinite&quot;:&quot;yes&quot;,&quot;transition&quot;:&quot;slide&quot;,&quot;transition_speed&quot;:500}\" data-widget_type=\"slides.default\">\n\t\t\t\t<div class=\"elementor-widget-container\">\n\t\t\t\t\t<div class=\"elementor-swiper\">\n\t\t\t<div class=\"elementor-slides-wrapper elementor-main-swiper swiper-container\" dir=\"ltr\" data-animation=\"fadeInUp\">\n\t\t\t\t<div class=\"swiper-wrapper elementor-slides\">\n\t\t\t\t\t<div class=\"elementor-repeater-item-7bbfc69 swiper-slide\"><div class=\"swiper-slide-bg elementor-ken-burns elementor-ken-burns--in\"><\/div><div class=\"elementor-background-overlay\"><\/div><div class=\"swiper-slide-inner\" ><div class=\"swiper-slide-contents\"><div class=\"elementor-slide-heading\">AURIGA<\/div><\/div><\/div><\/div><div class=\"elementor-repeater-item-d8628ed swiper-slide\"><div class=\"swiper-slide-bg elementor-ken-burns elementor-ken-burns--in\"><\/div><div class=\"elementor-background-overlay\"><\/div><div class=\"swiper-slide-inner\" ><div class=\"swiper-slide-contents\"><div class=\"elementor-slide-heading\">AURIGA<\/div><\/div><\/div><\/div><div class=\"elementor-repeater-item-ccc582d swiper-slide\"><div class=\"swiper-slide-bg elementor-ken-burns elementor-ken-burns--in\"><\/div><div class=\"elementor-background-overlay\"><\/div><div class=\"swiper-slide-inner\" ><div class=\"swiper-slide-contents\"><div class=\"elementor-slide-heading\">AURIGA<\/div><\/div><\/div><\/div>\t\t\t\t<\/div>\n\t\t\t\t\t\t\t\t\t\t\t\t\t\t\t\t\t\t\t\t\t<\/div>\n\t\t<\/div>\n\t\t\t\t<\/div>\n\t\t\t\t<\/div>\n\t\t\t\t\t\t<\/div>\n\t\t\t\t\t<\/div>\n\t\t<\/div>\n\t\t\t\t\t\t\t\t<\/div>\n\t\t\t\t\t<\/div>\n\t\t<\/section>\n\t\t\t\t<section class=\"elementor-section elementor-top-section elementor-element elementor-element-07f64f9 elementor-section-boxed elementor-section-height-default elementor-section-height-default\" data-id=\"07f64f9\" data-element_type=\"section\">\n\t\t\t\t\t\t<div class=\"elementor-container elementor-column-gap-default\">\n\t\t\t\t\t\t\t<div class=\"elementor-row\">\n\t\t\t\t\t<div class=\"elementor-column elementor-col-33 elementor-top-column elementor-element elementor-element-b6a218f\" data-id=\"b6a218f\" data-element_type=\"column\">\n\t\t\t<div class=\"elementor-column-wrap elementor-element-populated\">\n\t\t\t\t\t\t\t<div class=\"elementor-widget-wrap\">\n\t\t\t\t\t\t<div class=\"elementor-element elementor-element-85bf206 elementor-widget elementor-widget-counter\" data-id=\"85bf206\" data-element_type=\"widget\" data-widget_type=\"counter.default\">\n\t\t\t\t<div class=\"elementor-widget-container\">\n\t\t\t\t\t<div class=\"elementor-counter\">\n\t\t\t<div class=\"elementor-counter-number-wrapper\">\n\t\t\t\t<span class=\"elementor-counter-number-prefix\"><\/span>\n\t\t\t\t<span class=\"elementor-counter-number\" data-duration=\"2000\" data-to-value=\"600\" data-from-value=\"0\" data-delimiter=\",\">0<\/span>\n\t\t\t\t<span class=\"elementor-counter-number-suffix\"><\/span>\n\t\t\t<\/div>\n\t\t\t\t\t\t\t<div class=\"elementor-counter-title\">Dimensi\u00f3n (toneladas)<\/div>\n\t\t\t\t\t<\/div>\n\t\t\t\t<\/div>\n\t\t\t\t<\/div>\n\t\t\t\t<div class=\"elementor-element elementor-element-ce20b7f elementor-widget elementor-widget-text-editor\" data-id=\"ce20b7f\" data-element_type=\"widget\" data-widget_type=\"text-editor.default\">\n\t\t\t\t<div class=\"elementor-widget-container\">\n\t\t\t\t\t\t\t\t<div class=\"elementor-text-editor elementor-clearfix\">\n\t\t\t\t<p><strong>Alcance:\u00a0<\/strong>Estructura met\u00e1lica.<\/p>\t\t\t\t\t<\/div>\n\t\t\t\t\t\t<\/div>\n\t\t\t\t<\/div>\n\t\t\t\t\t\t<\/div>\n\t\t\t\t\t<\/div>\n\t\t<\/div>\n\t\t\t\t<div class=\"elementor-column elementor-col-33 elementor-top-column elementor-element elementor-element-5e8e462\" data-id=\"5e8e462\" data-element_type=\"column\">\n\t\t\t<div class=\"elementor-column-wrap elementor-element-populated\">\n\t\t\t\t\t\t\t<div class=\"elementor-widget-wrap\">\n\t\t\t\t\t\t<div class=\"elementor-element elementor-element-695c37f elementor-widget elementor-widget-spacer\" data-id=\"695c37f\" data-element_type=\"widget\" data-widget_type=\"spacer.default\">\n\t\t\t\t<div class=\"elementor-widget-container\">\n\t\t\t\t\t<div class=\"elementor-spacer\">\n\t\t\t<div class=\"elementor-spacer-inner\"><\/div>\n\t\t<\/div>\n\t\t\t\t<\/div>\n\t\t\t\t<\/div>\n\t\t\t\t<div class=\"elementor-element elementor-element-1a6d5c5 elementor-view-default elementor-widget elementor-widget-icon\" data-id=\"1a6d5c5\" data-element_type=\"widget\" data-widget_type=\"icon.default\">\n\t\t\t\t<div class=\"elementor-widget-container\">\n\t\t\t\t\t<div class=\"elementor-icon-wrapper\">\n\t\t\t<div class=\"elementor-icon\">\n\t\t\t<i aria-hidden=\"true\" class=\"fas fa-map-marked-alt\"><\/i>\t\t\t<\/div>\n\t\t<\/div>\n\t\t\t\t<\/div>\n\t\t\t\t<\/div>\n\t\t\t\t<div class=\"elementor-element elementor-element-71b98c0 elementor-widget elementor-widget-text-editor\" data-id=\"71b98c0\" data-element_type=\"widget\" data-widget_type=\"text-editor.default\">\n\t\t\t\t<div class=\"elementor-widget-container\">\n\t\t\t\t\t\t\t\t<div class=\"elementor-text-editor elementor-clearfix\">\n\t\t\t\t<p style=\"text-align: left;\"><strong>Ubicaci\u00f3n: <\/strong>San Pedro Garza Garc\u00eda, Nuevo Le\u00f3n. <strong>Fecha: <\/strong>2019-2021<\/p>\t\t\t\t\t<\/div>\n\t\t\t\t\t\t<\/div>\n\t\t\t\t<\/div>\n\t\t\t\t\t\t<\/div>\n\t\t\t\t\t<\/div>\n\t\t<\/div>\n\t\t\t\t<div class=\"elementor-column elementor-col-33 elementor-top-column elementor-element elementor-element-50e1967\" data-id=\"50e1967\" data-element_type=\"column\">\n\t\t\t<div class=\"elementor-column-wrap elementor-element-populated\">\n\t\t\t\t\t\t\t<div class=\"elementor-widget-wrap\">\n\t\t\t\t\t\t<div class=\"elementor-element elementor-element-bd86673 elementor-widget elementor-widget-spacer\" data-id=\"bd86673\" data-element_type=\"widget\" data-widget_type=\"spacer.default\">\n\t\t\t\t<div class=\"elementor-widget-container\">\n\t\t\t\t\t<div class=\"elementor-spacer\">\n\t\t\t<div class=\"elementor-spacer-inner\"><\/div>\n\t\t<\/div>\n\t\t\t\t<\/div>\n\t\t\t\t<\/div>\n\t\t\t\t<div class=\"elementor-element elementor-element-0fbe61c elementor-view-default elementor-widget elementor-widget-icon\" data-id=\"0fbe61c\" data-element_type=\"widget\" data-widget_type=\"icon.default\">\n\t\t\t\t<div class=\"elementor-widget-container\">\n\t\t\t\t\t<div class=\"elementor-icon-wrapper\">\n\t\t\t<div class=\"elementor-icon\">\n\t\t\t<i aria-hidden=\"true\" class=\"fas fa-users\"><\/i>\t\t\t<\/div>\n\t\t<\/div>\n\t\t\t\t<\/div>\n\t\t\t\t<\/div>\n\t\t\t\t<div class=\"elementor-element elementor-element-d475a0c elementor-widget elementor-widget-text-editor\" data-id=\"d475a0c\" data-element_type=\"widget\" data-widget_type=\"text-editor.default\">\n\t\t\t\t<div class=\"elementor-widget-container\">\n\t\t\t\t\t\t\t\t<div class=\"elementor-text-editor elementor-clearfix\">\n\t\t\t\t<p><strong>Cliente:<\/strong> IDEI\/BOVIS.<\/p>\t\t\t\t\t<\/div>\n\t\t\t\t\t\t<\/div>\n\t\t\t\t<\/div>\n\t\t\t\t\t\t<\/div>\n\t\t\t\t\t<\/div>\n\t\t<\/div>\n\t\t\t\t\t\t\t\t<\/div>\n\t\t\t\t\t<\/div>\n\t\t<\/section>\n\t\t\t\t<section class=\"elementor-section elementor-top-section elementor-element elementor-element-3ae2c3c elementor-section-boxed elementor-section-height-default elementor-section-height-default\" data-id=\"3ae2c3c\" data-element_type=\"section\">\n\t\t\t\t\t\t<div class=\"elementor-container elementor-column-gap-default\">\n\t\t\t\t\t\t\t<div class=\"elementor-row\">\n\t\t\t\t\t<div class=\"elementor-column elementor-col-100 elementor-top-column elementor-element elementor-element-bae21bc\" data-id=\"bae21bc\" data-element_type=\"column\">\n\t\t\t<div class=\"elementor-column-wrap elementor-element-populated\">\n\t\t\t\t\t\t\t<div class=\"elementor-widget-wrap\">\n\t\t\t\t\t\t<div class=\"elementor-element elementor-element-f74d4fb elementor-widget elementor-widget-text-editor\" data-id=\"f74d4fb\" data-element_type=\"widget\" data-widget_type=\"text-editor.default\">\n\t\t\t\t<div class=\"elementor-widget-container\">\n\t\t\t\t\t\t\t\t<div class=\"elementor-text-editor elementor-clearfix\">\n\t\t\t\t<p>Auriga fue un proyecto donde se particip\u00f3 en la fabricaci\u00f3n y montaje de la estructura principal en cubierta, se trabaj\u00f3 en varias herrer\u00edas y refuerzos estructurales con armaduras fabricadas con vigas IPR.<\/p>\t\t\t\t\t<\/div>\n\t\t\t\t\t\t<\/div>\n\t\t\t\t<\/div>\n\t\t\t\t<div class=\"elementor-element elementor-element-1a3f433 elementor-widget-divider--separator-type-pattern elementor-widget-divider--view-line elementor-widget elementor-widget-divider\" data-id=\"1a3f433\" data-element_type=\"widget\" data-widget_type=\"divider.default\">\n\t\t\t\t<div class=\"elementor-widget-container\">\n\t\t\t\t\t<div class=\"elementor-divider\" style=\"--divider-pattern-url: url(&quot;data:image\/svg+xml,%3Csvg xmlns=&#039;http:\/\/www.w3.org\/2000\/svg&#039; preserveAspectRatio=&#039;none&#039; overflow=&#039;visible&#039; height=&#039;100%&#039; viewBox=&#039;0 0 24 24&#039; fill=&#039;none&#039; stroke=&#039;black&#039; stroke-width=&#039;2&#039; stroke-linecap=&#039;square&#039; stroke-miterlimit=&#039;10&#039;%3E%3Cpolyline points=&#039;0,18 12,6 24,18 &#039;\/%3E%3C\/svg%3E&quot;);\">\n\t\t\t<span class=\"elementor-divider-separator\">\n\t\t\t\t\t\t<\/span>\n\t\t<\/div>\n\t\t\t\t<\/div>\n\t\t\t\t<\/div>\n\t\t\t\t<div class=\"elementor-element elementor-element-3e9e253 elementor-widget elementor-widget-heading\" data-id=\"3e9e253\" data-element_type=\"widget\" data-widget_type=\"heading.default\">\n\t\t\t\t<div class=\"elementor-widget-container\">\n\t\t\t<h2 class=\"elementor-heading-title elementor-size-xl\">Galer\u00eda del proyecto<\/h2>\t\t<\/div>\n\t\t\t\t<\/div>\n\t\t\t\t<div class=\"elementor-element elementor-element-feb4d3b elementor-widget elementor-widget-gallery\" data-id=\"feb4d3b\" data-element_type=\"widget\" data-settings=\"{&quot;lazyload&quot;:&quot;yes&quot;,&quot;gallery_layout&quot;:&quot;grid&quot;,&quot;columns&quot;:4,&quot;columns_tablet&quot;:2,&quot;columns_mobile&quot;:1,&quot;gap&quot;:{&quot;unit&quot;:&quot;px&quot;,&quot;size&quot;:10,&quot;sizes&quot;:[]},&quot;gap_tablet&quot;:{&quot;unit&quot;:&quot;px&quot;,&quot;size&quot;:10,&quot;sizes&quot;:[]},&quot;gap_mobile&quot;:{&quot;unit&quot;:&quot;px&quot;,&quot;size&quot;:10,&quot;sizes&quot;:[]},&quot;link_to&quot;:&quot;file&quot;,&quot;aspect_ratio&quot;:&quot;3:2&quot;,&quot;overlay_background&quot;:&quot;yes&quot;,&quot;content_hover_animation&quot;:&quot;fade-in&quot;}\" data-widget_type=\"gallery.default\">\n\t\t\t\t<div class=\"elementor-widget-container\">\n\t\t\t\t\t<div class=\"elementor-gallery__container\">\n\t\t\t\t\t\t\t<a class=\"e-gallery-item elementor-gallery-item elementor-animated-content\" href=\"https:\/\/grimosa.com.mx\/wp-content\/uploads\/2021\/12\/GRIMOSA-ESTRUCTURA-METALICA-MONTERREY.jpg\" data-elementor-open-lightbox=\"yes\" data-elementor-lightbox-slideshow=\"all-feb4d3b\" data-elementor-lightbox-title=\"GRIMOSA-ESTRUCTURA-METALICA-MONTERREY\" e-action-hash=\"#elementor-action%3Aaction%3Dlightbox%26settings%3DeyJpZCI6NjAwOSwidXJsIjoiaHR0cHM6XC9cL2dyaW1vc2EuY29tLm14XC93cC1jb250ZW50XC91cGxvYWRzXC8yMDIxXC8xMlwvR1JJTU9TQS1FU1RSVUNUVVJBLU1FVEFMSUNBLU1PTlRFUlJFWS5qcGciLCJzbGlkZXNob3ciOiJhbGwtZmViNGQzYiJ9\">\n\t\t\t\t\t<div class=\"e-gallery-image elementor-gallery-item__image\" data-thumbnail=\"https:\/\/grimosa.com.mx\/wp-content\/uploads\/2021\/12\/GRIMOSA-ESTRUCTURA-METALICA-MONTERREY-300x155.jpg\" data-width=\"300\" data-height=\"155\" alt=\"\" ><\/div>\n\t\t\t\t\t\t\t\t\t\t<div class=\"elementor-gallery-item__overlay\"><\/div>\n\t\t\t\t\t\t\t\t\t\t\t\t\t\t<\/a>\n\t\t\t\t\t\t\t<a class=\"e-gallery-item elementor-gallery-item elementor-animated-content\" href=\"https:\/\/grimosa.com.mx\/wp-content\/uploads\/2021\/06\/auriga-4.jpg\" data-elementor-open-lightbox=\"yes\" data-elementor-lightbox-slideshow=\"all-feb4d3b\" data-elementor-lightbox-title=\"auriga-4\" e-action-hash=\"#elementor-action%3Aaction%3Dlightbox%26settings%3DeyJpZCI6NTUzMSwidXJsIjoiaHR0cHM6XC9cL2dyaW1vc2EuY29tLm14XC93cC1jb250ZW50XC91cGxvYWRzXC8yMDIxXC8wNlwvYXVyaWdhLTQuanBnIiwic2xpZGVzaG93IjoiYWxsLWZlYjRkM2IifQ%3D%3D\">\n\t\t\t\t\t<div class=\"e-gallery-image elementor-gallery-item__image\" data-thumbnail=\"https:\/\/grimosa.com.mx\/wp-content\/uploads\/2021\/06\/auriga-4-300x225.jpg\" data-width=\"300\" data-height=\"225\" alt=\"\" ><\/div>\n\t\t\t\t\t\t\t\t\t\t<div class=\"elementor-gallery-item__overlay\"><\/div>\n\t\t\t\t\t\t\t\t\t\t\t\t\t\t<\/a>\n\t\t\t\t\t\t\t<a class=\"e-gallery-item elementor-gallery-item elementor-animated-content\" href=\"https:\/\/grimosa.com.mx\/wp-content\/uploads\/2021\/12\/SOLDADURA-MONTERREY.jpg\" data-elementor-open-lightbox=\"yes\" data-elementor-lightbox-slideshow=\"all-feb4d3b\" data-elementor-lightbox-title=\"SOLDADURA-MONTERREY\" e-action-hash=\"#elementor-action%3Aaction%3Dlightbox%26settings%3DeyJpZCI6NjAxMSwidXJsIjoiaHR0cHM6XC9cL2dyaW1vc2EuY29tLm14XC93cC1jb250ZW50XC91cGxvYWRzXC8yMDIxXC8xMlwvU09MREFEVVJBLU1PTlRFUlJFWS5qcGciLCJzbGlkZXNob3ciOiJhbGwtZmViNGQzYiJ9\">\n\t\t\t\t\t<div class=\"e-gallery-image elementor-gallery-item__image\" data-thumbnail=\"https:\/\/grimosa.com.mx\/wp-content\/uploads\/2021\/12\/SOLDADURA-MONTERREY-225x300.jpg\" data-width=\"225\" data-height=\"300\" alt=\"\" ><\/div>\n\t\t\t\t\t\t\t\t\t\t<div class=\"elementor-gallery-item__overlay\"><\/div>\n\t\t\t\t\t\t\t\t\t\t\t\t\t\t<\/a>\n\t\t\t\t\t\t\t<a class=\"e-gallery-item elementor-gallery-item elementor-animated-content\" href=\"https:\/\/grimosa.com.mx\/wp-content\/uploads\/2021\/06\/auriga-3.jpg\" data-elementor-open-lightbox=\"yes\" data-elementor-lightbox-slideshow=\"all-feb4d3b\" data-elementor-lightbox-title=\"auriga-3\" e-action-hash=\"#elementor-action%3Aaction%3Dlightbox%26settings%3DeyJpZCI6NTUzMCwidXJsIjoiaHR0cHM6XC9cL2dyaW1vc2EuY29tLm14XC93cC1jb250ZW50XC91cGxvYWRzXC8yMDIxXC8wNlwvYXVyaWdhLTMuanBnIiwic2xpZGVzaG93IjoiYWxsLWZlYjRkM2IifQ%3D%3D\">\n\t\t\t\t\t<div class=\"e-gallery-image elementor-gallery-item__image\" data-thumbnail=\"https:\/\/grimosa.com.mx\/wp-content\/uploads\/2021\/06\/auriga-3-300x169.jpg\" data-width=\"300\" data-height=\"169\" alt=\"\" ><\/div>\n\t\t\t\t\t\t\t\t\t\t<div class=\"elementor-gallery-item__overlay\"><\/div>\n\t\t\t\t\t\t\t\t\t\t\t\t\t\t<\/a>\n\t\t\t\t\t\t\t<a class=\"e-gallery-item elementor-gallery-item elementor-animated-content\" href=\"https:\/\/grimosa.com.mx\/wp-content\/uploads\/2021\/06\/auriga-2-scaled.jpg\" data-elementor-open-lightbox=\"yes\" data-elementor-lightbox-slideshow=\"all-feb4d3b\" data-elementor-lightbox-title=\"auriga-2\" e-action-hash=\"#elementor-action%3Aaction%3Dlightbox%26settings%3DeyJpZCI6NTUyOSwidXJsIjoiaHR0cHM6XC9cL2dyaW1vc2EuY29tLm14XC93cC1jb250ZW50XC91cGxvYWRzXC8yMDIxXC8wNlwvYXVyaWdhLTItc2NhbGVkLmpwZyIsInNsaWRlc2hvdyI6ImFsbC1mZWI0ZDNiIn0%3D\">\n\t\t\t\t\t<div class=\"e-gallery-image elementor-gallery-item__image\" data-thumbnail=\"https:\/\/grimosa.com.mx\/wp-content\/uploads\/2021\/06\/auriga-2-300x225.jpg\" data-width=\"300\" data-height=\"225\" alt=\"\" ><\/div>\n\t\t\t\t\t\t\t\t\t\t<div class=\"elementor-gallery-item__overlay\"><\/div>\n\t\t\t\t\t\t\t\t\t\t\t\t\t\t<\/a>\n\t\t\t\t\t\t\t<a class=\"e-gallery-item elementor-gallery-item elementor-animated-content\" href=\"https:\/\/grimosa.com.mx\/wp-content\/uploads\/2021\/06\/auriga-1.jpg\" data-elementor-open-lightbox=\"yes\" data-elementor-lightbox-slideshow=\"all-feb4d3b\" data-elementor-lightbox-title=\"auriga-1\" e-action-hash=\"#elementor-action%3Aaction%3Dlightbox%26settings%3DeyJpZCI6NTUyOCwidXJsIjoiaHR0cHM6XC9cL2dyaW1vc2EuY29tLm14XC93cC1jb250ZW50XC91cGxvYWRzXC8yMDIxXC8wNlwvYXVyaWdhLTEuanBnIiwic2xpZGVzaG93IjoiYWxsLWZlYjRkM2IifQ%3D%3D\">\n\t\t\t\t\t<div class=\"e-gallery-image elementor-gallery-item__image\" data-thumbnail=\"https:\/\/grimosa.com.mx\/wp-content\/uploads\/2021\/06\/auriga-1-300x300.jpg\" data-width=\"300\" data-height=\"300\" alt=\"\" ><\/div>\n\t\t\t\t\t\t\t\t\t\t<div class=\"elementor-gallery-item__overlay\"><\/div>\n\t\t\t\t\t\t\t\t\t\t\t\t\t\t<\/a>\n\t\t\t\t\t\t\t<a class=\"e-gallery-item elementor-gallery-item elementor-animated-content\" href=\"https:\/\/grimosa.com.mx\/wp-content\/uploads\/2021\/06\/auriga-5.jpg\" data-elementor-open-lightbox=\"yes\" data-elementor-lightbox-slideshow=\"all-feb4d3b\" data-elementor-lightbox-title=\"auriga-5\" e-action-hash=\"#elementor-action%3Aaction%3Dlightbox%26settings%3DeyJpZCI6NTUzMiwidXJsIjoiaHR0cHM6XC9cL2dyaW1vc2EuY29tLm14XC93cC1jb250ZW50XC91cGxvYWRzXC8yMDIxXC8wNlwvYXVyaWdhLTUuanBnIiwic2xpZGVzaG93IjoiYWxsLWZlYjRkM2IifQ%3D%3D\">\n\t\t\t\t\t<div class=\"e-gallery-image elementor-gallery-item__image\" data-thumbnail=\"https:\/\/grimosa.com.mx\/wp-content\/uploads\/2021\/06\/auriga-5-300x225.jpg\" data-width=\"300\" data-height=\"225\" alt=\"\" ><\/div>\n\t\t\t\t\t\t\t\t\t\t<div class=\"elementor-gallery-item__overlay\"><\/div>\n\t\t\t\t\t\t\t\t\t\t\t\t\t\t<\/a>\n\t\t\t\t\t\t\t<a class=\"e-gallery-item elementor-gallery-item elementor-animated-content\" href=\"https:\/\/grimosa.com.mx\/wp-content\/uploads\/2021\/06\/auriga-6.jpg\" data-elementor-open-lightbox=\"yes\" data-elementor-lightbox-slideshow=\"all-feb4d3b\" data-elementor-lightbox-title=\"auriga-6\" e-action-hash=\"#elementor-action%3Aaction%3Dlightbox%26settings%3DeyJpZCI6NTUzMywidXJsIjoiaHR0cHM6XC9cL2dyaW1vc2EuY29tLm14XC93cC1jb250ZW50XC91cGxvYWRzXC8yMDIxXC8wNlwvYXVyaWdhLTYuanBnIiwic2xpZGVzaG93IjoiYWxsLWZlYjRkM2IifQ%3D%3D\">\n\t\t\t\t\t<div class=\"e-gallery-image elementor-gallery-item__image\" data-thumbnail=\"https:\/\/grimosa.com.mx\/wp-content\/uploads\/2021\/06\/auriga-6-300x225.jpg\" data-width=\"300\" data-height=\"225\" alt=\"\" ><\/div>\n\t\t\t\t\t\t\t\t\t\t<div class=\"elementor-gallery-item__overlay\"><\/div>\n\t\t\t\t\t\t\t\t\t\t\t\t\t\t<\/a>\n\t\t\t\t\t\t\t<a class=\"e-gallery-item elementor-gallery-item elementor-animated-content\" href=\"https:\/\/grimosa.com.mx\/wp-content\/uploads\/2021\/12\/Platica-seguridad-industrial-1.jpg\" data-elementor-open-lightbox=\"yes\" data-elementor-lightbox-slideshow=\"all-feb4d3b\" data-elementor-lightbox-title=\"Platica-seguridad-industrial\" e-action-hash=\"#elementor-action%3Aaction%3Dlightbox%26settings%3DeyJpZCI6NjAxMiwidXJsIjoiaHR0cHM6XC9cL2dyaW1vc2EuY29tLm14XC93cC1jb250ZW50XC91cGxvYWRzXC8yMDIxXC8xMlwvUGxhdGljYS1zZWd1cmlkYWQtaW5kdXN0cmlhbC0xLmpwZyIsInNsaWRlc2hvdyI6ImFsbC1mZWI0ZDNiIn0%3D\">\n\t\t\t\t\t<div class=\"e-gallery-image elementor-gallery-item__image\" data-thumbnail=\"https:\/\/grimosa.com.mx\/wp-content\/uploads\/2021\/12\/Platica-seguridad-industrial-1-300x146.jpg\" data-width=\"300\" data-height=\"146\" alt=\"\" ><\/div>\n\t\t\t\t\t\t\t\t\t\t<div class=\"elementor-gallery-item__overlay\"><\/div>\n\t\t\t\t\t\t\t\t\t\t\t\t\t\t<\/a>\n\t\t\t\t\t\t\t<a class=\"e-gallery-item elementor-gallery-item elementor-animated-content\" href=\"https:\/\/grimosa.com.mx\/wp-content\/uploads\/2021\/12\/WhatsApp-Image-2020-10-02-at-4.06.15-PM.jpg\" data-elementor-open-lightbox=\"yes\" data-elementor-lightbox-slideshow=\"all-feb4d3b\" data-elementor-lightbox-title=\"WhatsApp Image 2020-10-02 at 4.06.15 PM\" e-action-hash=\"#elementor-action%3Aaction%3Dlightbox%26settings%3DeyJpZCI6NjAwOCwidXJsIjoiaHR0cHM6XC9cL2dyaW1vc2EuY29tLm14XC93cC1jb250ZW50XC91cGxvYWRzXC8yMDIxXC8xMlwvV2hhdHNBcHAtSW1hZ2UtMjAyMC0xMC0wMi1hdC00LjA2LjE1LVBNLmpwZyIsInNsaWRlc2hvdyI6ImFsbC1mZWI0ZDNiIn0%3D\">\n\t\t\t\t\t<div class=\"e-gallery-image elementor-gallery-item__image\" data-thumbnail=\"https:\/\/grimosa.com.mx\/wp-content\/uploads\/2021\/12\/WhatsApp-Image-2020-10-02-at-4.06.15-PM-300x225.jpg\" data-width=\"300\" data-height=\"225\" alt=\"\" ><\/div>\n\t\t\t\t\t\t\t\t\t\t<div class=\"elementor-gallery-item__overlay\"><\/div>\n\t\t\t\t\t\t\t\t\t\t\t\t\t\t<\/a>\n\t\t\t\t\t<\/div>\n\t\t\t<\/div>\n\t\t\t\t<\/div>\n\t\t\t\t<div class=\"elementor-element elementor-element-c416ae0 elementor-widget elementor-widget-spacer\" data-id=\"c416ae0\" data-element_type=\"widget\" data-widget_type=\"spacer.default\">\n\t\t\t\t<div class=\"elementor-widget-container\">\n\t\t\t\t\t<div class=\"elementor-spacer\">\n\t\t\t<div class=\"elementor-spacer-inner\"><\/div>\n\t\t<\/div>\n\t\t\t\t<\/div>\n\t\t\t\t<\/div>\n\t\t\t\t\t\t<\/div>\n\t\t\t\t\t<\/div>\n\t\t<\/div>\n\t\t\t\t\t\t\t\t<\/div>\n\t\t\t\t\t<\/div>\n\t\t<\/section>\n\t\t\t\t\t\t\t\t\t<\/div>\n\t\t\t<\/div>\n\t\t\t\t\t<\/div>","protected":false},"excerpt":{"rendered":"<p>AURIGAAURIGAAURIGA 0 Dimensi\u00f3n (toneladas) Alcance:\u00a0Estructura met\u00e1lica. Ubicaci\u00f3n: San Pedro Garza Garc\u00eda, Nuevo Le\u00f3n. Fecha: 2019-2021 Cliente: IDEI\/BOVIS. Auriga fue un proyecto donde se particip\u00f3 en la fabricaci\u00f3n y montaje de la estructura principal en cubierta, se trabaj\u00f3 en varias herrer\u00edas y refuerzos estructurales con armaduras fabricadas con vigas IPR. Galer\u00eda del proyecto<\/p>","protected":false},"author":1,"featured_media":0,"parent":88,"menu_order":0,"comment_status":"closed","ping_status":"closed","template":"elementor_header_footer","meta":{"site-sidebar-layout":"default","site-content-layout":"default","ast-main-header-display":"","ast-hfb-above-header-display":"","ast-hfb-below-header-display":"","ast-hfb-mobile-header-display":"","site-post-title":"","ast-breadcrumbs-content":"","ast-featured-img":"","footer-sml-layout":"","theme-transparent-header-meta":"","adv-header-id-meta":"","stick-header-meta":"","header-above-stick-meta":"","header-main-stick-meta":"","header-below-stick-meta":"","footnotes":"","_joinchat":[]},"_links":{"self":[{"href":"https:\/\/grimosa.com.mx\/en\/wp-json\/wp\/v2\/pages\/2352"}],"collection":[{"href":"https:\/\/grimosa.com.mx\/en\/wp-json\/wp\/v2\/pages"}],"about":[{"href":"https:\/\/grimosa.com.mx\/en\/wp-json\/wp\/v2\/types\/page"}],"author":[{"embeddable":true,"href":"https:\/\/grimosa.com.mx\/en\/wp-json\/wp\/v2\/users\/1"}],"replies":[{"embeddable":true,"href":"https:\/\/grimosa.com.mx\/en\/wp-json\/wp\/v2\/comments?post=2352"}],"version-history":[{"count":0,"href":"https:\/\/grimosa.com.mx\/en\/wp-json\/wp\/v2\/pages\/2352\/revisions"}],"up":[{"embeddable":true,"href":"https:\/\/grimosa.com.mx\/en\/wp-json\/wp\/v2\/pages\/88"}],"wp:attachment":[{"href":"https:\/\/grimosa.com.mx\/en\/wp-json\/wp\/v2\/media?parent=2352"}],"curies":[{"name":"wp","href":"https:\/\/api.w.org\/{rel}","templated":true}]}}