{"id":567,"date":"2019-12-10T16:48:23","date_gmt":"2019-12-10T15:48:23","guid":{"rendered":"http:\/\/grimosa.com.mx\/?page_id=567"},"modified":"2021-12-17T12:11:11","modified_gmt":"2021-12-17T18:11:11","slug":"plaza-arboleda","status":"publish","type":"page","link":"https:\/\/grimosa.com.mx\/en\/proyectos\/plaza-arboleda\/","title":{"rendered":"Arboleda"},"content":{"rendered":"<div data-elementor-type=\"wp-post\" data-elementor-id=\"567\" class=\"elementor elementor-567\">\n\t\t\t\t\t\t<div class=\"elementor-inner\">\n\t\t\t\t<div class=\"elementor-section-wrap\">\n\t\t\t\t\t\t\t\t\t<section class=\"elementor-section elementor-top-section elementor-element elementor-element-3fc1b48 elementor-section-boxed elementor-section-height-default elementor-section-height-default\" data-id=\"3fc1b48\" data-element_type=\"section\">\n\t\t\t\t\t\t<div class=\"elementor-container elementor-column-gap-default\">\n\t\t\t\t\t\t\t<div class=\"elementor-row\">\n\t\t\t\t\t<div class=\"elementor-column elementor-col-100 elementor-top-column elementor-element elementor-element-b1ab96e\" data-id=\"b1ab96e\" data-element_type=\"column\">\n\t\t\t<div class=\"elementor-column-wrap elementor-element-populated\">\n\t\t\t\t\t\t\t<div class=\"elementor-widget-wrap\">\n\t\t\t\t\t\t<div class=\"elementor-element elementor-element-8c57280 elementor--h-position-center elementor--v-position-middle elementor-widget elementor-widget-slides\" data-id=\"8c57280\" data-element_type=\"widget\" data-settings=\"{&quot;navigation&quot;:&quot;none&quot;,&quot;autoplay&quot;:&quot;yes&quot;,&quot;pause_on_hover&quot;:&quot;yes&quot;,&quot;pause_on_interaction&quot;:&quot;yes&quot;,&quot;autoplay_speed&quot;:5000,&quot;infinite&quot;:&quot;yes&quot;,&quot;transition&quot;:&quot;slide&quot;,&quot;transition_speed&quot;:500}\" data-widget_type=\"slides.default\">\n\t\t\t\t<div class=\"elementor-widget-container\">\n\t\t\t\t\t<div class=\"elementor-swiper\">\n\t\t\t<div class=\"elementor-slides-wrapper elementor-main-swiper swiper-container\" dir=\"ltr\" data-animation=\"fadeInUp\">\n\t\t\t\t<div class=\"swiper-wrapper elementor-slides\">\n\t\t\t\t\t<div class=\"elementor-repeater-item-7bbfc69 swiper-slide\"><div class=\"swiper-slide-bg elementor-ken-burns elementor-ken-burns--in\"><\/div><div class=\"elementor-background-overlay\"><\/div><div class=\"swiper-slide-inner\" ><div class=\"swiper-slide-contents\"><div class=\"elementor-slide-heading\">PLAZA ARBOLEDA<\/div><\/div><\/div><\/div><div class=\"elementor-repeater-item-344ed3f swiper-slide\"><div class=\"swiper-slide-bg\"><\/div><div class=\"swiper-slide-inner\" ><div class=\"swiper-slide-contents\"><div class=\"elementor-slide-heading\">PLAZA ARBOLEDA<\/div><\/div><\/div><\/div>\t\t\t\t<\/div>\n\t\t\t\t\t\t\t\t\t\t\t\t\t\t\t\t\t\t\t\t\t<\/div>\n\t\t<\/div>\n\t\t\t\t<\/div>\n\t\t\t\t<\/div>\n\t\t\t\t\t\t<\/div>\n\t\t\t\t\t<\/div>\n\t\t<\/div>\n\t\t\t\t\t\t\t\t<\/div>\n\t\t\t\t\t<\/div>\n\t\t<\/section>\n\t\t\t\t<section class=\"elementor-section elementor-top-section elementor-element elementor-element-dc11ab4 elementor-section-boxed elementor-section-height-default elementor-section-height-default\" data-id=\"dc11ab4\" data-element_type=\"section\">\n\t\t\t\t\t\t<div class=\"elementor-container elementor-column-gap-default\">\n\t\t\t\t\t\t\t<div class=\"elementor-row\">\n\t\t\t\t\t<div class=\"elementor-column elementor-col-33 elementor-top-column elementor-element elementor-element-dc96d1e\" data-id=\"dc96d1e\" data-element_type=\"column\">\n\t\t\t<div class=\"elementor-column-wrap elementor-element-populated\">\n\t\t\t\t\t\t\t<div class=\"elementor-widget-wrap\">\n\t\t\t\t\t\t<div class=\"elementor-element elementor-element-3516046 elementor-widget elementor-widget-counter\" data-id=\"3516046\" data-element_type=\"widget\" data-widget_type=\"counter.default\">\n\t\t\t\t<div class=\"elementor-widget-container\">\n\t\t\t\t\t<div class=\"elementor-counter\">\n\t\t\t<div class=\"elementor-counter-number-wrapper\">\n\t\t\t\t<span class=\"elementor-counter-number-prefix\"><\/span>\n\t\t\t\t<span class=\"elementor-counter-number\" data-duration=\"2000\" data-to-value=\"450\" data-from-value=\"0\" data-delimiter=\",\">0<\/span>\n\t\t\t\t<span class=\"elementor-counter-number-suffix\"><\/span>\n\t\t\t<\/div>\n\t\t\t\t\t\t\t<div class=\"elementor-counter-title\">Dimensi\u00f3n (toneladas)<\/div>\n\t\t\t\t\t<\/div>\n\t\t\t\t<\/div>\n\t\t\t\t<\/div>\n\t\t\t\t<div class=\"elementor-element elementor-element-364281b elementor-widget elementor-widget-text-editor\" data-id=\"364281b\" data-element_type=\"widget\" data-widget_type=\"text-editor.default\">\n\t\t\t\t<div class=\"elementor-widget-container\">\n\t\t\t\t\t\t\t\t<div class=\"elementor-text-editor elementor-clearfix\">\n\t\t\t\t<p><strong>Alcance: <\/strong>Herrer\u00edas y estructuras en comercio y residencial.<\/p>\t\t\t\t\t<\/div>\n\t\t\t\t\t\t<\/div>\n\t\t\t\t<\/div>\n\t\t\t\t\t\t<\/div>\n\t\t\t\t\t<\/div>\n\t\t<\/div>\n\t\t\t\t<div class=\"elementor-column elementor-col-33 elementor-top-column elementor-element elementor-element-682156d\" data-id=\"682156d\" data-element_type=\"column\">\n\t\t\t<div class=\"elementor-column-wrap elementor-element-populated\">\n\t\t\t\t\t\t\t<div class=\"elementor-widget-wrap\">\n\t\t\t\t\t\t<div class=\"elementor-element elementor-element-6b52b06 elementor-widget elementor-widget-spacer\" data-id=\"6b52b06\" data-element_type=\"widget\" data-widget_type=\"spacer.default\">\n\t\t\t\t<div class=\"elementor-widget-container\">\n\t\t\t\t\t<div class=\"elementor-spacer\">\n\t\t\t<div class=\"elementor-spacer-inner\"><\/div>\n\t\t<\/div>\n\t\t\t\t<\/div>\n\t\t\t\t<\/div>\n\t\t\t\t<div class=\"elementor-element elementor-element-39736c7 elementor-view-default elementor-widget elementor-widget-icon\" data-id=\"39736c7\" data-element_type=\"widget\" data-widget_type=\"icon.default\">\n\t\t\t\t<div class=\"elementor-widget-container\">\n\t\t\t\t\t<div class=\"elementor-icon-wrapper\">\n\t\t\t<div class=\"elementor-icon\">\n\t\t\t<i aria-hidden=\"true\" class=\"fas fa-map-marked-alt\"><\/i>\t\t\t<\/div>\n\t\t<\/div>\n\t\t\t\t<\/div>\n\t\t\t\t<\/div>\n\t\t\t\t<div class=\"elementor-element elementor-element-ac139bf elementor-widget elementor-widget-text-editor\" data-id=\"ac139bf\" data-element_type=\"widget\" data-widget_type=\"text-editor.default\">\n\t\t\t\t<div class=\"elementor-widget-container\">\n\t\t\t\t\t\t\t\t<div class=\"elementor-text-editor elementor-clearfix\">\n\t\t\t\t<p><strong>Ubicaci\u00f3n: <\/strong>San Pedro Garza Garc\u00eda, Nuevo Le\u00f3n.<\/p>\t\t\t\t\t<\/div>\n\t\t\t\t\t\t<\/div>\n\t\t\t\t<\/div>\n\t\t\t\t\t\t<\/div>\n\t\t\t\t\t<\/div>\n\t\t<\/div>\n\t\t\t\t<div class=\"elementor-column elementor-col-33 elementor-top-column elementor-element elementor-element-0f4aaf3\" data-id=\"0f4aaf3\" data-element_type=\"column\">\n\t\t\t<div class=\"elementor-column-wrap elementor-element-populated\">\n\t\t\t\t\t\t\t<div class=\"elementor-widget-wrap\">\n\t\t\t\t\t\t<div class=\"elementor-element elementor-element-644d158 elementor-widget elementor-widget-spacer\" data-id=\"644d158\" data-element_type=\"widget\" data-widget_type=\"spacer.default\">\n\t\t\t\t<div class=\"elementor-widget-container\">\n\t\t\t\t\t<div class=\"elementor-spacer\">\n\t\t\t<div class=\"elementor-spacer-inner\"><\/div>\n\t\t<\/div>\n\t\t\t\t<\/div>\n\t\t\t\t<\/div>\n\t\t\t\t<div class=\"elementor-element elementor-element-d1bac77 elementor-view-default elementor-widget elementor-widget-icon\" data-id=\"d1bac77\" data-element_type=\"widget\" data-widget_type=\"icon.default\">\n\t\t\t\t<div class=\"elementor-widget-container\">\n\t\t\t\t\t<div class=\"elementor-icon-wrapper\">\n\t\t\t<div class=\"elementor-icon\">\n\t\t\t<i aria-hidden=\"true\" class=\"fas fa-users\"><\/i>\t\t\t<\/div>\n\t\t<\/div>\n\t\t\t\t<\/div>\n\t\t\t\t<\/div>\n\t\t\t\t<div class=\"elementor-element elementor-element-1992655 elementor-widget elementor-widget-text-editor\" data-id=\"1992655\" data-element_type=\"widget\" data-widget_type=\"text-editor.default\">\n\t\t\t\t<div class=\"elementor-widget-container\">\n\t\t\t\t\t\t\t\t<div class=\"elementor-text-editor elementor-clearfix\">\n\t\t\t\t<p><strong>Cliente:<\/strong>&nbsp;Escala<\/p>\t\t\t\t\t<\/div>\n\t\t\t\t\t\t<\/div>\n\t\t\t\t<\/div>\n\t\t\t\t\t\t<\/div>\n\t\t\t\t\t<\/div>\n\t\t<\/div>\n\t\t\t\t\t\t\t\t<\/div>\n\t\t\t\t\t<\/div>\n\t\t<\/section>\n\t\t\t\t<section class=\"elementor-section elementor-top-section elementor-element elementor-element-173b3e6 elementor-section-boxed elementor-section-height-default elementor-section-height-default\" data-id=\"173b3e6\" data-element_type=\"section\">\n\t\t\t\t\t\t<div class=\"elementor-container elementor-column-gap-default\">\n\t\t\t\t\t\t\t<div class=\"elementor-row\">\n\t\t\t\t\t<div class=\"elementor-column elementor-col-100 elementor-top-column elementor-element elementor-element-812e9fc\" data-id=\"812e9fc\" data-element_type=\"column\">\n\t\t\t<div class=\"elementor-column-wrap elementor-element-populated\">\n\t\t\t\t\t\t\t<div class=\"elementor-widget-wrap\">\n\t\t\t\t\t\t<div class=\"elementor-element elementor-element-10296d0 elementor-widget-divider--separator-type-pattern elementor-widget-divider--view-line elementor-widget elementor-widget-divider\" data-id=\"10296d0\" data-element_type=\"widget\" data-widget_type=\"divider.default\">\n\t\t\t\t<div class=\"elementor-widget-container\">\n\t\t\t\t\t<div class=\"elementor-divider\" style=\"--divider-pattern-url: url(&quot;data:image\/svg+xml,%3Csvg xmlns=&#039;http:\/\/www.w3.org\/2000\/svg&#039; preserveAspectRatio=&#039;none&#039; overflow=&#039;visible&#039; height=&#039;100%&#039; viewBox=&#039;0 0 24 24&#039; fill=&#039;none&#039; stroke=&#039;black&#039; stroke-width=&#039;2&#039; stroke-linecap=&#039;square&#039; stroke-miterlimit=&#039;10&#039;%3E%3Cpolyline points=&#039;0,18 12,6 24,18 &#039;\/%3E%3C\/svg%3E&quot;);\">\n\t\t\t<span class=\"elementor-divider-separator\">\n\t\t\t\t\t\t<\/span>\n\t\t<\/div>\n\t\t\t\t<\/div>\n\t\t\t\t<\/div>\n\t\t\t\t<div class=\"elementor-element elementor-element-49aed5b elementor-widget elementor-widget-heading\" data-id=\"49aed5b\" data-element_type=\"widget\" data-widget_type=\"heading.default\">\n\t\t\t\t<div class=\"elementor-widget-container\">\n\t\t\t<h2 class=\"elementor-heading-title elementor-size-xl\">Galer\u00eda del proyecto<\/h2>\t\t<\/div>\n\t\t\t\t<\/div>\n\t\t\t\t<div class=\"elementor-element elementor-element-9fccfd8 elementor-widget elementor-widget-gallery\" data-id=\"9fccfd8\" data-element_type=\"widget\" data-settings=\"{&quot;lazyload&quot;:&quot;yes&quot;,&quot;gallery_layout&quot;:&quot;grid&quot;,&quot;columns&quot;:4,&quot;columns_tablet&quot;:2,&quot;columns_mobile&quot;:1,&quot;gap&quot;:{&quot;unit&quot;:&quot;px&quot;,&quot;size&quot;:10,&quot;sizes&quot;:[]},&quot;gap_tablet&quot;:{&quot;unit&quot;:&quot;px&quot;,&quot;size&quot;:10,&quot;sizes&quot;:[]},&quot;gap_mobile&quot;:{&quot;unit&quot;:&quot;px&quot;,&quot;size&quot;:10,&quot;sizes&quot;:[]},&quot;link_to&quot;:&quot;file&quot;,&quot;aspect_ratio&quot;:&quot;3:2&quot;,&quot;overlay_background&quot;:&quot;yes&quot;,&quot;content_hover_animation&quot;:&quot;fade-in&quot;}\" data-widget_type=\"gallery.default\">\n\t\t\t\t<div class=\"elementor-widget-container\">\n\t\t\t\t\t<div class=\"elementor-gallery__container\">\n\t\t\t\t\t\t\t<a class=\"e-gallery-item elementor-gallery-item elementor-animated-content\" href=\"https:\/\/grimosa.com.mx\/wp-content\/uploads\/2021\/12\/Escalera-de-Estructura-Metalica.jpg\" data-elementor-open-lightbox=\"yes\" data-elementor-lightbox-slideshow=\"all-9fccfd8\" data-elementor-lightbox-title=\"Escalera-de-Estructura-Met\u00e1lica\" e-action-hash=\"#elementor-action%3Aaction%3Dlightbox%26settings%3DeyJpZCI6NjA2NSwidXJsIjoiaHR0cHM6XC9cL2dyaW1vc2EuY29tLm14XC93cC1jb250ZW50XC91cGxvYWRzXC8yMDIxXC8xMlwvRXNjYWxlcmEtZGUtRXN0cnVjdHVyYS1NZXRhbGljYS5qcGciLCJzbGlkZXNob3ciOiJhbGwtOWZjY2ZkOCJ9\">\n\t\t\t\t\t<div class=\"e-gallery-image elementor-gallery-item__image\" data-thumbnail=\"https:\/\/grimosa.com.mx\/wp-content\/uploads\/2021\/12\/Escalera-de-Estructura-Metalica-225x300.jpg\" data-width=\"225\" data-height=\"300\" alt=\"\" ><\/div>\n\t\t\t\t\t\t\t\t\t\t<div class=\"elementor-gallery-item__overlay\"><\/div>\n\t\t\t\t\t\t\t\t\t\t\t\t\t\t<\/a>\n\t\t\t\t\t\t\t<a class=\"e-gallery-item elementor-gallery-item elementor-animated-content\" href=\"https:\/\/grimosa.com.mx\/wp-content\/uploads\/2021\/12\/Escalera-Helicoidal.jpg\" data-elementor-open-lightbox=\"yes\" data-elementor-lightbox-slideshow=\"all-9fccfd8\" data-elementor-lightbox-title=\"Escalera-Helicoidal\" e-action-hash=\"#elementor-action%3Aaction%3Dlightbox%26settings%3DeyJpZCI6NjA2NiwidXJsIjoiaHR0cHM6XC9cL2dyaW1vc2EuY29tLm14XC93cC1jb250ZW50XC91cGxvYWRzXC8yMDIxXC8xMlwvRXNjYWxlcmEtSGVsaWNvaWRhbC5qcGciLCJzbGlkZXNob3ciOiJhbGwtOWZjY2ZkOCJ9\">\n\t\t\t\t\t<div class=\"e-gallery-image elementor-gallery-item__image\" data-thumbnail=\"https:\/\/grimosa.com.mx\/wp-content\/uploads\/2021\/12\/Escalera-Helicoidal-225x300.jpg\" data-width=\"225\" data-height=\"300\" alt=\"\" ><\/div>\n\t\t\t\t\t\t\t\t\t\t<div class=\"elementor-gallery-item__overlay\"><\/div>\n\t\t\t\t\t\t\t\t\t\t\t\t\t\t<\/a>\n\t\t\t\t\t\t\t<a class=\"e-gallery-item elementor-gallery-item elementor-animated-content\" href=\"https:\/\/grimosa.com.mx\/wp-content\/uploads\/2021\/12\/Construccion-Escalera-Metalica.jpg\" data-elementor-open-lightbox=\"yes\" data-elementor-lightbox-slideshow=\"all-9fccfd8\" data-elementor-lightbox-title=\"Construcci\u00f3n-Escalera-Metalica\" e-action-hash=\"#elementor-action%3Aaction%3Dlightbox%26settings%3DeyJpZCI6NjA2MywidXJsIjoiaHR0cHM6XC9cL2dyaW1vc2EuY29tLm14XC93cC1jb250ZW50XC91cGxvYWRzXC8yMDIxXC8xMlwvQ29uc3RydWNjaW9uLUVzY2FsZXJhLU1ldGFsaWNhLmpwZyIsInNsaWRlc2hvdyI6ImFsbC05ZmNjZmQ4In0%3D\">\n\t\t\t\t\t<div class=\"e-gallery-image elementor-gallery-item__image\" data-thumbnail=\"https:\/\/grimosa.com.mx\/wp-content\/uploads\/2021\/12\/Construccion-Escalera-Metalica-225x300.jpg\" data-width=\"225\" data-height=\"300\" alt=\"\" ><\/div>\n\t\t\t\t\t\t\t\t\t\t<div class=\"elementor-gallery-item__overlay\"><\/div>\n\t\t\t\t\t\t\t\t\t\t\t\t\t\t<\/a>\n\t\t\t\t\t\t\t<a class=\"e-gallery-item elementor-gallery-item elementor-animated-content\" href=\"https:\/\/grimosa.com.mx\/wp-content\/uploads\/2021\/12\/69051740_486049332214851_984841498530938880_n.jpg\" data-elementor-open-lightbox=\"yes\" data-elementor-lightbox-slideshow=\"all-9fccfd8\" data-elementor-lightbox-title=\"69051740_486049332214851_984841498530938880_n\" e-action-hash=\"#elementor-action%3Aaction%3Dlightbox%26settings%3DeyJpZCI6NjA2MiwidXJsIjoiaHR0cHM6XC9cL2dyaW1vc2EuY29tLm14XC93cC1jb250ZW50XC91cGxvYWRzXC8yMDIxXC8xMlwvNjkwNTE3NDBfNDg2MDQ5MzMyMjE0ODUxXzk4NDg0MTQ5ODUzMDkzODg4MF9uLmpwZyIsInNsaWRlc2hvdyI6ImFsbC05ZmNjZmQ4In0%3D\">\n\t\t\t\t\t<div class=\"e-gallery-image elementor-gallery-item__image\" data-thumbnail=\"https:\/\/grimosa.com.mx\/wp-content\/uploads\/2021\/12\/69051740_486049332214851_984841498530938880_n-225x300.jpg\" data-width=\"225\" data-height=\"300\" alt=\"\" ><\/div>\n\t\t\t\t\t\t\t\t\t\t<div class=\"elementor-gallery-item__overlay\"><\/div>\n\t\t\t\t\t\t\t\t\t\t\t\t\t\t<\/a>\n\t\t\t\t\t\t\t<a class=\"e-gallery-item elementor-gallery-item elementor-animated-content\" href=\"https:\/\/grimosa.com.mx\/wp-content\/uploads\/2021\/12\/plaza-arboleda-san-pedro-scaled.jpg\" data-elementor-open-lightbox=\"yes\" data-elementor-lightbox-slideshow=\"all-9fccfd8\" data-elementor-lightbox-title=\"plaza-arboleda-san-pedro\" e-action-hash=\"#elementor-action%3Aaction%3Dlightbox%26settings%3DeyJpZCI6NjA3MiwidXJsIjoiaHR0cHM6XC9cL2dyaW1vc2EuY29tLm14XC93cC1jb250ZW50XC91cGxvYWRzXC8yMDIxXC8xMlwvcGxhemEtYXJib2xlZGEtc2FuLXBlZHJvLXNjYWxlZC5qcGciLCJzbGlkZXNob3ciOiJhbGwtOWZjY2ZkOCJ9\">\n\t\t\t\t\t<div class=\"e-gallery-image elementor-gallery-item__image\" data-thumbnail=\"https:\/\/grimosa.com.mx\/wp-content\/uploads\/2021\/12\/plaza-arboleda-san-pedro-146x300.jpg\" data-width=\"146\" data-height=\"300\" alt=\"\" ><\/div>\n\t\t\t\t\t\t\t\t\t\t<div class=\"elementor-gallery-item__overlay\"><\/div>\n\t\t\t\t\t\t\t\t\t\t\t\t\t\t<\/a>\n\t\t\t\t\t\t\t<a class=\"e-gallery-item elementor-gallery-item elementor-animated-content\" href=\"https:\/\/grimosa.com.mx\/wp-content\/uploads\/2021\/12\/Pergolado-scaled.jpg\" data-elementor-open-lightbox=\"yes\" data-elementor-lightbox-slideshow=\"all-9fccfd8\" data-elementor-lightbox-title=\"Pergolado\" e-action-hash=\"#elementor-action%3Aaction%3Dlightbox%26settings%3DeyJpZCI6NjA2OSwidXJsIjoiaHR0cHM6XC9cL2dyaW1vc2EuY29tLm14XC93cC1jb250ZW50XC91cGxvYWRzXC8yMDIxXC8xMlwvUGVyZ29sYWRvLXNjYWxlZC5qcGciLCJzbGlkZXNob3ciOiJhbGwtOWZjY2ZkOCJ9\">\n\t\t\t\t\t<div class=\"e-gallery-image elementor-gallery-item__image\" data-thumbnail=\"https:\/\/grimosa.com.mx\/wp-content\/uploads\/2021\/12\/Pergolado-300x225.jpg\" data-width=\"300\" data-height=\"225\" alt=\"\" ><\/div>\n\t\t\t\t\t\t\t\t\t\t<div class=\"elementor-gallery-item__overlay\"><\/div>\n\t\t\t\t\t\t\t\t\t\t\t\t\t\t<\/a>\n\t\t\t\t\t\t\t<a class=\"e-gallery-item elementor-gallery-item elementor-animated-content\" href=\"https:\/\/grimosa.com.mx\/wp-content\/uploads\/2021\/12\/Tubos-Metalicas-Columnas-scaled.jpg\" data-elementor-open-lightbox=\"yes\" data-elementor-lightbox-slideshow=\"all-9fccfd8\" data-elementor-lightbox-title=\"Tubos-Metalicas-Columnas\" e-action-hash=\"#elementor-action%3Aaction%3Dlightbox%26settings%3DeyJpZCI6NjA3NCwidXJsIjoiaHR0cHM6XC9cL2dyaW1vc2EuY29tLm14XC93cC1jb250ZW50XC91cGxvYWRzXC8yMDIxXC8xMlwvVHVib3MtTWV0YWxpY2FzLUNvbHVtbmFzLXNjYWxlZC5qcGciLCJzbGlkZXNob3ciOiJhbGwtOWZjY2ZkOCJ9\">\n\t\t\t\t\t<div class=\"e-gallery-image elementor-gallery-item__image\" data-thumbnail=\"https:\/\/grimosa.com.mx\/wp-content\/uploads\/2021\/12\/Tubos-Metalicas-Columnas-300x146.jpg\" data-width=\"300\" data-height=\"146\" alt=\"\" ><\/div>\n\t\t\t\t\t\t\t\t\t\t<div class=\"elementor-gallery-item__overlay\"><\/div>\n\t\t\t\t\t\t\t\t\t\t\t\t\t\t<\/a>\n\t\t\t\t\t\t\t<a class=\"e-gallery-item elementor-gallery-item elementor-animated-content\" href=\"https:\/\/grimosa.com.mx\/wp-content\/uploads\/2021\/12\/Plaza-Arboleda-San-Pedro-Garza-Garcia-scaled.jpg\" data-elementor-open-lightbox=\"yes\" data-elementor-lightbox-slideshow=\"all-9fccfd8\" data-elementor-lightbox-title=\"Plaza-Arboleda-San-Pedro-Garza-Garcia\" e-action-hash=\"#elementor-action%3Aaction%3Dlightbox%26settings%3DeyJpZCI6NjA3MywidXJsIjoiaHR0cHM6XC9cL2dyaW1vc2EuY29tLm14XC93cC1jb250ZW50XC91cGxvYWRzXC8yMDIxXC8xMlwvUGxhemEtQXJib2xlZGEtU2FuLVBlZHJvLUdhcnphLUdhcmNpYS1zY2FsZWQuanBnIiwic2xpZGVzaG93IjoiYWxsLTlmY2NmZDgifQ%3D%3D\">\n\t\t\t\t\t<div class=\"e-gallery-image elementor-gallery-item__image\" data-thumbnail=\"https:\/\/grimosa.com.mx\/wp-content\/uploads\/2021\/12\/Plaza-Arboleda-San-Pedro-Garza-Garcia-225x300.jpg\" data-width=\"225\" data-height=\"300\" alt=\"\" ><\/div>\n\t\t\t\t\t\t\t\t\t\t<div class=\"elementor-gallery-item__overlay\"><\/div>\n\t\t\t\t\t\t\t\t\t\t\t\t\t\t<\/a>\n\t\t\t\t\t\t\t<a class=\"e-gallery-item elementor-gallery-item elementor-animated-content\" href=\"https:\/\/grimosa.com.mx\/wp-content\/uploads\/2021\/12\/Plaza-Arboleda-scaled.jpg\" data-elementor-open-lightbox=\"yes\" data-elementor-lightbox-slideshow=\"all-9fccfd8\" data-elementor-lightbox-title=\"Plaza-Arboleda\" e-action-hash=\"#elementor-action%3Aaction%3Dlightbox%26settings%3DeyJpZCI6NjA3MCwidXJsIjoiaHR0cHM6XC9cL2dyaW1vc2EuY29tLm14XC93cC1jb250ZW50XC91cGxvYWRzXC8yMDIxXC8xMlwvUGxhemEtQXJib2xlZGEtc2NhbGVkLmpwZyIsInNsaWRlc2hvdyI6ImFsbC05ZmNjZmQ4In0%3D\">\n\t\t\t\t\t<div class=\"e-gallery-image elementor-gallery-item__image\" data-thumbnail=\"https:\/\/grimosa.com.mx\/wp-content\/uploads\/2021\/12\/Plaza-Arboleda-225x300.jpg\" data-width=\"225\" data-height=\"300\" alt=\"\" ><\/div>\n\t\t\t\t\t\t\t\t\t\t<div class=\"elementor-gallery-item__overlay\"><\/div>\n\t\t\t\t\t\t\t\t\t\t\t\t\t\t<\/a>\n\t\t\t\t\t\t\t<a class=\"e-gallery-item elementor-gallery-item elementor-animated-content\" href=\"https:\/\/grimosa.com.mx\/wp-content\/uploads\/2021\/12\/Estructura-metalica-Arboleda-scaled.jpg\" data-elementor-open-lightbox=\"yes\" data-elementor-lightbox-slideshow=\"all-9fccfd8\" data-elementor-lightbox-title=\"Estructura-met\u00e1lica-Arboleda\" e-action-hash=\"#elementor-action%3Aaction%3Dlightbox%26settings%3DeyJpZCI6NjA2OCwidXJsIjoiaHR0cHM6XC9cL2dyaW1vc2EuY29tLm14XC93cC1jb250ZW50XC91cGxvYWRzXC8yMDIxXC8xMlwvRXN0cnVjdHVyYS1tZXRhbGljYS1BcmJvbGVkYS1zY2FsZWQuanBnIiwic2xpZGVzaG93IjoiYWxsLTlmY2NmZDgifQ%3D%3D\">\n\t\t\t\t\t<div class=\"e-gallery-image elementor-gallery-item__image\" data-thumbnail=\"https:\/\/grimosa.com.mx\/wp-content\/uploads\/2021\/12\/Estructura-metalica-Arboleda-300x146.jpg\" data-width=\"300\" data-height=\"146\" alt=\"\" ><\/div>\n\t\t\t\t\t\t\t\t\t\t<div class=\"elementor-gallery-item__overlay\"><\/div>\n\t\t\t\t\t\t\t\t\t\t\t\t\t\t<\/a>\n\t\t\t\t\t<\/div>\n\t\t\t<\/div>\n\t\t\t\t<\/div>\n\t\t\t\t<div class=\"elementor-element elementor-element-f0cb104 elementor-widget elementor-widget-spacer\" data-id=\"f0cb104\" data-element_type=\"widget\" data-widget_type=\"spacer.default\">\n\t\t\t\t<div class=\"elementor-widget-container\">\n\t\t\t\t\t<div class=\"elementor-spacer\">\n\t\t\t<div class=\"elementor-spacer-inner\"><\/div>\n\t\t<\/div>\n\t\t\t\t<\/div>\n\t\t\t\t<\/div>\n\t\t\t\t\t\t<\/div>\n\t\t\t\t\t<\/div>\n\t\t<\/div>\n\t\t\t\t\t\t\t\t<\/div>\n\t\t\t\t\t<\/div>\n\t\t<\/section>\n\t\t\t\t\t\t\t\t\t<\/div>\n\t\t\t<\/div>\n\t\t\t\t\t<\/div>","protected":false},"excerpt":{"rendered":"<p>PLAZA ARBOLEDAPLAZA ARBOLEDA 0 Dimensi\u00f3n (toneladas) Alcance: Herrer\u00edas y estructuras en comercio y residencial. Ubicaci\u00f3n: San Pedro Garza Garc\u00eda, Nuevo Le\u00f3n. Cliente:&nbsp;Escala Galer\u00eda del proyecto<\/p>","protected":false},"author":1,"featured_media":0,"parent":88,"menu_order":0,"comment_status":"closed","ping_status":"closed","template":"elementor_header_footer","meta":{"site-sidebar-layout":"default","site-content-layout":"default","ast-main-header-display":"","ast-hfb-above-header-display":"","ast-hfb-below-header-display":"","ast-hfb-mobile-header-display":"","site-post-title":"","ast-breadcrumbs-content":"","ast-featured-img":"","footer-sml-layout":"","theme-transparent-header-meta":"default","adv-header-id-meta":"","stick-header-meta":"default","header-above-stick-meta":"","header-main-stick-meta":"","header-below-stick-meta":"","footnotes":"","_joinchat":[]},"_links":{"self":[{"href":"https:\/\/grimosa.com.mx\/en\/wp-json\/wp\/v2\/pages\/567"}],"collection":[{"href":"https:\/\/grimosa.com.mx\/en\/wp-json\/wp\/v2\/pages"}],"about":[{"href":"https:\/\/grimosa.com.mx\/en\/wp-json\/wp\/v2\/types\/page"}],"author":[{"embeddable":true,"href":"https:\/\/grimosa.com.mx\/en\/wp-json\/wp\/v2\/users\/1"}],"replies":[{"embeddable":true,"href":"https:\/\/grimosa.com.mx\/en\/wp-json\/wp\/v2\/comments?post=567"}],"version-history":[{"count":0,"href":"https:\/\/grimosa.com.mx\/en\/wp-json\/wp\/v2\/pages\/567\/revisions"}],"up":[{"embeddable":true,"href":"https:\/\/grimosa.com.mx\/en\/wp-json\/wp\/v2\/pages\/88"}],"wp:attachment":[{"href":"https:\/\/grimosa.com.mx\/en\/wp-json\/wp\/v2\/media?parent=567"}],"curies":[{"name":"wp","href":"https:\/\/api.w.org\/{rel}","templated":true}]}}