{"id":89,"date":"2019-09-10T00:39:23","date_gmt":"2019-09-09T22:39:23","guid":{"rendered":"http:\/\/grimosa.com.mx\/?page_id=89"},"modified":"2023-02-17T13:04:22","modified_gmt":"2023-02-17T19:04:22","slug":"blog","status":"publish","type":"page","link":"https:\/\/grimosa.com.mx\/en\/blog\/","title":{"rendered":"Blog"},"content":{"rendered":"<div data-elementor-type=\"wp-post\" data-elementor-id=\"89\" class=\"elementor elementor-89\">\n\t\t\t\t\t\t<div class=\"elementor-inner\">\n\t\t\t\t<div class=\"elementor-section-wrap\">\n\t\t\t\t\t\t\t\t\t<section class=\"elementor-section elementor-top-section elementor-element elementor-element-b0900dc elementor-section-boxed elementor-section-height-default elementor-section-height-default\" data-id=\"b0900dc\" data-element_type=\"section\">\n\t\t\t\t\t\t<div class=\"elementor-container elementor-column-gap-default\">\n\t\t\t\t\t\t\t<div class=\"elementor-row\">\n\t\t\t\t\t<div class=\"elementor-column elementor-col-100 elementor-top-column elementor-element elementor-element-7865412\" data-id=\"7865412\" data-element_type=\"column\">\n\t\t\t<div class=\"elementor-column-wrap elementor-element-populated\">\n\t\t\t\t\t\t\t<div class=\"elementor-widget-wrap\">\n\t\t\t\t\t\t<div class=\"elementor-element elementor-element-e1679c5 elementor-widget elementor-widget-heading\" data-id=\"e1679c5\" data-element_type=\"widget\" data-widget_type=\"heading.default\">\n\t\t\t\t<div class=\"elementor-widget-container\">\n\t\t\t<h1 class=\"elementor-heading-title elementor-size-xxl\">Blog Grimosa<\/h1>\t\t<\/div>\n\t\t\t\t<\/div>\n\t\t\t\t<div class=\"elementor-element elementor-element-83adec7 elementor-widget elementor-widget-heading\" data-id=\"83adec7\" data-element_type=\"widget\" data-widget_type=\"heading.default\">\n\t\t\t\t<div class=\"elementor-widget-container\">\n\t\t\t<h3 class=\"elementor-heading-title elementor-size-default\">Welcome to our blog, where you can find valuable information regarding metal structures, ironworks and other relevant topics.<\/h3>\t\t<\/div>\n\t\t\t\t<\/div>\n\t\t\t\t<div class=\"elementor-element elementor-element-40d6a2e elementor-widget-divider--separator-type-pattern elementor-widget-divider--view-line elementor-widget elementor-widget-divider\" data-id=\"40d6a2e\" data-element_type=\"widget\" data-widget_type=\"divider.default\">\n\t\t\t\t<div class=\"elementor-widget-container\">\n\t\t\t\t\t<div class=\"elementor-divider\" style=\"--divider-pattern-url: url(&quot;data:image\/svg+xml,%3Csvg xmlns=&#039;http:\/\/www.w3.org\/2000\/svg&#039; preserveAspectRatio=&#039;none&#039; overflow=&#039;visible&#039; height=&#039;100%&#039; viewBox=&#039;0 0 24 24&#039; fill=&#039;none&#039; stroke=&#039;black&#039; stroke-width=&#039;3&#039; stroke-linecap=&#039;square&#039; stroke-miterlimit=&#039;10&#039;%3E%3Cpolyline points=&#039;0,6 6,6 6,18 18,18 18,6 24,6 \t&#039;\/%3E%3C\/svg%3E&quot;);\">\n\t\t\t<span class=\"elementor-divider-separator\">\n\t\t\t\t\t\t<\/span>\n\t\t<\/div>\n\t\t\t\t<\/div>\n\t\t\t\t<\/div>\n\t\t\t\t\t\t<\/div>\n\t\t\t\t\t<\/div>\n\t\t<\/div>\n\t\t\t\t\t\t\t\t<\/div>\n\t\t\t\t\t<\/div>\n\t\t<\/section>\n\t\t\t\t<section class=\"elementor-section elementor-top-section elementor-element elementor-element-13b7b15 elementor-section-boxed elementor-section-height-default elementor-section-height-default\" data-id=\"13b7b15\" data-element_type=\"section\">\n\t\t\t\t\t\t<div class=\"elementor-container elementor-column-gap-default\">\n\t\t\t\t\t\t\t<div class=\"elementor-row\">\n\t\t\t\t\t<div class=\"elementor-column elementor-col-100 elementor-top-column elementor-element elementor-element-53d317e\" data-id=\"53d317e\" data-element_type=\"column\">\n\t\t\t<div class=\"elementor-column-wrap elementor-element-populated\">\n\t\t\t\t\t\t\t<div class=\"elementor-widget-wrap\">\n\t\t\t\t\t\t<div class=\"elementor-element elementor-element-cde9a11 elementor-widget elementor-widget-blogmentor_blog_posts\" data-id=\"cde9a11\" data-element_type=\"widget\" data-widget_type=\"blogmentor_blog_posts.default\">\n\t\t\t\t<div class=\"elementor-widget-container\">\n\t\t\t\t\t\n\t\t\t\t\t<div class=\"upl-main\">\n\t\t<div class=\"upl-container\">\n\t\t\t\t\t\t\t<div class=\"upl-left-section bm_content_box\">\n\t\t\t\t\t\t\t\t<div class=\"bm-post-image clearfix bm-hover-effect bm-hover-effect-opacity\">\n\t\t\t\t\t<div class=\"upl-image\" style=\"background-image: url('https:\/\/grimosa.com.mx\/wp-content\/plugins\/blogmentor\/assets\/images\/placeholder.jpg')\"><\/div>\n\t\t\t\t<\/div>\n\t\t\t\t<div class=\"upl-author\"><img decoding=\"async\" src=\"https:\/\/secure.gravatar.com\/avatar\/6ede634b5d00edcaccde4c5553a8a7fc?s=96&amp;d=wp_user_avatar&amp;r=g\" alt=\"\" title=\"\"><\/div>\n\t\t\t\t<div class=\"upl-title bm_title\"><a href=\"https:\/\/grimosa.com.mx\/en\/placas-de-acero-para-anclaje\/\" rel=\"bookmark\">Placas de acero para anclaje<\/a><\/div>\t\t\t\t\t<div class=\"upl-excerpt bm_content\"> PLACAS DE ACERO PARA ANCLAJES Y EMBEBIDOS \u00bfQu\u00e9 son las placas de acero para embebidos o de anclaje?Las placas de acero para embebidos o de anclaje son elementos estructurales utilizados&hellip; <\/div>\n\t\t\t\t\t\t\t\t\t<div class=\"upl-cat-date bm_meta\">\n\t\t\t\t\t\tVladimir | April 29, 2024 \t\t\t\t\t<\/div>\n\t\t\t\t\t\t\t<\/div>\n\t\t\t\n\t\t\t\t\t\t<div class=\"upl-right-section\">\n\t\t\t\t<div class=\"upl-top bm_content_box\">\n\t\t\t\t\t<div class=\"bm-post-image clearfix bm-hover-effect bm-hover-effect-opacity\">\n\t\t\t\t\t\t<div class=\"upl-image\" style=\"background-image: url('https:\/\/grimosa.com.mx\/wp-content\/uploads\/2024\/03\/Vigas-de-elevador-grimosa-2.jpg')\"><\/div>\n\t\t\t\t\t<\/div>\n\t\t\t\t\t<div class=\"upl-author\">\n\t\t\t\t\t\t<img decoding=\"async\" src=\"https:\/\/secure.gravatar.com\/avatar\/6ede634b5d00edcaccde4c5553a8a7fc?s=96&amp;d=wp_user_avatar&amp;r=g\" alt=\"\" title=\"\">\n\t\t\t\t\t<\/div>\n\t\t\t\t\t<div class=\"upl-title bm_title\"><a href=\"https:\/\/grimosa.com.mx\/en\/vigas-de-elevador\/\" rel=\"bookmark\">Vigas de Elevador<\/a><\/div>\t\t\t\t\t\t<div class=\"upl-excerpt bm_content\"> Vigas de elevador Hay varias ventajas asociadas con la utilizaci\u00f3n de estructuras&hellip; <\/div>\n\t\t\t\t\t\t\t\t\t\t\t<div class=\"upl-cat-date bm_meta\">\n\t\t\t\t\t\tVladimir | March 22, 2024 \t\t\t\t\t\t<\/div>\n\t\t\t\t\t\t\t\t\t<\/div>\n\t\t\t\t\t\t\t<div class=\"upl-bottom bm_content_box\">\n\t\t\t\t\t<div class=\"bm-post-image clearfix bm-hover-effect bm-hover-effect-opacity\">\n\t\t\t\t\t\t<div class=\"upl-image\" style=\"background-image: url('https:\/\/grimosa.com.mx\/wp-content\/uploads\/2024\/01\/MEZZANINE-ESTRUCTURA-METALICA.jpeg')\"><\/div>\n\t\t\t\t\t<\/div>\n\t\t\t\t\t<div class=\"upl-author\">\n\t\t\t\t\t\t<img decoding=\"async\" src=\"https:\/\/secure.gravatar.com\/avatar\/6ede634b5d00edcaccde4c5553a8a7fc?s=96&amp;d=wp_user_avatar&amp;r=g\" alt=\"\" title=\"\">\n\t\t\t\t\t<\/div>\n\t\t\t\t\t<div class=\"upl-title bm_title\"><a href=\"https:\/\/grimosa.com.mx\/en\/mezzanine-de-estructura-metalica\/\" rel=\"bookmark\">Mezzanine de estructura met\u00e1lica<\/a><\/div>\t\t\t\t\t\t<div class=\"upl-excerpt bm_content\"> Mezzanine de estructura met\u00e1lica \u00bfQu\u00e9 es un Mezzanine? Un mezzanine de estructura&hellip; <\/div>\n\t\t\t\t\t\t\t\t\t\t\t<div class=\"upl-cat-date bm_meta\">\n\t\t\t\t\t\tVladimir | January 5, 2024 \t\t\t\t\t\t<\/div>\n\t\t\t\t\t\t\t\t\t<\/div>\n\t\t\t\t\t\t<\/div>\n\t\t<\/div>\n\t<\/div>\n\n\t<div class=\"upl-second-section\">\n\t\t\t\t\t<div class=\"upl-second bm_content_box\">\n\t\t\t\t<div class=\"bm-post-image clearfix bm-hover-effect bm-hover-effect-opacity\">\n\t\t\t\t\t<div class=\"upl-image\" style=\"background-image: url('https:\/\/grimosa.com.mx\/wp-content\/uploads\/2023\/02\/BENEFICIOS-DE-LOS-PISOS-EPOXICOS.png')\"><\/div>\n\t\t\t\t<\/div>\n\t\t\t\t<div class=\"upl-author\">\n\t\t\t\t\t<img decoding=\"async\" src=\"https:\/\/secure.gravatar.com\/avatar\/6ede634b5d00edcaccde4c5553a8a7fc?s=96&amp;d=wp_user_avatar&amp;r=g\" alt=\"\" title=\"\">\n\t\t\t\t<\/div>\n\t\t\t\t<div class=\"upl-title bm_title\"><a href=\"https:\/\/grimosa.com.mx\/en\/pisos-epoxicos\/\" rel=\"bookmark\">Pisos Ep\u00f3xicos Monterrey<\/a><\/div>\t\t\t\t\t<div class=\"upl-excerpt bm_content\">  PISOS EP\u00d3XICOS MONTERREY \u00bfQue son los pisos ep\u00f3xicos?&hellip; <\/div>\n\t\t\t\t\t\t\t\t\t<div class=\"upl-cat-date bm_meta\">Vladimir | February 17, 2023 \t\t\t\t\t<\/div>\n\t\t\t\t\t\t\t<\/div>\n\t\t\t\t\t<div class=\"upl-second bm_content_box\">\n\t\t\t\t<div class=\"bm-post-image clearfix bm-hover-effect bm-hover-effect-opacity\">\n\t\t\t\t\t<div class=\"upl-image\" style=\"background-image: url('https:\/\/grimosa.com.mx\/wp-content\/uploads\/2022\/01\/construcciones-metalicas-o-de-concreto-1.png')\"><\/div>\n\t\t\t\t<\/div>\n\t\t\t\t<div class=\"upl-author\">\n\t\t\t\t\t<img decoding=\"async\" src=\"https:\/\/secure.gravatar.com\/avatar\/f2d38fb3c4ced6353b3a01af2f46b9bd?s=96&amp;d=wp_user_avatar&amp;r=g\" alt=\"\" title=\"\">\n\t\t\t\t<\/div>\n\t\t\t\t<div class=\"upl-title bm_title\"><a href=\"https:\/\/grimosa.com.mx\/en\/construcciones-metalicas-o-de-concreto\/\" rel=\"bookmark\">\u00bfConstrucciones met\u00e1licas o de concreto?<\/a><\/div>\t\t\t\t\t<div class=\"upl-excerpt bm_content\"> \u00bfCONSTRUCCIONES MET\u00c1LICAS O DE CONCRETO? El mundo de la construcci\u00f3n es tan&hellip; <\/div>\n\t\t\t\t\t\t\t\t\t<div class=\"upl-cat-date bm_meta\">Alehli | January 19, 2022 \t\t\t\t\t<\/div>\n\t\t\t\t\t\t\t<\/div>\n\t\t\t\t\t<div class=\"upl-second bm_content_box\">\n\t\t\t\t<div class=\"bm-post-image clearfix bm-hover-effect bm-hover-effect-opacity\">\n\t\t\t\t\t<div class=\"upl-image\" style=\"background-image: url('https:\/\/grimosa.com.mx\/wp-content\/uploads\/2021\/12\/Beneficios-del-tpo.png')\"><\/div>\n\t\t\t\t<\/div>\n\t\t\t\t<div class=\"upl-author\">\n\t\t\t\t\t<img decoding=\"async\" src=\"https:\/\/secure.gravatar.com\/avatar\/6ede634b5d00edcaccde4c5553a8a7fc?s=96&amp;d=wp_user_avatar&amp;r=g\" alt=\"\" title=\"\">\n\t\t\t\t<\/div>\n\t\t\t\t<div class=\"upl-title bm_title\"><a href=\"https:\/\/grimosa.com.mx\/en\/impermeabilizante-tpo-monterrey\/\" rel=\"bookmark\">Beneficios del impermeabilizante TPO<\/a><\/div>\t\t\t\t\t<div class=\"upl-excerpt bm_content\"> Beneficios del TPO sobre cubierta \u00bfQu\u00e9 es el TPO? Por sus siglas&hellip; <\/div>\n\t\t\t\t\t\t\t\t\t<div class=\"upl-cat-date bm_meta\">Vladimir | December 30, 2021 \t\t\t\t\t<\/div>\n\t\t\t\t\t\t\t<\/div>\n\t\t\t\t\t<div class=\"upl-second bm_content_box\">\n\t\t\t\t<div class=\"bm-post-image clearfix bm-hover-effect bm-hover-effect-opacity\">\n\t\t\t\t\t<div class=\"upl-image\" style=\"background-image: url('https:\/\/grimosa.com.mx\/wp-content\/uploads\/2021\/04\/QUE-ES-ENDURIS-3500-1.png')\"><\/div>\n\t\t\t\t<\/div>\n\t\t\t\t<div class=\"upl-author\">\n\t\t\t\t\t<img decoding=\"async\" src=\"https:\/\/secure.gravatar.com\/avatar\/6ede634b5d00edcaccde4c5553a8a7fc?s=96&amp;d=wp_user_avatar&amp;r=g\" alt=\"\" title=\"\">\n\t\t\t\t<\/div>\n\t\t\t\t<div class=\"upl-title bm_title\"><a href=\"https:\/\/grimosa.com.mx\/en\/que-es-enduris-3500\/\" rel=\"bookmark\">\u00bfQu\u00e9 es Enduris 3500?<\/a><\/div>\t\t\t\t\t<div class=\"upl-excerpt bm_content\"> \u00bfQu\u00e9 es Enduris 3500? Enduris 3500 es un sistema integral de impermeabilizaci\u00f3n&hellip; <\/div>\n\t\t\t\t\t\t\t\t\t<div class=\"upl-cat-date bm_meta\">Vladimir | April 20, 2021 \t\t\t\t\t<\/div>\n\t\t\t\t\t\t\t<\/div>\n\t\t\t\t\t<div class=\"upl-second bm_content_box\">\n\t\t\t\t<div class=\"bm-post-image clearfix bm-hover-effect bm-hover-effect-opacity\">\n\t\t\t\t\t<div class=\"upl-image\" style=\"background-image: url('https:\/\/grimosa.com.mx\/wp-content\/uploads\/2021\/03\/propiedades-del-acero-estructural.jpg')\"><\/div>\n\t\t\t\t<\/div>\n\t\t\t\t<div class=\"upl-author\">\n\t\t\t\t\t<img decoding=\"async\" src=\"https:\/\/secure.gravatar.com\/avatar\/f2d38fb3c4ced6353b3a01af2f46b9bd?s=96&amp;d=wp_user_avatar&amp;r=g\" alt=\"\" title=\"\">\n\t\t\t\t<\/div>\n\t\t\t\t<div class=\"upl-title bm_title\"><a href=\"https:\/\/grimosa.com.mx\/en\/propiedades-del-acero-estructural\/\" rel=\"bookmark\">Propiedades del acero estructural<\/a><\/div>\t\t\t\t\t<div class=\"upl-excerpt bm_content\"> Propiedades del acero estructural La\u00a0construcci\u00f3n de estructuras met\u00e1licas\u00a0en acero es viable en&hellip; <\/div>\n\t\t\t\t\t\t\t\t\t<div class=\"upl-cat-date bm_meta\">Alehli | March 22, 2021 \t\t\t\t\t<\/div>\n\t\t\t\t\t\t\t<\/div>\n\t\t\t\t\t<div class=\"upl-second bm_content_box\">\n\t\t\t\t<div class=\"bm-post-image clearfix bm-hover-effect bm-hover-effect-opacity\">\n\t\t\t\t\t<div class=\"upl-image\" style=\"background-image: url('https:\/\/grimosa.com.mx\/wp-content\/uploads\/2021\/04\/TRES-PROBLEMAS-MAS-COMUNES-QUE-DESTRUYEN.png')\"><\/div>\n\t\t\t\t<\/div>\n\t\t\t\t<div class=\"upl-author\">\n\t\t\t\t\t<img decoding=\"async\" src=\"https:\/\/secure.gravatar.com\/avatar\/a0081578a573c12f9b44cbcff8c7679a?s=96&amp;d=wp_user_avatar&amp;r=g\" alt=\"\" title=\"\">\n\t\t\t\t<\/div>\n\t\t\t\t<div class=\"upl-title bm_title\"><a href=\"https:\/\/grimosa.com.mx\/en\/problemas-mas-comunes-que-destruyen-relaciones\/\" rel=\"bookmark\">Tres problemas m\u00e1s comunes que destruyen relaciones en los proyectos<\/a><\/div>\t\t\t\t\t<div class=\"upl-excerpt bm_content\"> Tres problemas m\u00e1s comunes que destruyen relaciones en los proyectos Cuando realizamos&hellip; <\/div>\n\t\t\t\t\t\t\t\t\t<div class=\"upl-cat-date bm_meta\">Roque Luis | February 15, 2021 \t\t\t\t\t<\/div>\n\t\t\t\t\t\t\t<\/div>\n\t\t\t\t\t<div class=\"upl-second bm_content_box\">\n\t\t\t\t<div class=\"bm-post-image clearfix bm-hover-effect bm-hover-effect-opacity\">\n\t\t\t\t\t<div class=\"upl-image\" style=\"background-image: url('https:\/\/grimosa.com.mx\/wp-content\/uploads\/2021\/04\/DOSSIER-DE-CALIDAD.png')\"><\/div>\n\t\t\t\t<\/div>\n\t\t\t\t<div class=\"upl-author\">\n\t\t\t\t\t<img decoding=\"async\" src=\"https:\/\/secure.gravatar.com\/avatar\/a0081578a573c12f9b44cbcff8c7679a?s=96&amp;d=wp_user_avatar&amp;r=g\" alt=\"\" title=\"\">\n\t\t\t\t<\/div>\n\t\t\t\t<div class=\"upl-title bm_title\"><a href=\"https:\/\/grimosa.com.mx\/en\/dossier-de-calidad-en-los-proyectos\/\" rel=\"bookmark\">Dossier de calidad y su importancia en los proyectos<\/a><\/div>\t\t\t\t\t<div class=\"upl-excerpt bm_content\"> Dossier de calidad y su importancia en los proyectos Buenas tardes hoy&hellip; <\/div>\n\t\t\t\t\t\t\t\t\t<div class=\"upl-cat-date bm_meta\">Roque Luis | February 10, 2021 \t\t\t\t\t<\/div>\n\t\t\t\t\t\t\t<\/div>\n\t\t\t\t\t<div class=\"upl-second bm_content_box\">\n\t\t\t\t<div class=\"bm-post-image clearfix bm-hover-effect bm-hover-effect-opacity\">\n\t\t\t\t\t<div class=\"upl-image\" style=\"background-image: url('https:\/\/grimosa.com.mx\/wp-content\/uploads\/2021\/04\/COSAS-QUE-DEBO-EVITAR-CUANDO-UTILIZO-ACERO-PARA-CONSTRUIR-MI-CASA.png')\"><\/div>\n\t\t\t\t<\/div>\n\t\t\t\t<div class=\"upl-author\">\n\t\t\t\t\t<img decoding=\"async\" src=\"https:\/\/secure.gravatar.com\/avatar\/a0081578a573c12f9b44cbcff8c7679a?s=96&amp;d=wp_user_avatar&amp;r=g\" alt=\"\" title=\"\">\n\t\t\t\t<\/div>\n\t\t\t\t<div class=\"upl-title bm_title\"><a href=\"https:\/\/grimosa.com.mx\/en\/cosas-que-debemos-evitar-cuando-utilizo-acero-para-construir-mi-casa\/\" rel=\"bookmark\">Cosas que debemos evitar cuando utilizo acero para construir mi casa<\/a><\/div>\t\t\t\t\t<div class=\"upl-excerpt bm_content\"> Cosas que debemos evitar cuando utilizo acero para construir mi casa Hoy&hellip; <\/div>\n\t\t\t\t\t\t\t\t\t<div class=\"upl-cat-date bm_meta\">Roque Luis | February 9, 2021 \t\t\t\t\t<\/div>\n\t\t\t\t\t\t\t<\/div>\n\t\t\t\t\t<div class=\"upl-second bm_content_box\">\n\t\t\t\t<div class=\"bm-post-image clearfix bm-hover-effect bm-hover-effect-opacity\">\n\t\t\t\t\t<div class=\"upl-image\" style=\"background-image: url('https:\/\/grimosa.com.mx\/wp-content\/uploads\/2021\/04\/LO-QUE-DEBEMOS-DE-SABER-SOBRE-EL-COMPORTAMIENTO-DEL-ACERO-A-ALTAS-TEMPERATURAS.png')\"><\/div>\n\t\t\t\t<\/div>\n\t\t\t\t<div class=\"upl-author\">\n\t\t\t\t\t<img decoding=\"async\" src=\"https:\/\/secure.gravatar.com\/avatar\/f2d38fb3c4ced6353b3a01af2f46b9bd?s=96&amp;d=wp_user_avatar&amp;r=g\" alt=\"\" title=\"\">\n\t\t\t\t<\/div>\n\t\t\t\t<div class=\"upl-title bm_title\"><a href=\"https:\/\/grimosa.com.mx\/en\/comportamiento-del-acero-a-altas-temperaturas\/\" rel=\"bookmark\">Lo que debemos de saber sobre el comportamiento del acero a altas temperaturas<\/a><\/div>\t\t\t\t\t<div class=\"upl-excerpt bm_content\"> Lo que debemos de saber sobre el comportamiento del acero a altas&hellip; <\/div>\n\t\t\t\t\t\t\t\t\t<div class=\"upl-cat-date bm_meta\">Alehli | February 8, 2021 \t\t\t\t\t<\/div>\n\t\t\t\t\t\t\t<\/div>\n\t\t\t<\/div>\n\t\t\t<div class=\"bm-pagination pagination_style_2\">\n\t\t\t\t<span aria-current=\"page\" class=\"page-numbers current\">1<\/span>\n<a class=\"page-numbers\" href=\"https:\/\/grimosa.com.mx\/en\/wp-json\/wp\/v2\/pages\/89\/page\/2\/\">2<\/a>\n<a class=\"next page-numbers\" href=\"https:\/\/grimosa.com.mx\/en\/wp-json\/wp\/v2\/pages\/89\/page\/2\/\">  <i><\/i><\/a>\t\t\t<\/div>\n\t\t\t\t<\/div>\n\t\t\t\t<\/div>\n\t\t\t\t\t\t<\/div>\n\t\t\t\t\t<\/div>\n\t\t<\/div>\n\t\t\t\t\t\t\t\t<\/div>\n\t\t\t\t\t<\/div>\n\t\t<\/section>\n\t\t\t\t\t\t\t\t\t<\/div>\n\t\t\t<\/div>\n\t\t\t\t\t<\/div>","protected":false},"excerpt":{"rendered":"<p>Blog Grimosa Te damos la bienvenida a nuestro blog, en el cual podr\u00e1s encontrar informaci\u00f3n de valor referente a estructuras met\u00e1licas, herrer\u00edas y entre otros temas de relevancia. \u00bfConstrucciones met\u00e1licas o de concreto? El mundo de la construcci\u00f3n es tan diverso que tenemos la posibilidad de elegir diferentes materiales, formas de construcci\u00f3n entre otras cosas. &hellip;<\/p>\n<p class=\"read-more\"> <a class=\"\" href=\"https:\/\/grimosa.com.mx\/en\/blog\/\"> <span class=\"screen-reader-text\">Blog<\/span> Read More \u00bb<\/a><\/p>","protected":false},"author":1,"featured_media":6990,"parent":0,"menu_order":0,"comment_status":"closed","ping_status":"closed","template":"elementor_header_footer","meta":{"site-sidebar-layout":"default","site-content-layout":"default","ast-main-header-display":"","ast-hfb-above-header-display":"","ast-hfb-below-header-display":"","ast-hfb-mobile-header-display":"","site-post-title":"","ast-breadcrumbs-content":"","ast-featured-img":"","footer-sml-layout":"","theme-transparent-header-meta":"","adv-header-id-meta":"","stick-header-meta":"","header-above-stick-meta":"","header-main-stick-meta":"","header-below-stick-meta":"","footnotes":"","_joinchat":[]},"_links":{"self":[{"href":"https:\/\/grimosa.com.mx\/en\/wp-json\/wp\/v2\/pages\/89"}],"collection":[{"href":"https:\/\/grimosa.com.mx\/en\/wp-json\/wp\/v2\/pages"}],"about":[{"href":"https:\/\/grimosa.com.mx\/en\/wp-json\/wp\/v2\/types\/page"}],"author":[{"embeddable":true,"href":"https:\/\/grimosa.com.mx\/en\/wp-json\/wp\/v2\/users\/1"}],"replies":[{"embeddable":true,"href":"https:\/\/grimosa.com.mx\/en\/wp-json\/wp\/v2\/comments?post=89"}],"version-history":[{"count":0,"href":"https:\/\/grimosa.com.mx\/en\/wp-json\/wp\/v2\/pages\/89\/revisions"}],"wp:featuredmedia":[{"embeddable":true,"href":"https:\/\/grimosa.com.mx\/en\/wp-json\/wp\/v2\/media\/6990"}],"wp:attachment":[{"href":"https:\/\/grimosa.com.mx\/en\/wp-json\/wp\/v2\/media?parent=89"}],"curies":[{"name":"wp","href":"https:\/\/api.w.org\/{rel}","templated":true}]}}