{"id":91,"date":"2019-09-10T00:38:27","date_gmt":"2019-09-09T22:38:27","guid":{"rendered":"http:\/\/grimosa.com.mx\/?page_id=91"},"modified":"2022-01-26T12:40:03","modified_gmt":"2022-01-26T18:40:03","slug":"nosotros","status":"publish","type":"page","link":"https:\/\/grimosa.com.mx\/en\/nosotros\/","title":{"rendered":"Identity"},"content":{"rendered":"<div data-elementor-type=\"wp-post\" data-elementor-id=\"91\" class=\"elementor elementor-91\">\n\t\t\t\t\t\t<div class=\"elementor-inner\">\n\t\t\t\t<div class=\"elementor-section-wrap\">\n\t\t\t\t\t\t\t\t\t<section class=\"elementor-section elementor-top-section elementor-element elementor-element-d56bd87 elementor-section-boxed elementor-section-height-default elementor-section-height-default\" data-id=\"d56bd87\" data-element_type=\"section\" data-settings=\"{&quot;background_background&quot;:&quot;classic&quot;}\">\n\t\t\t\t\t\t\t<div class=\"elementor-background-overlay\"><\/div>\n\t\t\t\t\t\t\t<div class=\"elementor-container elementor-column-gap-default\">\n\t\t\t\t\t\t\t<div class=\"elementor-row\">\n\t\t\t\t\t<div class=\"elementor-column elementor-col-33 elementor-top-column elementor-element elementor-element-6912aba\" data-id=\"6912aba\" data-element_type=\"column\">\n\t\t\t<div class=\"elementor-column-wrap\">\n\t\t\t\t\t\t\t<div class=\"elementor-widget-wrap\">\n\t\t\t\t\t\t\t\t<\/div>\n\t\t\t\t\t<\/div>\n\t\t<\/div>\n\t\t\t\t<div class=\"elementor-column elementor-col-33 elementor-top-column elementor-element elementor-element-326eaa9\" data-id=\"326eaa9\" data-element_type=\"column\">\n\t\t\t<div class=\"elementor-column-wrap elementor-element-populated\">\n\t\t\t\t\t\t\t<div class=\"elementor-widget-wrap\">\n\t\t\t\t\t\t<div class=\"elementor-element elementor-element-daf40fa elementor-widget elementor-widget-heading\" data-id=\"daf40fa\" data-element_type=\"widget\" data-widget_type=\"heading.default\">\n\t\t\t\t<div class=\"elementor-widget-container\">\n\t\t\t<h2 class=\"elementor-heading-title elementor-size-xxl\">IDENTITY<\/h2>\t\t<\/div>\n\t\t\t\t<\/div>\n\t\t\t\t<div class=\"elementor-element elementor-element-a5524e8 elementor-widget elementor-widget-text-editor\" data-id=\"a5524e8\" data-element_type=\"widget\" data-widget_type=\"text-editor.default\">\n\t\t\t\t<div class=\"elementor-widget-container\">\n\t\t\t\t\t\t\t\t<div class=\"elementor-text-editor elementor-clearfix\">\n\t\t\t\t<p>We are a company of professionals, dedicated to the design, manufacture and assembly of all types of metal structures; We also specialize in state-of-the-art waterproofing and thermal insulation systems.<\/p>\t\t\t\t\t<\/div>\n\t\t\t\t\t\t<\/div>\n\t\t\t\t<\/div>\n\t\t\t\t<div class=\"elementor-element elementor-element-4fcd126 elementor-align-right elementor-widget elementor-widget-button\" data-id=\"4fcd126\" data-element_type=\"widget\" data-widget_type=\"button.default\">\n\t\t\t\t<div class=\"elementor-widget-container\">\n\t\t\t\t\t<div class=\"elementor-button-wrapper\">\n\t\t\t<a href=\"http:\/\/grimosa.com.mx\/en\/contacto\/\" class=\"elementor-button-link elementor-button elementor-size-md\" role=\"button\">\n\t\t\t\t\t\t<span class=\"elementor-button-content-wrapper\">\n\t\t\t\t\t\t\t<span class=\"elementor-button-icon elementor-align-icon-right\">\n\t\t\t\t<i aria-hidden=\"true\" class=\"fas fa-arrow-right\"><\/i>\t\t\t<\/span>\n\t\t\t\t\t\t<span class=\"elementor-button-text\">CONTACT US<\/span>\n\t\t<\/span>\n\t\t\t\t\t<\/a>\n\t\t<\/div>\n\t\t\t\t<\/div>\n\t\t\t\t<\/div>\n\t\t\t\t\t\t<\/div>\n\t\t\t\t\t<\/div>\n\t\t<\/div>\n\t\t\t\t<div class=\"elementor-column elementor-col-33 elementor-top-column elementor-element elementor-element-12e5035\" data-id=\"12e5035\" data-element_type=\"column\">\n\t\t\t<div class=\"elementor-column-wrap\">\n\t\t\t\t\t\t\t<div class=\"elementor-widget-wrap\">\n\t\t\t\t\t\t\t\t<\/div>\n\t\t\t\t\t<\/div>\n\t\t<\/div>\n\t\t\t\t\t\t\t\t<\/div>\n\t\t\t\t\t<\/div>\n\t\t<\/section>\n\t\t\t\t<section class=\"elementor-section elementor-top-section elementor-element elementor-element-fbd801d elementor-section-boxed elementor-section-height-default elementor-section-height-default\" data-id=\"fbd801d\" data-element_type=\"section\">\n\t\t\t\t\t\t<div class=\"elementor-container elementor-column-gap-default\">\n\t\t\t\t\t\t\t<div class=\"elementor-row\">\n\t\t\t\t\t<div class=\"elementor-column elementor-col-100 elementor-top-column elementor-element elementor-element-e235536\" data-id=\"e235536\" data-element_type=\"column\">\n\t\t\t<div class=\"elementor-column-wrap elementor-element-populated\">\n\t\t\t\t\t\t\t<div class=\"elementor-widget-wrap\">\n\t\t\t\t\t\t<div class=\"elementor-element elementor-element-ab62da8 elementor-widget-divider--separator-type-pattern elementor-widget-divider--view-line elementor-widget elementor-widget-divider\" data-id=\"ab62da8\" data-element_type=\"widget\" data-widget_type=\"divider.default\">\n\t\t\t\t<div class=\"elementor-widget-container\">\n\t\t\t\t\t<div class=\"elementor-divider\" style=\"--divider-pattern-url: url(&quot;data:image\/svg+xml,%3Csvg xmlns=&#039;http:\/\/www.w3.org\/2000\/svg&#039; preserveAspectRatio=&#039;none&#039; overflow=&#039;visible&#039; height=&#039;100%&#039; viewBox=&#039;0 0 24 24&#039; fill=&#039;none&#039; stroke=&#039;black&#039; stroke-width=&#039;1&#039; stroke-linecap=&#039;square&#039; stroke-miterlimit=&#039;10&#039;%3E%3Cpath d=&#039;M0,6c6,0,6,13,12,13S18,6,24,6&#039;\/%3E%3C\/svg%3E&quot;);\">\n\t\t\t<span class=\"elementor-divider-separator\">\n\t\t\t\t\t\t<\/span>\n\t\t<\/div>\n\t\t\t\t<\/div>\n\t\t\t\t<\/div>\n\t\t\t\t\t\t<\/div>\n\t\t\t\t\t<\/div>\n\t\t<\/div>\n\t\t\t\t\t\t\t\t<\/div>\n\t\t\t\t\t<\/div>\n\t\t<\/section>\n\t\t\t\t<section class=\"elementor-section elementor-top-section elementor-element elementor-element-00292b1 elementor-section-boxed elementor-section-height-default elementor-section-height-default\" data-id=\"00292b1\" data-element_type=\"section\">\n\t\t\t\t\t\t<div class=\"elementor-container elementor-column-gap-default\">\n\t\t\t\t\t\t\t<div class=\"elementor-row\">\n\t\t\t\t\t<div class=\"elementor-column elementor-col-100 elementor-top-column elementor-element elementor-element-c5f1e08\" data-id=\"c5f1e08\" data-element_type=\"column\">\n\t\t\t<div class=\"elementor-column-wrap elementor-element-populated\">\n\t\t\t\t\t\t\t<div class=\"elementor-widget-wrap\">\n\t\t\t\t\t\t<div class=\"elementor-element elementor-element-6619251 elementor-widget elementor-widget-heading\" data-id=\"6619251\" data-element_type=\"widget\" data-widget_type=\"heading.default\">\n\t\t\t\t<div class=\"elementor-widget-container\">\n\t\t\t<h2 class=\"elementor-heading-title elementor-size-default\">ABOUT US?<\/h2>\t\t<\/div>\n\t\t\t\t<\/div>\n\t\t\t\t<div class=\"elementor-element elementor-element-ad5b770 e-transform elementor-widget elementor-widget-text-editor\" data-id=\"ad5b770\" data-element_type=\"widget\" data-settings=\"{&quot;_transform_scale_effect&quot;:{&quot;unit&quot;:&quot;px&quot;,&quot;size&quot;:1,&quot;sizes&quot;:[]},&quot;_transform_scale_effect_tablet&quot;:{&quot;unit&quot;:&quot;px&quot;,&quot;size&quot;:&quot;&quot;,&quot;sizes&quot;:[]},&quot;_transform_scale_effect_mobile&quot;:{&quot;unit&quot;:&quot;px&quot;,&quot;size&quot;:&quot;&quot;,&quot;sizes&quot;:[]}}\" data-widget_type=\"text-editor.default\">\n\t\t\t\t<div class=\"elementor-widget-container\">\n\t\t\t\t\t\t\t\t<div class=\"elementor-text-editor elementor-clearfix\">\n\t\t\t\t<p><span style=\"color: #000000; font-size: 17px; font-style: normal; font-weight: 400; font-family: var( --e-global-typography-text-font-family ), Sans-serif;\">We are experts in design and calculation, as well as manufacturing and assembly of all types of metal structures.<\/span><\/p><p><span style=\"font-size: 17px; font-style: normal; font-weight: 400;\">Supply and installation of covers for industrial and commercial roofs (roofing).<\/span><\/p><p><span style=\"font-size: 17px; font-style: normal; font-weight: 400;\">Structural sheet, kr18 sheet, galvanized sheet.<\/span><\/p><p>Supply and installation of waterproofing and thermal insulation systems (TPO and PVC).<\/p><p>Supply and installation of multi-panel type facade walls.<\/p><p>We invite you to tell us about your needs and we will gladly recommend a specific solution for your problem.<\/p>\t\t\t\t\t<\/div>\n\t\t\t\t\t\t<\/div>\n\t\t\t\t<\/div>\n\t\t\t\t\t\t<\/div>\n\t\t\t\t\t<\/div>\n\t\t<\/div>\n\t\t\t\t\t\t\t\t<\/div>\n\t\t\t\t\t<\/div>\n\t\t<\/section>\n\t\t\t\t<section class=\"elementor-section elementor-top-section elementor-element elementor-element-f531346 elementor-section-boxed elementor-section-height-default elementor-section-height-default\" data-id=\"f531346\" data-element_type=\"section\">\n\t\t\t\t\t\t<div class=\"elementor-container elementor-column-gap-default\">\n\t\t\t\t\t\t\t<div class=\"elementor-row\">\n\t\t\t\t\t<div class=\"elementor-column elementor-col-100 elementor-top-column elementor-element elementor-element-36d9275\" data-id=\"36d9275\" data-element_type=\"column\">\n\t\t\t<div class=\"elementor-column-wrap elementor-element-populated\">\n\t\t\t\t\t\t\t<div class=\"elementor-widget-wrap\">\n\t\t\t\t\t\t<div class=\"elementor-element elementor-element-e53b744 elementor-widget-divider--separator-type-pattern elementor-widget-divider--view-line elementor-widget elementor-widget-divider\" data-id=\"e53b744\" data-element_type=\"widget\" data-widget_type=\"divider.default\">\n\t\t\t\t<div class=\"elementor-widget-container\">\n\t\t\t\t\t<div class=\"elementor-divider\" style=\"--divider-pattern-url: url(&quot;data:image\/svg+xml,%3Csvg xmlns=&#039;http:\/\/www.w3.org\/2000\/svg&#039; preserveAspectRatio=&#039;none&#039; overflow=&#039;visible&#039; height=&#039;100%&#039; viewBox=&#039;0 0 24 24&#039; fill=&#039;none&#039; stroke=&#039;black&#039; stroke-width=&#039;1&#039; stroke-linecap=&#039;square&#039; stroke-miterlimit=&#039;10&#039;%3E%3Cpath d=&#039;M0,6c6,0,6,13,12,13S18,6,24,6&#039;\/%3E%3C\/svg%3E&quot;);\">\n\t\t\t<span class=\"elementor-divider-separator\">\n\t\t\t\t\t\t<\/span>\n\t\t<\/div>\n\t\t\t\t<\/div>\n\t\t\t\t<\/div>\n\t\t\t\t\t\t<\/div>\n\t\t\t\t\t<\/div>\n\t\t<\/div>\n\t\t\t\t\t\t\t\t<\/div>\n\t\t\t\t\t<\/div>\n\t\t<\/section>\n\t\t\t\t<section class=\"elementor-section elementor-top-section elementor-element elementor-element-d0cd919 elementor-section-boxed elementor-section-height-default elementor-section-height-default\" data-id=\"d0cd919\" data-element_type=\"section\">\n\t\t\t\t\t\t<div class=\"elementor-container elementor-column-gap-default\">\n\t\t\t\t\t\t\t<div class=\"elementor-row\">\n\t\t\t\t\t<div class=\"elementor-column elementor-col-33 elementor-top-column elementor-element elementor-element-e66ab9a\" data-id=\"e66ab9a\" data-element_type=\"column\">\n\t\t\t<div class=\"elementor-column-wrap elementor-element-populated\">\n\t\t\t\t\t\t\t<div class=\"elementor-widget-wrap\">\n\t\t\t\t\t\t<div class=\"elementor-element elementor-element-40139bb elementor-widget elementor-widget-heading\" data-id=\"40139bb\" data-element_type=\"widget\" data-widget_type=\"heading.default\">\n\t\t\t\t<div class=\"elementor-widget-container\">\n\t\t\t<h2 class=\"elementor-heading-title elementor-size-default\">MISSION<\/h2>\t\t<\/div>\n\t\t\t\t<\/div>\n\t\t\t\t<div class=\"elementor-element elementor-element-09fe086 elementor-view-default elementor-widget elementor-widget-icon\" data-id=\"09fe086\" data-element_type=\"widget\" data-widget_type=\"icon.default\">\n\t\t\t\t<div class=\"elementor-widget-container\">\n\t\t\t\t\t<div class=\"elementor-icon-wrapper\">\n\t\t\t<div class=\"elementor-icon\">\n\t\t\t<svg xmlns=\"http:\/\/www.w3.org\/2000\/svg\" viewbox=\"0 0 512 512\" width=\"512\" height=\"512\"><g id=\"Out_line\" data-name=\"Out line\"><path d=\"M296,195.31445l30.34277,30.34278a25.0004,25.0004,0,0,0,35.31446,0l84-84a8.00122,8.00122,0,0,0,0-11.31446l-112-112a8.003,8.003,0,0,0-11.31446,0L264,76.68555,233.65723,46.34277a25.00276,25.00276,0,0,0-35.31446,0L120,124.68555l-18.34277-18.34278a8.003,8.003,0,0,0-11.31446,0l-24,24a8.00122,8.00122,0,0,0,0,11.31446L220.68555,296l-10.34278,10.34277A8.00235,8.00235,0,0,0,208,312v44.68652l-7.99976,7.99927-2.343-2.343a8.003,8.003,0,0,0-11.31446,0l-120,120,11.31446,11.31446L192,379.31348,268.68652,456l-26.34375,26.34277,11.31446,11.31446,32-32a8.00122,8.00122,0,0,0,0-11.31446L275.31445,440,320,395.31445l74.34277,74.34278a8.00181,8.00181,0,0,0,11.31446,0l24-24a8.00122,8.00122,0,0,0,0-11.31446L355.31445,360l10.34278-10.34277a8.00122,8.00122,0,0,0,0-11.31446l-64-64a8.003,8.003,0,0,0-11.31446,0l-.70117.70118a41.62174,41.62174,0,0,0-11.98437-24.70118,8.003,8.003,0,0,0-11.31446,0L256,260.68555,243.31445,248Zm38.34277-12.97168-8,8a24.835,24.835,0,0,0-5.15942,7.52613L307.31445,184l14.34278-14.34277a8.97,8.97,0,0,1,12.68554,12.68554ZM328,35.31348,428.68652,136l-78.34375,78.34277a8.97,8.97,0,0,1-12.68554-12.68554l8-8a24.97439,24.97439,0,0,0,0-35.31446L275.31445,88ZM209.65723,57.65723a8.979,8.979,0,0,1,12.68554,0l95.52149,95.5205a24.86107,24.86107,0,0,0-7.52149,5.165L208,260.68555,107.314,160.00049ZM96,123.31348,108.68555,136l-12.686,12.686L83.31348,136ZM412.68652,440,400,452.68652,331.31445,384,344,371.31445ZM296,291.31348,348.68652,344,320,372.68652,267.31348,320l10.34326-10.34326.00049.00049.01953-.02051Zm-24.88477-23.11524a25.981,25.981,0,0,1-4.77246,30.14453l-16,16a8.00122,8.00122,0,0,0,0,11.31446,37.29483,37.29483,0,0,1,0,52.68554l11.31446,11.31446a53.07235,53.07235,0,0,0,15.56006-37.12549L308.68555,384,264,428.68555,211.31445,376l10.34278-10.34277A8.00235,8.00235,0,0,0,224,360V315.31348ZM244.68555,272,232,284.68555,219.31445,272,232,259.31445Z\"><\/path><\/g><\/svg>\t\t\t<\/div>\n\t\t<\/div>\n\t\t\t\t<\/div>\n\t\t\t\t<\/div>\n\t\t\t\t<div class=\"elementor-element elementor-element-52147b0 elementor-widget elementor-widget-text-editor\" data-id=\"52147b0\" data-element_type=\"widget\" data-widget_type=\"text-editor.default\">\n\t\t\t\t<div class=\"elementor-widget-container\">\n\t\t\t\t\t\t\t\t<div class=\"elementor-text-editor elementor-clearfix\">\n\t\t\t\t<p style=\"text-align: justify;\">Satisfy the constructive needs of our clients through professional, clear and timely advice; in addition to providing a service of excellence and quality.<\/p>\t\t\t\t\t<\/div>\n\t\t\t\t\t\t<\/div>\n\t\t\t\t<\/div>\n\t\t\t\t\t\t<\/div>\n\t\t\t\t\t<\/div>\n\t\t<\/div>\n\t\t\t\t<div class=\"elementor-column elementor-col-33 elementor-top-column elementor-element elementor-element-d1bfddc\" data-id=\"d1bfddc\" data-element_type=\"column\">\n\t\t\t<div class=\"elementor-column-wrap elementor-element-populated\">\n\t\t\t\t\t\t\t<div class=\"elementor-widget-wrap\">\n\t\t\t\t\t\t<div class=\"elementor-element elementor-element-246af25 elementor-widget elementor-widget-heading\" data-id=\"246af25\" data-element_type=\"widget\" data-widget_type=\"heading.default\">\n\t\t\t\t<div class=\"elementor-widget-container\">\n\t\t\t<h2 class=\"elementor-heading-title elementor-size-default\">VISION<\/h2>\t\t<\/div>\n\t\t\t\t<\/div>\n\t\t\t\t<div class=\"elementor-element elementor-element-5991935 elementor-view-default elementor-widget elementor-widget-icon\" data-id=\"5991935\" data-element_type=\"widget\" data-widget_type=\"icon.default\">\n\t\t\t\t<div class=\"elementor-widget-container\">\n\t\t\t\t\t<div class=\"elementor-icon-wrapper\">\n\t\t\t<div class=\"elementor-icon\">\n\t\t\t<svg xmlns=\"http:\/\/www.w3.org\/2000\/svg\" height=\"512\" viewbox=\"0 0 512 512\" width=\"512\"><g id=\"Out_line\" data-name=\"Out line\"><path d=\"m280 154.79v16.5498a88.316 88.316 0 0 1 60.65991 60.6602h16.55009a104.37971 104.37971 0 0 0 -77.21-77.21zm-125.21 77.21h16.55005a88.316 88.316 0 0 1 60.65995-60.66016v-16.54984a104.37971 104.37971 0 0 0 -77.21 77.21zm185.86987 48a88.31524 88.31524 0 0 1 -60.65987 60.65991v16.55009a104.37971 104.37971 0 0 0 77.21-77.21zm-169.31982 0h-16.55005a104.37971 104.37971 0 0 0 77.21 77.21v-16.55a88.31524 88.31524 0 0 1 -60.65991-60.66z\"><\/path><path d=\"m248 144h16v32h-16z\"><\/path><path d=\"m336 248h32v16h-32z\"><\/path><path d=\"m248 336h16v32h-16z\"><\/path><path d=\"m144 248h32v16h-32z\"><\/path><path d=\"m493.65991 250.33984-54.51977-54.50976a258.9969 258.9969 0 0 0 -366.28028 0l-54.51977 54.50976a8.01508 8.01508 0 0 0 0 11.32007l54.51977 54.51a258.9969 258.9969 0 0 0 366.28028 0l54.51977-54.51a8.01508 8.01508 0 0 0 0-11.32007zm-409.49 54.52-48.85985-48.85984 48.85986-48.85986a242.23211 242.23211 0 0 1 83.97022-54.87014 135.82617 135.82617 0 0 0 0 207.46 242.23211 242.23211 0 0 1 -83.97022-54.87014zm171.83009 71.14016a120 120 0 1 1 120-120 120.13373 120.13373 0 0 1 -120 120zm171.83008-71.14014a242.23211 242.23211 0 0 1 -83.97022 54.87014 135.82617 135.82617 0 0 0 0-207.46 242.23211 242.23211 0 0 1 83.97022 54.87012l48.85986 48.85988z\"><\/path><path d=\"m304 208h-32a7.9979 7.9979 0 0 0 -8 8v16h-24a7.9979 7.9979 0 0 0 -8 8v16h-24a7.9979 7.9979 0 0 0 -8 8v32a7.9979 7.9979 0 0 0 8 8h96a7.9979 7.9979 0 0 0 8-8v-80a7.9979 7.9979 0 0 0 -8-8zm-88 64h16v16h-16zm48 16h-16v-40h16zm32 0h-16v-64h16z\"><\/path><\/g><\/svg>\t\t\t<\/div>\n\t\t<\/div>\n\t\t\t\t<\/div>\n\t\t\t\t<\/div>\n\t\t\t\t<div class=\"elementor-element elementor-element-95aaa81 elementor-widget elementor-widget-text-editor\" data-id=\"95aaa81\" data-element_type=\"widget\" data-widget_type=\"text-editor.default\">\n\t\t\t\t<div class=\"elementor-widget-container\">\n\t\t\t\t\t\t\t\t<div class=\"elementor-text-editor elementor-clearfix\">\n\t\t\t\t<p style=\"text-align: justify;\">To be the best team that develops constructive solutions in steel.<\/p>\t\t\t\t\t<\/div>\n\t\t\t\t\t\t<\/div>\n\t\t\t\t<\/div>\n\t\t\t\t\t\t<\/div>\n\t\t\t\t\t<\/div>\n\t\t<\/div>\n\t\t\t\t<div class=\"elementor-column elementor-col-33 elementor-top-column elementor-element elementor-element-4ec1e6f\" data-id=\"4ec1e6f\" data-element_type=\"column\">\n\t\t\t<div class=\"elementor-column-wrap elementor-element-populated\">\n\t\t\t\t\t\t\t<div class=\"elementor-widget-wrap\">\n\t\t\t\t\t\t<div class=\"elementor-element elementor-element-caea955 elementor-widget elementor-widget-heading\" data-id=\"caea955\" data-element_type=\"widget\" data-widget_type=\"heading.default\">\n\t\t\t\t<div class=\"elementor-widget-container\">\n\t\t\t<h2 class=\"elementor-heading-title elementor-size-default\">VALUES<\/h2>\t\t<\/div>\n\t\t\t\t<\/div>\n\t\t\t\t<div class=\"elementor-element elementor-element-b554faf elementor-view-default elementor-widget elementor-widget-icon\" data-id=\"b554faf\" data-element_type=\"widget\" data-widget_type=\"icon.default\">\n\t\t\t\t<div class=\"elementor-widget-container\">\n\t\t\t\t\t<div class=\"elementor-icon-wrapper\">\n\t\t\t<div class=\"elementor-icon\">\n\t\t\t<svg xmlns=\"http:\/\/www.w3.org\/2000\/svg\" id=\"Layer_1\" data-name=\"Layer 1\" viewbox=\"0 0 512 512\" width=\"512\" height=\"512\"><title>value customers users viewer<\/title><path d=\"M435.1,298.2l-2.372,1.28c-9.582-11.628-26.183-16.134-38.831-9.724-.045.022-.09.046-.134.069l-5.6,3.015a42.527,42.527,0,0,0-48.7-4.4l-30.155,16.4H269.182a57.961,57.961,0,0,1-25.09-5.749l-5.52-2.67a94.693,94.693,0,0,0-98.552,9.625c-.131.1-.259.2-.381.313l-13.327,11.864a46.226,46.226,0,0,1-17.443,9.723L101.3,303.1a6,6,0,0,0-5.739-4.25H31.108a6,6,0,0,0-5.956,6.726l21.484,176.16a6,6,0,0,0,5.956,5.274h96.674a6,6,0,0,0,5.739-7.75l-12.7-41.674,39.554-25a23.8,23.8,0,0,1,17.365-2.247c.124.031.249.059.375.081l80.459,14.816a104.117,104.117,0,0,0,64.337-9.084,5.918,5.918,0,0,0,.734-.43l139.164-95.552a6,6,0,0,0,1.744-8.041A38.2,38.2,0,0,0,435.1,298.2Zm-35.717,2.228c7.315-3.663,16.524-.66,22.406,4.953l-52.772,28.47-3.1,1.633a45.752,45.752,0,0,0-7.228-13.131Zm-54.113-1.485c.047-.027.1-.053.142-.081a30.516,30.516,0,0,1,31.037.292L349.618,313.6a45.592,45.592,0,0,0-17.138-7.713ZM57.9,475.01,37.885,310.85H91.114l50.05,164.16Zm280.784-69.431a92.038,92.038,0,0,1-56.479,7.848l-80.261-14.78a35.777,35.777,0,0,0-26.085,3.535c-.093.051-.186.107-.277.165l-36.915,23.337-26.3-86.251a58.265,58.265,0,0,0,21.917-12.257l13.139-11.7a82.736,82.736,0,0,1,85.918-8.265l5.519,2.67a70.036,70.036,0,0,0,30.315,6.946h53.525a33.851,33.851,0,0,1,33.2,27.49l-38.795-1.755a232.313,232.313,0,0,0-42.22,1.951,6,6,0,0,0,1.646,11.886,219.979,219.979,0,0,1,40.031-1.848l45.656,2.065c.091,0,.182.006.272.006a6,6,0,0,0,6-6c0-.971-.041-1.933-.1-2.89l6.261-3.3L440.8,308.756a26.214,26.214,0,0,1,31.544,5.056Z\"><\/path><path d=\"M76.974,450.188a18.89,18.89,0,1,0,18.89-18.89A18.911,18.911,0,0,0,76.974,450.188Zm18.89-6.89a6.89,6.89,0,1,1-6.89,6.89A6.9,6.9,0,0,1,95.864,443.3Z\"><\/path><path d=\"M301.622,90.305V70.533a45.544,45.544,0,0,0-91.087,0V90.305a45.544,45.544,0,0,0,91.087,0Zm-79.087,0V70.533a33.544,33.544,0,0,1,67.087,0V90.305a33.544,33.544,0,0,1-67.087,0Z\"><\/path><path d=\"M182.668,259.425H329.49a6,6,0,0,0,6-6V239.653H436a6,6,0,0,0,6-6V194.709a44.973,44.973,0,0,0-42.108-44.856c-3.2-.235-4.845,1.791-6.179,3.418a27.535,27.535,0,0,1-43.442-1.061,6,6,0,0,0-4.975-2.433,44.48,44.48,0,0,0-22.071,6.439,50.437,50.437,0,0,0-35.2-17.459c-3.1-.126-4.668,1.756-6.187,3.6a32.308,32.308,0,0,1-50.977-1.245,5.982,5.982,0,0,0-4.975-2.432,50.215,50.215,0,0,0-34.845,15.2c-.758.775-1.477,1.578-2.178,2.393a44.612,44.612,0,0,0-20.457-6.422c-3.189-.235-4.846,1.791-6.179,3.418a27.534,27.534,0,0,1-43.441-1.061,6.015,6.015,0,0,0-4.975-2.433A44.955,44.955,0,0,0,70,194.709v38.944a6,6,0,0,0,6,6H176.668v13.772A6,6,0,0,0,182.668,259.425Zm160.066-97.458a39.541,39.541,0,0,0,59.2.155A32.987,32.987,0,0,1,430,194.709v32.944H335.49V189.162a50.2,50.2,0,0,0-5.545-22.974A32.433,32.433,0,0,1,342.734,161.967ZM223.3,150.862a44.315,44.315,0,0,0,66.934.159,38.54,38.54,0,0,1,33.26,38.141v58.263H188.668V189.162A38.763,38.763,0,0,1,223.3,150.862ZM82,227.653V194.709a33.179,33.179,0,0,1,29.254-32.738,39.538,39.538,0,0,0,59.191.151,32.735,32.735,0,0,1,11.71,4.132,50.271,50.271,0,0,0-5.487,22.908v38.491Z\"><\/path><path d=\"M412.354,108.179V90.872a40.612,40.612,0,1,0-81.224,0v17.307a40.612,40.612,0,1,0,81.224,0Zm-69.224,0V90.872a28.612,28.612,0,1,1,57.224,0v17.307a28.612,28.612,0,1,1-57.224,0Z\"><\/path><path d=\"M180.87,108.179V90.872a40.612,40.612,0,1,0-81.224,0v17.307a40.612,40.612,0,1,0,81.224,0Zm-69.224,0V90.872a28.612,28.612,0,1,1,57.224,0v17.307a28.612,28.612,0,1,1-57.224,0Z\"><\/path><\/svg>\t\t\t<\/div>\n\t\t<\/div>\n\t\t\t\t<\/div>\n\t\t\t\t<\/div>\n\t\t\t\t<div class=\"elementor-element elementor-element-1ed6688 elementor-widget elementor-widget-text-editor\" data-id=\"1ed6688\" data-element_type=\"widget\" data-widget_type=\"text-editor.default\">\n\t\t\t\t<div class=\"elementor-widget-container\">\n\t\t\t\t\t\t\t\t<div class=\"elementor-text-editor elementor-clearfix\">\n\t\t\t\t<p>Our values \u200b\u200bare based on honesty, discipline, resilience, creativity, teamwork and continuous improvement.<\/p>\t\t\t\t\t<\/div>\n\t\t\t\t\t\t<\/div>\n\t\t\t\t<\/div>\n\t\t\t\t\t\t<\/div>\n\t\t\t\t\t<\/div>\n\t\t<\/div>\n\t\t\t\t\t\t\t\t<\/div>\n\t\t\t\t\t<\/div>\n\t\t<\/section>\n\t\t\t\t\t\t\t\t\t<\/div>\n\t\t\t<\/div>\n\t\t\t\t\t<\/div>","protected":false},"excerpt":{"rendered":"<p>NOSOTROS Somos una empresa de profesionales, dedicada al dise\u00f1o, fabricaci\u00f3n y montaje de todo tipo de estructura met\u00e1lica; adem\u00e1s nos especializamos en sistemas de impermeabilizaci\u00f3n y aislamiento t\u00e9rmico de \u00faltima generaci\u00f3n. CONT\u00c1CTANOS \u00bfQUI\u00c9NES SOMOS? Somos expertos en dise\u00f1o y c\u00e1lculo, as\u00ed como fabricaci\u00f3n y montaje de todo tipo de estructura met\u00e1lica. Suministro e instalaci\u00f3n de &hellip;<\/p>\n<p class=\"read-more\"> <a class=\"\" href=\"https:\/\/grimosa.com.mx\/en\/nosotros\/\"> <span class=\"screen-reader-text\">Identity<\/span> Read More \u00bb<\/a><\/p>","protected":false},"author":1,"featured_media":0,"parent":0,"menu_order":0,"comment_status":"closed","ping_status":"closed","template":"elementor_header_footer","meta":{"site-sidebar-layout":"default","site-content-layout":"default","ast-main-header-display":"","ast-hfb-above-header-display":"","ast-hfb-below-header-display":"","ast-hfb-mobile-header-display":"","site-post-title":"","ast-breadcrumbs-content":"","ast-featured-img":"","footer-sml-layout":"","theme-transparent-header-meta":"","adv-header-id-meta":"","stick-header-meta":"","header-above-stick-meta":"","header-main-stick-meta":"","header-below-stick-meta":"","footnotes":"","_joinchat":[]},"_links":{"self":[{"href":"https:\/\/grimosa.com.mx\/en\/wp-json\/wp\/v2\/pages\/91"}],"collection":[{"href":"https:\/\/grimosa.com.mx\/en\/wp-json\/wp\/v2\/pages"}],"about":[{"href":"https:\/\/grimosa.com.mx\/en\/wp-json\/wp\/v2\/types\/page"}],"author":[{"embeddable":true,"href":"https:\/\/grimosa.com.mx\/en\/wp-json\/wp\/v2\/users\/1"}],"replies":[{"embeddable":true,"href":"https:\/\/grimosa.com.mx\/en\/wp-json\/wp\/v2\/comments?post=91"}],"version-history":[{"count":0,"href":"https:\/\/grimosa.com.mx\/en\/wp-json\/wp\/v2\/pages\/91\/revisions"}],"wp:attachment":[{"href":"https:\/\/grimosa.com.mx\/en\/wp-json\/wp\/v2\/media?parent=91"}],"curies":[{"name":"wp","href":"https:\/\/api.w.org\/{rel}","templated":true}]}}